{"id":117,"date":"2016-07-27T23:48:33","date_gmt":"2016-07-27T20:48:33","guid":{"rendered":"http:\/\/kaikkikuvaa.fi\/edu\/?page_id=117"},"modified":"2022-02-04T13:44:03","modified_gmt":"2022-02-04T11:44:03","slug":"esimerkkeja-kamerakynatyoskentelysta","status":"publish","type":"page","link":"https:\/\/kaikkikuvaa.fi\/edu\/kamerakynan-pedagogiikka\/esimerkkeja-kamerakynatyoskentelysta\/","title":{"rendered":"Esimerkkej\u00e4 ty\u00f6skentelyst\u00e4 eri oppiaineissa"},"content":{"rendered":"<p>[vc_row][vc_column][vc_empty_space][vc_column_text]Kamerakyn\u00e4n pedagogiikka ei ole kokoelma tiettyj\u00e4 menetelmi\u00e4, vaan tapa ajatella elokuvaa oppimisen v\u00e4lineen\u00e4. Mahdollisuuksia on rajattomasti. T\u00e4ll\u00e4 rastilla tutustut teht\u00e4viin, joita opettajat eri luokka-asteilla ovat omaan opetukseensa keksineet. Esimerkit on kuvattu oppitunneilla aidoissa tilanteissa. Videoiden alla olevasta punaisesta napista p\u00e4\u00e4set teht\u00e4v\u00e4pankkiin, jossa on tarjolla rutkasti lis\u00e4\u00e4 esimerkkej\u00e4 \u2013 kirjallisessa muodossa.[\/vc_column_text][\/vc_column][\/vc_row][vc_row][vc_column][\/vc_column][\/vc_row][vc_row][vc_column][vc_column_text]\n        <ul class=\"element element-nestedaccordion accordion\" data-accordion data-allow-all-closed=\"true\">\n    <li class=\"accordion-item \" data-accordion-item>\n            <a class=\"accordion-title accordion-styled-title\">\n                <h5 class=\"h\">\n                        Oppilaiden tuntity\u00f6skentely\u00e4 videoituna\n                <\/h5>\n            <\/a>\n        <div class=\"accordion-content\" data-tab-content><br \/>\n\n\t\t<section class=\"element element-kirjastovideo\">\n\t\t\t<div class=\"row\">\n\t\t\t\t<div class=\"small-12 medium-6 columns img-container-parent\">\n\t\t\t\t\t<iframe style=\"width: 100% !important; height: 100% !important;\" src=\"https:\/\/www.youtube.com\/embed\/0exEiTBXT9E?showinfo=0\" frameborder=\"0\" allowfullscreen><\/iframe>\n\t\t\t\t<\/div>\n\t\t\t\t<div class=\"small-12 medium-6 columns\">\n\t\t\t\t\t<div class=\"text-container\">\n\t\t\t\t\t\t<h5>Kev\u00e4\u00e4n merkkej\u00e4<\/h5><p>2.-luokkalaiset etsiv\u00e4t ja tunnistavat koulun pihalta kev\u00e4\u00e4n merkkej\u00e4.<\/p>\n\t\t\t\t\t<\/div>\n\t\t\t\t<\/div>\n\t\t\t<\/div>\n\t\t<\/section>\n\t<br \/>\n\n\t\t<section class=\"element element-kirjastovideo\">\n\t\t\t<div class=\"row\">\n\t\t\t\t<div class=\"small-12 medium-6 columns img-container-parent\">\n\t\t\t\t\t<iframe style=\"width: 100% !important; height: 100% !important;\" src=\"https:\/\/www.youtube.com\/embed\/6FrFwjzkm20?showinfo=0\" frameborder=\"0\" allowfullscreen><\/iframe>\n\t\t\t\t<\/div>\n\t\t\t\t<div class=\"small-12 medium-6 columns\">\n\t\t\t\t\t<div class=\"text-container\">\n\t\t\t\t\t\t<h5>Ketteryysrata<\/h5><p>2.\u20133.-luokkalaiset rakentavat liikuntasaliin ketteryysratoja ja kuvaavat toimintaohjeet.<\/p>\n\t\t\t\t\t<\/div>\n\t\t\t\t<\/div>\n\t\t\t<\/div>\n\t\t<\/section>\n\t<br \/>\n\n\t\t<section class=\"element element-kirjastovideo\">\n\t\t\t<div class=\"row\">\n\t\t\t\t<div class=\"small-12 medium-6 columns img-container-parent\">\n\t\t\t\t\t<iframe style=\"width: 100% !important; height: 100% !important;\" src=\"https:\/\/www.youtube.com\/embed\/FFLGhrcsw9k?showinfo=0\" frameborder=\"0\" allowfullscreen><\/iframe>\n\t\t\t\t<\/div>\n\t\t\t\t<div class=\"small-12 medium-6 columns\">\n\t\t\t\t\t<div class=\"text-container\">\n\t\t\t\t\t\t<h5>Uusia k\u00e4sitteit\u00e4<\/h5><p>4.-luokkalaiset havainnollistavat ymp\u00e4rist\u00f6- ja luonnontiedon oppikirjan vaikeita lauseita.<\/p>\n\t\t\t\t\t<\/div>\n\t\t\t\t<\/div>\n\t\t\t<\/div>\n\t\t<\/section>\n\t<br \/>\n\n\t\t<section class=\"element element-kirjastovideo\">\n\t\t\t<div class=\"row\">\n\t\t\t\t<div class=\"small-12 medium-6 columns img-container-parent\">\n\t\t\t\t\t<iframe style=\"width: 100% !important; height: 100% !important;\" src=\"https:\/\/www.youtube.com\/embed\/yExh8zh_DOc?showinfo=0\" frameborder=\"0\" allowfullscreen><\/iframe>\n\t\t\t\t<\/div>\n\t\t\t\t<div class=\"small-12 medium-6 columns\">\n\t\t\t\t\t<div class=\"text-container\">\n\t\t\t\t\t\t<h5>Laskutarina<\/h5><p>4.\u20135.-luokkalaiset harjoittelevat laskulausekkeita kuvaamalla ne.<\/p>\n\t\t\t\t\t<\/div>\n\t\t\t\t<\/div>\n\t\t\t<\/div>\n\t\t<\/section>\n\t<br \/>\n\n\t\t<section class=\"element element-kirjastovideo\">\n\t\t\t<div class=\"row\">\n\t\t\t\t<div class=\"small-12 medium-6 columns img-container-parent\">\n\t\t\t\t\t<iframe style=\"width: 100% !important; height: 100% !important;\" src=\"https:\/\/www.youtube.com\/embed\/kV4KBFJR2aA?showinfo=0\" frameborder=\"0\" allowfullscreen><\/iframe>\n\t\t\t\t<\/div>\n\t\t\t\t<div class=\"small-12 medium-6 columns\">\n\t\t\t\t\t<div class=\"text-container\">\n\t\t\t\t\t\t<h5>Kulmia<\/h5><p>4.\u20135.-luokkalaiset havainnollistavat erilaisia kulmia omalla kropallaan.<\/p>\n\t\t\t\t\t<\/div>\n\t\t\t\t<\/div>\n\t\t\t<\/div>\n\t\t<\/section>\n\t<br \/>\n\n\t\t<section class=\"element element-kirjastovideo\">\n\t\t\t<div class=\"row\">\n\t\t\t\t<div class=\"small-12 medium-6 columns img-container-parent\">\n\t\t\t\t\t<iframe style=\"width: 100% !important; height: 100% !important;\" src=\"https:\/\/www.youtube.com\/embed\/13zIvKhP-W8?showinfo=0\" frameborder=\"0\" allowfullscreen><\/iframe>\n\t\t\t\t<\/div>\n\t\t\t\t<div class=\"small-12 medium-6 columns\">\n\t\t\t\t\t<div class=\"text-container\">\n\t\t\t\t\t\t<h5>Pentatoninen s\u00e4vellys<\/h5><p>Alakoulun valinnaisryhm\u00e4 s\u00e4velt\u00e4\u00e4 ja taltioi pentatonisia melodioita.<\/p>\n\t\t\t\t\t<\/div>\n\t\t\t\t<\/div>\n\t\t\t<\/div>\n\t\t<\/section>\n\t<br \/>\n\n\t\t<section class=\"element element-kirjastovideo\">\n\t\t\t<div class=\"row\">\n\t\t\t\t<div class=\"small-12 medium-6 columns img-container-parent\">\n\t\t\t\t\t<iframe style=\"width: 100% !important; height: 100% !important;\" src=\"https:\/\/www.youtube.com\/embed\/NS832r5uZIM?showinfo=0\" frameborder=\"0\" allowfullscreen><\/iframe>\n\t\t\t\t<\/div>\n\t\t\t\t<div class=\"small-12 medium-6 columns\">\n\t\t\t\t\t<div class=\"text-container\">\n\t\t\t\t\t\t<h5>Tunteita ja tilanteita<\/h5><p>6.-luokkalaiset k\u00e4sittelev\u00e4t tunteita keksim\u00e4ll\u00e4 pieni\u00e4 tilanteita.<\/p>\n\t\t\t\t\t<\/div>\n\t\t\t\t<\/div>\n\t\t\t<\/div>\n\t\t<\/section>\n\t<br \/>\n\n\t\t<section class=\"element element-kirjastovideo\">\n\t\t\t<div class=\"row\">\n\t\t\t\t<div class=\"small-12 medium-6 columns img-container-parent\">\n\t\t\t\t\t<iframe style=\"width: 100% !important; height: 100% !important;\" src=\"https:\/\/www.youtube.com\/embed\/j5aDxfP4GuU?showinfo=0\" frameborder=\"0\" allowfullscreen><\/iframe>\n\t\t\t\t<\/div>\n\t\t\t\t<div class=\"small-12 medium-6 columns\">\n\t\t\t\t\t<div class=\"text-container\">\n\t\t\t\t\t\t<h5>Videoblogi Roomasta<\/h5><p>6.-luokkalaiset videobloggaavat antiikin Roomasta.<\/p>\n\t\t\t\t\t<\/div>\n\t\t\t\t<\/div>\n\t\t\t<\/div>\n\t\t<\/section>\n\t<br \/>\n\n\t\t<section class=\"element element-kirjastovideo\">\n\t\t\t<div class=\"row\">\n\t\t\t\t<div class=\"small-12 medium-6 columns img-container-parent\">\n\t\t\t\t\t<iframe style=\"width: 100% !important; height: 100% !important;\" src=\"https:\/\/www.youtube.com\/embed\/H78KFcrRD-M?showinfo=0\" frameborder=\"0\" allowfullscreen><\/iframe>\n\t\t\t\t<\/div>\n\t\t\t\t<div class=\"small-12 medium-6 columns\">\n\t\t\t\t\t<div class=\"text-container\">\n\t\t\t\t\t\t<h5>Weather report<\/h5><p>6.-luokkalaiset puhuvat s\u00e4\u00e4st\u00e4 englanniksi.<\/p>\n\t\t\t\t\t<\/div>\n\t\t\t\t<\/div>\n\t\t\t<\/div>\n\t\t<\/section>\n\t<br \/>\n\n\t\t<section class=\"element element-kirjastovideo\">\n\t\t\t<div class=\"row\">\n\t\t\t\t<div class=\"small-12 medium-6 columns img-container-parent\">\n\t\t\t\t\t<iframe style=\"width: 100% !important; height: 100% !important;\" src=\"https:\/\/www.youtube.com\/embed\/kUswFoTDt4U?showinfo=0\" frameborder=\"0\" allowfullscreen><\/iframe>\n\t\t\t\t<\/div>\n\t\t\t\t<div class=\"small-12 medium-6 columns\">\n\t\t\t\t\t<div class=\"text-container\">\n\t\t\t\t\t\t<h5>Piiri ja pinta-ala<\/h5><p>7.-luokkalaiset kertaavat piirin ja pinta-alan laskemista tekem\u00e4ll\u00e4 opetusvideot.<\/p>\n\t\t\t\t\t<\/div>\n\t\t\t\t<\/div>\n\t\t\t<\/div>\n\t\t<\/section>\n\t<br \/>\n\n\t\t<section class=\"element element-kirjastovideo\">\n\t\t\t<div class=\"row\">\n\t\t\t\t<div class=\"small-12 medium-6 columns img-container-parent\">\n\t\t\t\t\t<iframe style=\"width: 100% !important; height: 100% !important;\" src=\"https:\/\/www.youtube.com\/embed\/Ma6yORIO3i0?showinfo=0\" frameborder=\"0\" allowfullscreen><\/iframe>\n\t\t\t\t<\/div>\n\t\t\t\t<div class=\"small-12 medium-6 columns\">\n\t\t\t\t\t<div class=\"text-container\">\n\t\t\t\t\t\t<h5>P\u00e4ihdevalistusta<\/h5><p>8.-luokkalaiset havainnollistavat p\u00e4ihdevalistusta<\/p>\n\t\t\t\t\t<\/div>\n\t\t\t\t<\/div>\n\t\t\t<\/div>\n\t\t<\/section>\n\t<br \/>\n\t\n            <\/div><!-- \/.accordion-content -->\n        <\/li><!-- \/.accordion-item -->\n    \n        <\/ul>\n    [\/vc_column_text][\/vc_column][\/vc_row][vc_row][vc_column width=&#8221;1\/3&#8243;][\/vc_column][vc_column width=&#8221;1\/3&#8243;][vc_btn title=&#8221;KOULUTUKSEN SUORITTANEIDEN OPETTAJIEN KOKEILEMIA ESIMERKKITEHT\u00c4VI\u00c4&#8221; shape=&#8221;round&#8221; color=&#8221;juicy-pink&#8221; size=&#8221;lg&#8221; link=&#8221;url:%2Fedu%2Fopettajatehtavat||target:%20_blank|&#8221;][\/vc_column][vc_column width=&#8221;1\/3&#8243;][\/vc_column][\/vc_row][vc_row][vc_column][vc_empty_space][\/vc_column][\/vc_row][vc_row][vc_column]\n\t\t<div class='vc-mieti-loota' style='\n\t\t\tbackground-color: #dd3333;\n\t\t\tcolor: #ffffff;\n\t\t'>\n\t\t\t<h5 style='color: #ffffff;'><i class='fa fa-arrow-right'><\/i>Mieti<\/h5>\n\t\t\t<span style='color: #ffffff !important;'><p>Pohdi kunkin katsomasi esimerkin kohdalla:<\/p>\n<div class=\"row\">\n<div class=\"small-12 medium-6 columns\">\n<ul>\n<li>Mik\u00e4 on teht\u00e4v\u00e4n <strong>toiminnallinen tavoite<\/strong>?\n<ul>\n<li>1. Tutkitaan ja j\u00e4sennet\u00e4\u00e4n maailmaa<\/li>\n<li>2. Hahmotetaan ja havainnollistetaan<\/li>\n<li>3. Tuotetaan ja jaetaan tietoa<\/li>\n<li>4. Ilmaistaan itse\u00e4<\/li>\n<li>5. Vuorovaikutetaan<\/li>\n<li>6. Todennetaan oppimista<\/li>\n<\/ul>\n<\/li>\n<\/ul>\n<\/div>\n<div class=\"small-12 medium-6 columns\">\n<ul>\n<li>Miten kuvaaminen <strong>edist\u00e4\u00e4 oppimista<\/strong> teht\u00e4v\u00e4ss\u00e4?\n<ul>\n<li>1. Konkretisoi ja kuvallistaa<\/li>\n<li>2. J\u00e4sent\u00e4\u00e4 havaintoja ja ajatuksia<\/li>\n<li>3. Ohjaa tarkkaavaisuutta<\/li>\n<li>4. Ohjaa oppimisprosessia<\/li>\n<li>5. Lis\u00e4\u00e4 omistajuutta<\/li>\n<li>6. Tuottaa oppimista edist\u00e4vi\u00e4 emootioita<\/li>\n<\/ul>\n<\/li>\n<\/ul>\n<\/div>\n<\/div>\n<p>Halutessasi voit piipahtaa uudelleen <a style=\"color: #fff; text-decoration: underline;\" href=\"\/edu\/kamerakynan-pedagogiikka\/kuusi-tapaa\/\">edellisell\u00e4 rastilla<\/a>, jolla n\u00e4it\u00e4 otsikoita avattiin tarkemmin.<\/p>\n<\/span>\n\t\t<\/div>\n\t[\/vc_column][\/vc_row][vc_row][vc_column][vc_empty_space][\/vc_column][\/vc_row][vc_row][vc_column]\n\t\t<div class='vc-mieti-loota' style='\n\t\t\tbackground-color: #dd3333;\n\t\t\tcolor: #ffffff;\n\t\t'>\n\t\t\t<h5 style='color: #ffffff;'><i class='fa fa-arrow-right'><\/i>Mieti<\/h5>\n\t\t\t<span style='color: #ffffff !important;'><p>Kun olet katsonut haluamasi m\u00e4\u00e4r\u00e4n esimerkkej\u00e4, mieti<\/p>\n<ul>\n<li>Millainen on hyv\u00e4 kuvausteht\u00e4v\u00e4?<\/li>\n<li>Millainen on hyv\u00e4 katseluteht\u00e4v\u00e4?<\/li>\n<li>Millainen on oppilaan rooli kamerakyn\u00e4ty\u00f6skentelyss\u00e4?<\/li>\n<li>Millainen on opettajan rooli kamerakyn\u00e4ty\u00f6skentelyss\u00e4?<\/li>\n<\/ul>\n<\/span>\n\t\t<\/div>\n\t[\/vc_column][\/vc_row]<\/p>\n","protected":false},"excerpt":{"rendered":"<p>[vc_row][vc_column][vc_empty_space][vc_column_text]Kamerakyn\u00e4n pedagogiikka ei ole kokoelma tiettyj\u00e4 menetelmi\u00e4, vaan tapa ajatella elokuvaa oppimisen v\u00e4lineen\u00e4. Mahdollisuuksia on rajattomasti. T\u00e4ll\u00e4 rastilla tutustut teht\u00e4viin, joita opettajat eri luokka-asteilla ovat omaan opetukseensa keksineet. Esimerkit on kuvattu oppitunneilla aidoissa tilanteissa. Videoiden alla olevasta punaisesta napista p\u00e4\u00e4set teht\u00e4v\u00e4pankkiin, jossa on tarjolla rutkasti lis\u00e4\u00e4 esimerkkej\u00e4 \u2013 kirjallisessa muodossa.[\/vc_column_text][\/vc_column][\/vc_row][vc_row][vc_column][\/vc_column][\/vc_row][vc_row][vc_column][vc_column_text] [\/vc_column_text][\/vc_column][\/vc_row][vc_row][vc_column width=&#8221;1\/3&#8243;][\/vc_column][vc_column width=&#8221;1\/3&#8243;][vc_btn title=&#8221;KOULUTUKSEN SUORITTANEIDEN [&hellip;]<\/p>\n","protected":false},"author":1,"featured_media":0,"parent":42,"menu_order":3,"comment_status":"closed","ping_status":"closed","template":"page_polku_alasivu.php","meta":[],"_links":{"self":[{"href":"https:\/\/kaikkikuvaa.fi\/edu\/wp-json\/wp\/v2\/pages\/117"}],"collection":[{"href":"https:\/\/kaikkikuvaa.fi\/edu\/wp-json\/wp\/v2\/pages"}],"about":[{"href":"https:\/\/kaikkikuvaa.fi\/edu\/wp-json\/wp\/v2\/types\/page"}],"author":[{"embeddable":true,"href":"https:\/\/kaikkikuvaa.fi\/edu\/wp-json\/wp\/v2\/users\/1"}],"replies":[{"embeddable":true,"href":"https:\/\/kaikkikuvaa.fi\/edu\/wp-json\/wp\/v2\/comments?post=117"}],"version-history":[{"count":19,"href":"https:\/\/kaikkikuvaa.fi\/edu\/wp-json\/wp\/v2\/pages\/117\/revisions"}],"predecessor-version":[{"id":2577,"href":"https:\/\/kaikkikuvaa.fi\/edu\/wp-json\/wp\/v2\/pages\/117\/revisions\/2577"}],"up":[{"embeddable":true,"href":"https:\/\/kaikkikuvaa.fi\/edu\/wp-json\/wp\/v2\/pages\/42"}],"wp:attachment":[{"href":"https:\/\/kaikkikuvaa.fi\/edu\/wp-json\/wp\/v2\/media?parent=117"}],"curies":[{"name":"wp","href":"https:\/\/api.w.org\/{rel}","templated":true}]}}