{"id":121,"date":"2016-07-27T23:49:04","date_gmt":"2016-07-27T20:49:04","guid":{"rendered":"http:\/\/kaikkikuvaa.fi\/edu\/?page_id=121"},"modified":"2016-08-14T10:57:27","modified_gmt":"2016-08-14T07:57:27","slug":"tehtavan-toteuttaminen-oppilaiden-kanssa","status":"publish","type":"page","link":"https:\/\/kaikkikuvaa.fi\/edu\/kamerakynan-pedagogiikka\/tehtavan-toteuttaminen-oppilaiden-kanssa\/","title":{"rendered":"Teht\u00e4v\u00e4n toteuttaminen oppilaiden kanssa"},"content":{"rendered":"<p>[vc_row css=&#8221;.vc_custom_1470825909527{background-color: #ffffff !important;}&#8221;][vc_column width=&#8221;7\/12&#8243; offset=&#8221;vc_col-xs-12&#8243;][vc_column_text css=&#8221;.vc_custom_1470946126589{margin-left: 25px !important;}&#8221;]T\u00e4ll\u00e4 rastilla toteutat\u00a0suunnittelemasi kamerakyn\u00e4teht\u00e4v\u00e4n oppilaiden kanssa. Kun raportoit kokemuksesi teht\u00e4v\u00e4st\u00e4 koulutuspolun lopussa, saat diplomin koulutuksen suorittamisesta.\u00a0Onnea ensimm\u00e4iseen kokeiluun!<\/p>\n<p>Muista terveiset tuntemattomilta\u00a0kollegoiltasi:<\/p>\n<p><em><span style=\"font-weight: 400;\">&#8221;T\u00e4ss\u00e4 ei voi ep\u00e4onnistua.&#8221;<br \/>\n<\/span>&#8221;<span style=\"font-weight: 400;\">Anna ep\u00e4onnistumismahdollisuus oppilaille ja itsellesi.&#8221;<br \/>\n&#8221;Try, fail, repeat!&#8221;<\/span><\/em>[\/vc_column_text][\/vc_column][vc_column width=&#8221;5\/12&#8243; offset=&#8221;vc_col-xs-12&#8243;][vc_single_image image=&#8221;470&#8243; img_size=&#8221;large&#8221; css=&#8221;.vc_custom_1470939770291{margin-right: 20px !important;}&#8221;][\/vc_column][\/vc_row][vc_row][vc_column]\n\t\t<div class='vc-mieti-loota' style='\n\t\t\tbackground-color: #dd3333;\n\t\t\tcolor: #ffffff;\n\t\t'>\n\t\t\t<h5 style='color: #ffffff;'><i class='fa fa-arrow-right'><\/i>Mieti<\/h5>\n\t\t\t<span style='color: #ffffff !important;'><p>Havainnoi oppilaiden suhtautumista uuteen ty\u00f6tapaan. Kiinnit\u00e4 huomiota esim. tarkkaavaisuuteen, vuorovaikutukseen ja motivaatioon.<\/p>\n<\/span>\n\t\t<\/div>\n\t[\/vc_column][\/vc_row]<\/p>\n","protected":false},"excerpt":{"rendered":"<p>[vc_row css=&#8221;.vc_custom_1470825909527{background-color: #ffffff !important;}&#8221;][vc_column width=&#8221;7\/12&#8243; offset=&#8221;vc_col-xs-12&#8243;][vc_column_text css=&#8221;.vc_custom_1470946126589{margin-left: 25px !important;}&#8221;]T\u00e4ll\u00e4 rastilla toteutat\u00a0suunnittelemasi kamerakyn\u00e4teht\u00e4v\u00e4n oppilaiden kanssa. Kun raportoit kokemuksesi teht\u00e4v\u00e4st\u00e4 koulutuspolun lopussa, saat diplomin koulutuksen suorittamisesta.\u00a0Onnea ensimm\u00e4iseen kokeiluun! Muista terveiset tuntemattomilta\u00a0kollegoiltasi: &#8221;T\u00e4ss\u00e4 ei voi ep\u00e4onnistua.&#8221; &#8221;Anna ep\u00e4onnistumismahdollisuus oppilaille ja itsellesi.&#8221; &#8221;Try, fail, repeat!&#8221;[\/vc_column_text][\/vc_column][vc_column width=&#8221;5\/12&#8243; offset=&#8221;vc_col-xs-12&#8243;][vc_single_image image=&#8221;470&#8243; img_size=&#8221;large&#8221; css=&#8221;.vc_custom_1470939770291{margin-right: 20px !important;}&#8221;][\/vc_column][\/vc_row][vc_row][vc_column][\/vc_column][\/vc_row]<\/p>\n","protected":false},"author":1,"featured_media":0,"parent":42,"menu_order":5,"comment_status":"closed","ping_status":"closed","template":"page_polku_alasivu.php","meta":[],"_links":{"self":[{"href":"https:\/\/kaikkikuvaa.fi\/edu\/wp-json\/wp\/v2\/pages\/121"}],"collection":[{"href":"https:\/\/kaikkikuvaa.fi\/edu\/wp-json\/wp\/v2\/pages"}],"about":[{"href":"https:\/\/kaikkikuvaa.fi\/edu\/wp-json\/wp\/v2\/types\/page"}],"author":[{"embeddable":true,"href":"https:\/\/kaikkikuvaa.fi\/edu\/wp-json\/wp\/v2\/users\/1"}],"replies":[{"embeddable":true,"href":"https:\/\/kaikkikuvaa.fi\/edu\/wp-json\/wp\/v2\/comments?post=121"}],"version-history":[{"count":15,"href":"https:\/\/kaikkikuvaa.fi\/edu\/wp-json\/wp\/v2\/pages\/121\/revisions"}],"predecessor-version":[{"id":635,"href":"https:\/\/kaikkikuvaa.fi\/edu\/wp-json\/wp\/v2\/pages\/121\/revisions\/635"}],"up":[{"embeddable":true,"href":"https:\/\/kaikkikuvaa.fi\/edu\/wp-json\/wp\/v2\/pages\/42"}],"wp:attachment":[{"href":"https:\/\/kaikkikuvaa.fi\/edu\/wp-json\/wp\/v2\/media?parent=121"}],"curies":[{"name":"wp","href":"https:\/\/api.w.org\/{rel}","templated":true}]}}