{"id":1249,"date":"2017-07-31T15:38:21","date_gmt":"2017-07-31T12:38:21","guid":{"rendered":"http:\/\/kaikkikuvaa.fi\/edu\/?page_id=1249"},"modified":"2022-10-05T15:06:40","modified_gmt":"2022-10-05T12:06:40","slug":"esimerkkeja-tyoskentelysta-eri-oppiaineissa","status":"publish","type":"page","link":"https:\/\/kaikkikuvaa.fi\/edu\/kamerakynan-pedagogiikka-varhaiskasvattajille-polku\/esimerkkeja-tyoskentelysta-eri-oppiaineissa\/","title":{"rendered":"Esimerkkej\u00e4 kamerakyn\u00e4-ty\u00f6skentelyst\u00e4 p\u00e4iv\u00e4kodissa"},"content":{"rendered":"<p>[vc_row][vc_column][vc_empty_space][vc_column_text]<span style=\"font-weight: 400;\">Kamerakyn\u00e4n pedagogiikka ei ole kokoelma tiettyj\u00e4 menetelmi\u00e4, vaan tapa ajatella elokuvaa oppimisen v\u00e4lineen\u00e4. Mahdollisuuksia on rajattomasti. T\u00e4ll\u00e4 rastilla tutustut teht\u00e4viin, joita varhaiskasvatuksen opettajat ovat omaan opetukseensa keksineet. Esimerkit on kuvattu dokumentaarisesti p\u00e4iv\u00e4kodeissa, autenttisissa tilanteissa. Videoiden allaolevasta linkist\u00e4 l\u00f6yd\u00e4t rutkasti lis\u00e4\u00e4 esimerkkej\u00e4 \u2013 kirjallisessa muodossa.<\/span>[\/vc_column_text][\/vc_column][\/vc_row][vc_row][vc_column][vc_column_text]\n        <ul class=\"element element-nestedaccordion accordion\" data-accordion data-allow-all-closed=\"true\">\n    <li class=\"accordion-item \" data-accordion-item>\n            <a class=\"accordion-title accordion-styled-title\">\n                <h5 class=\"h\">\n                        Lasten ty\u00f6skentely\u00e4 videoituna\n                <\/h5>\n            <\/a>\n        <div class=\"accordion-content\" data-tab-content><br \/>\n\n\t\t<section class=\"element element-kirjastovideo\">\n\t\t\t<div class=\"row\">\n\t\t\t\t<div class=\"small-12 medium-6 columns img-container-parent\">\n\t\t\t\t\t<iframe style=\"width: 100% !important; height: 100% !important;\" src=\"https:\/\/www.youtube.com\/embed\/QIA6v5RXEWc?showinfo=0\" frameborder=\"0\" allowfullscreen><\/iframe>\n\t\t\t\t<\/div>\n\t\t\t\t<div class=\"small-12 medium-6 columns\">\n\t\t\t\t\t<div class=\"text-container\">\n\t\t\t\t\t\t<h5>Turvallinen ja vaarallinen<\/h5><p>P\u00e4iv\u00e4koti Korallin mets\u00e4eskariryhm\u00e4 pohtii eri paikkojen turvallisuutta.<\/p>\n\t\t\t\t\t<\/div>\n\t\t\t\t<\/div>\n\t\t\t<\/div>\n\t\t<\/section>\n\t<br \/>\n\n\t\t<section class=\"element element-kirjastovideo\">\n\t\t\t<div class=\"row\">\n\t\t\t\t<div class=\"small-12 medium-6 columns img-container-parent\">\n\t\t\t\t\t<iframe style=\"width: 100% !important; height: 100% !important;\" src=\"https:\/\/www.youtube.com\/embed\/g8KXD1LOa9w?showinfo=0\" frameborder=\"0\" allowfullscreen><\/iframe>\n\t\t\t\t<\/div>\n\t\t\t\t<div class=\"small-12 medium-6 columns\">\n\t\t\t\t\t<div class=\"text-container\">\n\t\t\t\t\t\t<h5>Mik\u00e4 alkukirjain?<\/h5><p>P\u00e4iv\u00e4koti Myllytontun kielikylpyryhm\u00e4n eskarit etsiv\u00e4t samalla kirjaimella alkavia asioita. Tekstitetty suomeksi.<\/p>\n\t\t\t\t\t<\/div>\n\t\t\t\t<\/div>\n\t\t\t<\/div>\n\t\t<\/section>\n\t<br \/>\n\n\t\t<section class=\"element element-kirjastovideo\">\n\t\t\t<div class=\"row\">\n\t\t\t\t<div class=\"small-12 medium-6 columns img-container-parent\">\n\t\t\t\t\t<iframe style=\"width: 100% !important; height: 100% !important;\" src=\"https:\/\/www.youtube.com\/embed\/RVH7yxpqXJ4?showinfo=0\" frameborder=\"0\" allowfullscreen><\/iframe>\n\t\t\t\t<\/div>\n\t\t\t\t<div class=\"small-12 medium-6 columns\">\n\t\t\t\t\t<div class=\"text-container\">\n\t\t\t\t\t\t<h5>Muotoja<\/h5><p>P\u00e4iv\u00e4koti Vaapukan viisivuotiaiden ryhm\u00e4 tunnistaa erilaisia muotoja kuvaamalla niit\u00e4.<\/p>\n\t\t\t\t\t<\/div>\n\t\t\t\t<\/div>\n\t\t\t<\/div>\n\t\t<\/section>\n\t<br \/>\n\n\t\t<section class=\"element element-kirjastovideo\">\n\t\t\t<div class=\"row\">\n\t\t\t\t<div class=\"small-12 medium-6 columns img-container-parent\">\n\t\t\t\t\t<iframe style=\"width: 100% !important; height: 100% !important;\" src=\"https:\/\/www.youtube.com\/embed\/f85IR0ZE4g0?showinfo=0\" frameborder=\"0\" allowfullscreen><\/iframe>\n\t\t\t\t<\/div>\n\t\t\t\t<div class=\"small-12 medium-6 columns\">\n\t\t\t\t\t<div class=\"text-container\">\n\t\t\t\t\t\t<h5>Min\u00e4 osaan<\/h5><p>P\u00e4iv\u00e4koti Franzenian eskarit esittelev\u00e4t toisilleen taitojaan.<\/p>\n\t\t\t\t\t<\/div>\n\t\t\t\t<\/div>\n\t\t\t<\/div>\n\t\t<\/section>\n\t<br \/>\n\n\t\t<section class=\"element element-kirjastovideo\">\n\t\t\t<div class=\"row\">\n\t\t\t\t<div class=\"small-12 medium-6 columns img-container-parent\">\n\t\t\t\t\t<iframe style=\"width: 100% !important; height: 100% !important;\" src=\"https:\/\/www.youtube.com\/embed\/0wsZOzFyl9I?showinfo=0\" frameborder=\"0\" allowfullscreen><\/iframe>\n\t\t\t\t<\/div>\n\t\t\t\t<div class=\"small-12 medium-6 columns\">\n\t\t\t\t\t<div class=\"text-container\">\n\t\t\t\t\t\t<h5>Eskari tutuksi<\/h5><p>P\u00e4iv\u00e4koti Katajanokan eskarit piilottavat pandalelua eri paikkoihin ja samalla k\u00e4y selv\u00e4ksi, kuinka hyvin paikat ovat tulleet tutuiksi.<\/p>\n\t\t\t\t\t<\/div>\n\t\t\t\t<\/div>\n\t\t\t<\/div>\n\t\t<\/section>\n\t<br \/>\n\n\t\t<section class=\"element element-kirjastovideo\">\n\t\t\t<div class=\"row\">\n\t\t\t\t<div class=\"small-12 medium-6 columns img-container-parent\">\n\t\t\t\t\t<iframe style=\"width: 100% !important; height: 100% !important;\" src=\"https:\/\/www.youtube.com\/embed\/7F1qWJPUozw?showinfo=0\" frameborder=\"0\" allowfullscreen><\/iframe>\n\t\t\t\t<\/div>\n\t\t\t\t<div class=\"small-12 medium-6 columns\">\n\t\t\t\t\t<div class=\"text-container\">\n\t\t\t\t\t\t<h5>Eskarin s\u00e4\u00e4nn\u00f6t<\/h5><p>P\u00e4iv\u00e4koti Franzenian eskarit tekev\u00e4t videoita p\u00e4iv\u00e4kodin s\u00e4\u00e4nn\u00f6ist\u00e4.<\/p>\n\t\t\t\t\t<\/div>\n\t\t\t\t<\/div>\n\t\t\t<\/div>\n\t\t<\/section>\n\t\t\n            <\/div><!-- \/.accordion-content -->\n        <\/li><!-- \/.accordion-item -->\n    \n        <\/ul>\n    [\/vc_column_text][\/vc_column][\/vc_row][vc_row][vc_column][vc_empty_space][\/vc_column][\/vc_row][vc_row][vc_column width=&#8221;2\/6&#8243;][\/vc_column][vc_column width=&#8221;2\/6&#8243;][vc_btn title=&#8221;KOULUTUKSEN SUORITTANEIDEN OPETTAJIEN KOKEILEMIA ESIMERKKITEHT\u00c4VI\u00c4&#8221; shape=&#8221;round&#8221; color=&#8221;juicy-pink&#8221; size=&#8221;lg&#8221; link=&#8221;url:%2Fedu%2Fopettajatehtavat|title:Linkki%20avautuu%20uuteen%20v%C3%A4lilehteen|target:%20_blank|&#8221;][\/vc_column][vc_column width=&#8221;2\/6&#8243;][\/vc_column][\/vc_row][vc_row][vc_column][vc_empty_space][\/vc_column][\/vc_row][vc_row][vc_column]\n\t\t<div class='vc-mieti-loota' style='\n\t\t\tbackground-color: #dd3333;\n\t\t\tcolor: #ffffff;\n\t\t'>\n\t\t\t<h5 style='color: #ffffff;'><i class='fa fa-arrow-right'><\/i>Mieti<\/h5>\n\t\t\t<span style='color: #ffffff !important;'><p>Pohdi kunkin teht\u00e4v\u00e4esimerkin kohdalla:<\/p>\n<div class=\"row\">\n<div class=\"small-12 medium-6 columns\">\n<ul>\n<li>Mik\u00e4 on teht\u00e4v\u00e4n <strong>toiminnallinen tavoite<\/strong>?\n<ul>\n<li>1. Tutkitaan ja j\u00e4sennet\u00e4\u00e4n maailmaa<\/li>\n<li>2. Hahmotetaan ja havainnollistetaan<\/li>\n<li>3. Tuotetaan ja jaetaan tietoa<\/li>\n<li>4. Ilmaistaan itse\u00e4<\/li>\n<li>5. Vuorovaikutetaan<\/li>\n<li>6. Todennetaan oppimista<\/li>\n<\/ul>\n<\/li>\n<\/ul>\n<\/div>\n<div class=\"small-12 medium-6 columns\">\n<ul>\n<li>Miten kuvaaminen <strong>edist\u00e4\u00e4 oppimista<\/strong> teht\u00e4v\u00e4ss\u00e4?\n<ul>\n<li>1. Konkretisoi ja kuvallistaa<\/li>\n<li>2. J\u00e4sent\u00e4\u00e4 havaintoja ja ajatuksia<\/li>\n<li>3. Ohjaa tarkkaavaisuutta<\/li>\n<li>4. Ohjaa oppimisprosessia<\/li>\n<li>5. Lis\u00e4\u00e4 omistajuutta<\/li>\n<li>6. Tuottaa oppimista edist\u00e4vi\u00e4 emootioita<\/li>\n<\/ul>\n<\/li>\n<\/ul>\n<\/div>\n<\/div>\n<p>Halutessasi voit piipahtaa uudelleen <a style=\"color: #fff; text-decoration: underline;\" href=\"\/edu\/kamerakynan-pedagogiikka-esiopettajille-polku\/miten-kuvaaminen-auttaa-oppimaan\/\">edellisell\u00e4 rastilla<\/a>, jolla n\u00e4it\u00e4 otsikoita avattiin tarkemmin.<\/p>\n<\/span>\n\t\t<\/div>\n\t[\/vc_column][\/vc_row][vc_row][vc_column][vc_empty_space][\/vc_column][\/vc_row][vc_row][vc_column]\n\t\t<div class='vc-mieti-loota' style='\n\t\t\tbackground-color: #dd3333;\n\t\t\tcolor: #ffffff;\n\t\t'>\n\t\t\t<h5 style='color: #ffffff;'><i class='fa fa-arrow-right'><\/i>Mieti<\/h5>\n\t\t\t<span style='color: #ffffff !important;'><p>Kun olet tutustunut teht\u00e4v\u00e4esimerkkeihin, mieti:<\/p>\n<ul>\n<li>Millainen on hyv\u00e4 kuvausteht\u00e4v\u00e4?<\/li>\n<li>Millainen on hyv\u00e4 katseluteht\u00e4v\u00e4?<\/li>\n<li>Millainen on lapsen rooli kamerakyn\u00e4ty\u00f6skentelyss\u00e4?<\/li>\n<li>Millainen on opettajan rooli kamerakyn\u00e4ty\u00f6skentelyss\u00e4?<\/li>\n<\/ul>\n<\/span>\n\t\t<\/div>\n\t[\/vc_column][\/vc_row]<\/p>\n","protected":false},"excerpt":{"rendered":"<p>[vc_row][vc_column][vc_empty_space][vc_column_text]Kamerakyn\u00e4n pedagogiikka ei ole kokoelma tiettyj\u00e4 menetelmi\u00e4, vaan tapa ajatella elokuvaa oppimisen v\u00e4lineen\u00e4. Mahdollisuuksia on rajattomasti. T\u00e4ll\u00e4 rastilla tutustut teht\u00e4viin, joita varhaiskasvatuksen opettajat ovat omaan opetukseensa keksineet. Esimerkit on kuvattu dokumentaarisesti p\u00e4iv\u00e4kodeissa, autenttisissa tilanteissa. Videoiden allaolevasta linkist\u00e4 l\u00f6yd\u00e4t rutkasti lis\u00e4\u00e4 esimerkkej\u00e4 \u2013 kirjallisessa muodossa.[\/vc_column_text][\/vc_column][\/vc_row][vc_row][vc_column][vc_column_text] [\/vc_column_text][\/vc_column][\/vc_row][vc_row][vc_column][vc_empty_space][\/vc_column][\/vc_row][vc_row][vc_column width=&#8221;2\/6&#8243;][\/vc_column][vc_column width=&#8221;2\/6&#8243;][vc_btn title=&#8221;KOULUTUKSEN SUORITTANEIDEN OPETTAJIEN KOKEILEMIA ESIMERKKITEHT\u00c4VI\u00c4&#8221; shape=&#8221;round&#8221; color=&#8221;juicy-pink&#8221; size=&#8221;lg&#8221; [&hellip;]<\/p>\n","protected":false},"author":1,"featured_media":0,"parent":1241,"menu_order":3,"comment_status":"closed","ping_status":"closed","template":"page_polku_alasivu.php","meta":[],"_links":{"self":[{"href":"https:\/\/kaikkikuvaa.fi\/edu\/wp-json\/wp\/v2\/pages\/1249"}],"collection":[{"href":"https:\/\/kaikkikuvaa.fi\/edu\/wp-json\/wp\/v2\/pages"}],"about":[{"href":"https:\/\/kaikkikuvaa.fi\/edu\/wp-json\/wp\/v2\/types\/page"}],"author":[{"embeddable":true,"href":"https:\/\/kaikkikuvaa.fi\/edu\/wp-json\/wp\/v2\/users\/1"}],"replies":[{"embeddable":true,"href":"https:\/\/kaikkikuvaa.fi\/edu\/wp-json\/wp\/v2\/comments?post=1249"}],"version-history":[{"count":24,"href":"https:\/\/kaikkikuvaa.fi\/edu\/wp-json\/wp\/v2\/pages\/1249\/revisions"}],"predecessor-version":[{"id":2703,"href":"https:\/\/kaikkikuvaa.fi\/edu\/wp-json\/wp\/v2\/pages\/1249\/revisions\/2703"}],"up":[{"embeddable":true,"href":"https:\/\/kaikkikuvaa.fi\/edu\/wp-json\/wp\/v2\/pages\/1241"}],"wp:attachment":[{"href":"https:\/\/kaikkikuvaa.fi\/edu\/wp-json\/wp\/v2\/media?parent=1249"}],"curies":[{"name":"wp","href":"https:\/\/api.w.org\/{rel}","templated":true}]}}