{"id":127,"date":"2016-07-27T23:49:51","date_gmt":"2016-07-27T20:49:51","guid":{"rendered":"http:\/\/kaikkikuvaa.fi\/edu\/?page_id=127"},"modified":"2018-05-15T13:39:11","modified_gmt":"2018-05-15T10:39:11","slug":"lopuksi","status":"publish","type":"page","link":"https:\/\/kaikkikuvaa.fi\/edu\/kamerakynan-pedagogiikka\/lopuksi\/","title":{"rendered":"Lopuksi"},"content":{"rendered":"<p>[vc_row css=&#8221;.vc_custom_1470426257255{background-color: #ffffff !important;}&#8221;][vc_column][vc_column_text css=&#8221;.vc_custom_1503069360052{background-color: #ffffff !important;}&#8221;]<strong>Olet edennyt polulla hienosti! Viel\u00e4 on j\u00e4ljell\u00e4 viimeinen rutistus, eli suorituslomakkeen t\u00e4ytt\u00e4minen.<\/strong><\/p>\n<p>T\u00e4ytetty\u00e4si allaolevan lomakkeen voit palata koulutuspolun materiaaleihin aina halutessasi ilman uutta ilmoittautumista. Koulutuksen sis\u00e4lt\u00f6\u00a0on koottu helposti selailtavaksi my\u00f6s sivuston <a title=\"Linkki avautuu uuteen v\u00e4lilehteen\" href=\"\/edu\/kirjasto\/\" target=\"_blank\">kirjastoon<\/a>. Kerromme lis\u00e4\u00e4 vinkkej\u00e4 jatkosta viel\u00e4 suorituslomakkeen j\u00e4lkeen.[\/vc_column_text][vc_column_text css=&#8221;.vc_custom_1480093082289{margin-right: 30px !important;margin-left: 30px !important;padding-top: 20px !important;padding-right: 20px !important;padding-bottom: 20px !important;padding-left: 20px !important;background-color: #d8ef9e !important;}&#8221;]<\/p>\n<p style=\"font-size: 14px;\"><strong>Meille on t\u00e4rke\u00e4\u00e4, ett\u00e4 t\u00e4yt\u00e4t alla olevan suorituslomakkeen.<\/strong> Vain sen avulla\u00a0p\u00e4\u00e4semme t\u00e4ytt\u00e4m\u00e4\u00e4n raportointivelvollisuutemme Opetushallitukselle koskien koulutuksen hy\u00f6dyllisyyden arviointia ja osallistuneiden opettajien m\u00e4\u00e4r\u00e4\u00e4.\u00a0Lis\u00e4ksi pyyd\u00e4mme sinulta palautetta hyvist\u00e4 ja huonoista hetkist\u00e4 koulutuspolullamme. Erityisesti meit\u00e4 kiinnostaa, miten voisimme tehd\u00e4 koulutuksesta yh\u00e4 paremman. Koulutusta on kehitetty yhdess\u00e4 opettajien kanssa ja haluamme tehd\u00e4 niin jatkossakin: sinun mielipiteesi on meille arvokas!<\/p>\n<p>[\/vc_column_text]<div role=\"form\" class=\"wpcf7\" id=\"wpcf7-f1904-o1\" lang=\"fi\" dir=\"ltr\">\n<div class=\"screen-reader-response\"><p role=\"status\" aria-live=\"polite\" aria-atomic=\"true\"><\/p> <ul><\/ul><\/div>\n<form action=\"\/edu\/wp-json\/wp\/v2\/pages\/127#wpcf7-f1904-o1\" method=\"post\" class=\"wpcf7-form init\" novalidate=\"novalidate\" data-status=\"init\">\n<div style=\"display: none;\">\n<input type=\"hidden\" name=\"_wpcf7\" value=\"1904\" \/>\n<input type=\"hidden\" name=\"_wpcf7_version\" value=\"5.6.3\" \/>\n<input type=\"hidden\" name=\"_wpcf7_locale\" value=\"fi\" \/>\n<input type=\"hidden\" name=\"_wpcf7_unit_tag\" value=\"wpcf7-f1904-o1\" \/>\n<input type=\"hidden\" name=\"_wpcf7_container_post\" value=\"0\" \/>\n<input type=\"hidden\" name=\"_wpcf7_posted_data_hash\" value=\"\" \/>\n<\/div>\n<p>\n<h3>Koulutuksen suorituslomake<\/h3>\n<\/p>\n<p>\n<h5 style=\"margin: 2em 0;\">Omat tiedot (jokainen ryhm\u00e4ss\u00e4 t\u00e4ytt\u00e4\u00e4 erikseen)<\/h5>\n<p><i>Henkil\u00f6tiedot ja vastaukset k\u00e4sitell\u00e4\u00e4n erill\u00e4\u00e4n toisistaan.<\/i> <a href=\"\/edu\/rekisteriseloste\" target=\"_blank\" title=\"Linkki avautuu uuteen v\u00e4lilehteen\">Rekisteriseloste<\/a><\/p>\n<p><strong>Nimi<\/strong><br \/>\n    <span class=\"wpcf7-form-control-wrap\" data-name=\"nimi\"><input type=\"text\" name=\"nimi\" value=\"\" size=\"40\" class=\"wpcf7-form-control wpcf7-text wpcf7-validates-as-required\" aria-required=\"true\" aria-invalid=\"false\" \/><\/span> <\/p>\n<p><strong>S\u00e4hk\u00f6posti<\/strong> (sama kuin ilmoittautuessa)<br \/>\n    <span class=\"wpcf7-form-control-wrap\" data-name=\"email\"><input type=\"email\" name=\"email\" value=\"\" size=\"40\" class=\"wpcf7-form-control wpcf7-text wpcf7-email wpcf7-validates-as-required wpcf7-validates-as-email\" aria-required=\"true\" aria-invalid=\"false\" \/><\/span> <\/p>\n<p><strong>Ik\u00e4<\/strong><br \/>\n    <span class=\"wpcf7-form-control-wrap\" data-name=\"ika\"><select name=\"ika\" class=\"wpcf7-form-control wpcf7-select wpcf7-validates-as-required\" aria-required=\"true\" aria-invalid=\"false\"><option value=\"\">---<\/option><option value=\"Alle 20-vuotias\">Alle 20-vuotias<\/option><option value=\"20\u201329 -vuotias\">20\u201329 -vuotias<\/option><option value=\"30\u201339 -vuotias\">30\u201339 -vuotias<\/option><option value=\"40\u201349-vuotias\">40\u201349-vuotias<\/option><option value=\"50\u201359 -vuotias\">50\u201359 -vuotias<\/option><option value=\"yli 60-vuotias\">yli 60-vuotias<\/option><\/select><\/span><\/p>\n<p><strong>Sukupuoli<\/strong><br \/>\n    <span class=\"wpcf7-form-control-wrap\" data-name=\"sukupuoli\"><select name=\"sukupuoli\" class=\"wpcf7-form-control wpcf7-select wpcf7-validates-as-required\" aria-required=\"true\" aria-invalid=\"false\"><option value=\"\">---<\/option><option value=\"nainen\">nainen<\/option><option value=\"mies\">mies<\/option><option value=\"muu\">muu<\/option><\/select><\/span><\/p>\n<p><strong>Mik\u00e4 on \u00e4idinkielesi?<\/strong><br \/>\n    <span class=\"wpcf7-form-control-wrap\" data-name=\"aidinkieli\"><select name=\"aidinkieli\" class=\"wpcf7-form-control wpcf7-select wpcf7-validates-as-required\" aria-required=\"true\" aria-invalid=\"false\"><option value=\"\">---<\/option><option value=\"suomi\">suomi<\/option><option value=\"ruotsi\">ruotsi<\/option><option value=\"muu\">muu<\/option><\/select><\/span><\/p>\n<p><strong><span class=\"wpcf7-form-control-wrap\" data-name=\"ammatti\"><span class=\"wpcf7-form-control wpcf7-checkbox\"><span class=\"wpcf7-list-item first\"><input type=\"checkbox\" name=\"ammatti[]\" value=\"Luokanopettaja\" \/><span class=\"wpcf7-list-item-label\">Luokanopettaja<\/span><\/span><span class=\"wpcf7-list-item\"><input type=\"checkbox\" name=\"ammatti[]\" value=\"Aineenopettaja\" \/><span class=\"wpcf7-list-item-label\">Aineenopettaja<\/span><\/span><span class=\"wpcf7-list-item last has-free-text\"><input type=\"checkbox\" name=\"ammatti[]\" value=\"Muu, mik\u00e4?\" \/><span class=\"wpcf7-list-item-label\">Muu, mik\u00e4?<\/span> <input type=\"text\" name=\"ammatti_free_text\" class=\"wpcf7-free-text\" \/><\/span><\/span><\/span><\/strong><\/p>\n<p><strong>Paikkakunta<\/strong><br \/>\n    <span class=\"wpcf7-form-control-wrap\" data-name=\"paikkakunta\"><input type=\"text\" name=\"paikkakunta\" value=\"\" size=\"40\" class=\"wpcf7-form-control wpcf7-text wpcf7-validates-as-required\" aria-required=\"true\" aria-invalid=\"false\" \/><\/span> <\/p>\n<p><strong>Koulu<\/strong><br \/>\n    <span class=\"wpcf7-form-control-wrap\" data-name=\"koulu\"><input type=\"text\" name=\"koulu\" value=\"\" size=\"40\" class=\"wpcf7-form-control wpcf7-text\" aria-invalid=\"false\" \/><\/span> <\/p>\n<p><strong>Kuinka pitk\u00e4 kokemus sinulla on alasi teht\u00e4vist\u00e4?<\/strong><br \/>\n    <span class=\"wpcf7-form-control-wrap\" data-name=\"kokemus\"><select name=\"kokemus\" class=\"wpcf7-form-control wpcf7-select wpcf7-validates-as-required\" aria-required=\"true\" aria-invalid=\"false\"><option value=\"\">---<\/option><option value=\"0-3 vuotta\">0-3 vuotta<\/option><option value=\"4-10 vuotta\">4-10 vuotta<\/option><option value=\"11-20 vuotta\">11-20 vuotta<\/option><option value=\"21-30 vuotta\">21-30 vuotta<\/option><option value=\"yli 30 vuotta\">yli 30 vuotta<\/option><\/select><\/span><\/p>\n<p><strong>Osiot, jotka suoritin<\/strong><br \/>\n    <span class=\"wpcf7-form-control-wrap\" data-name=\"kamerakyna-palaute-suoritetut-osiot\"><span class=\"wpcf7-form-control wpcf7-checkbox wpcf7-validates-as-required\"><span class=\"wpcf7-list-item first\"><input type=\"checkbox\" name=\"kamerakyna-palaute-suoritetut-osiot[]\" value=\"Kamerakyn\u00e4n pedagogiikka -polku\" \/><span class=\"wpcf7-list-item-label\">Kamerakyn\u00e4n pedagogiikka -polku<\/span><\/span><span class=\"wpcf7-list-item\"><input type=\"checkbox\" name=\"kamerakyna-palaute-suoritetut-osiot[]\" value=\"Kamerakyn\u00e4-teht\u00e4v\u00e4n suunnittelu ja toteuttaminen omien oppilaiden kanssa\" \/><span class=\"wpcf7-list-item-label\">Kamerakyn\u00e4-teht\u00e4v\u00e4n suunnittelu ja toteuttaminen omien oppilaiden kanssa<\/span><\/span><span class=\"wpcf7-list-item last\"><input type=\"checkbox\" name=\"kamerakyna-palaute-suoritetut-osiot[]\" value=\"Elokuvan kolme perusasiaa -polku\" \/><span class=\"wpcf7-list-item-label\">Elokuvan kolme perusasiaa -polku<\/span><\/span><\/span><\/span><\/p>\n<p><strong>Suoritin koulutuksen...<\/strong><br \/>\n    <span class=\"wpcf7-form-control-wrap\" data-name=\"suoritinkoulutuksen\"><span class=\"wpcf7-form-control wpcf7-radio\"><span class=\"wpcf7-list-item first\"><input type=\"radio\" name=\"suoritinkoulutuksen\" value=\"Yksin\" \/><span class=\"wpcf7-list-item-label\">Yksin<\/span><\/span><span class=\"wpcf7-list-item\"><input type=\"radio\" name=\"suoritinkoulutuksen\" value=\"Ty\u00f6parin kanssa\" \/><span class=\"wpcf7-list-item-label\">Ty\u00f6parin kanssa<\/span><\/span><span class=\"wpcf7-list-item last\"><input type=\"radio\" name=\"suoritinkoulutuksen\" value=\"Ryhm\u00e4ss\u00e4\" \/><span class=\"wpcf7-list-item-label\">Ryhm\u00e4ss\u00e4<\/span><\/span><\/span><\/span><\/p>\n<\/p>\n<p>\n<h5 style=\"margin: 2em 0;\">Kamerakyn\u00e4-teht\u00e4v\u00e4n raportointi<\/h5>\n<p><i>L\u00e4het\u00e4mme diplomin kaikille Kaikki kuvaa EDU -kamerakyn\u00e4koulutuksen suorittaneille opettajille. Hyv\u00e4ksytyn suorituksen edellytyksen\u00e4 on oppilaiden kanssa toteutetun kamerakyn\u00e4-teht\u00e4v\u00e4n raportointi. Lis\u00e4\u00e4mme uudet kamerakyn\u00e4teht\u00e4v\u00e4t <a href=\"\/edu\/opettajatehtavat\/\" target=\"_blank\" title=\"Sivu avautuu uuteen v\u00e4lilehteen\">t\u00e4lle sivulle<\/a> my\u00f6s muiden opettajien iloksi.<\/i><\/p>\n<p><strong>Kamerakyn\u00e4-teht\u00e4v\u00e4n nimi<\/strong> (k\u00e4yt\u00e4 samaa nime\u00e4 kun raportoit teht\u00e4v\u00e4n)<br \/>\n    <span class=\"wpcf7-form-control-wrap\" data-name=\"kamerakynatehtavan-nimi\"><input type=\"text\" name=\"kamerakynatehtavan-nimi\" value=\"\" size=\"40\" class=\"wpcf7-form-control wpcf7-text wpcf7-validates-as-required\" aria-required=\"true\" aria-invalid=\"false\" \/><\/span> <\/p>\n<p style=\"font-size:20px;\"><strong><a href=\"\/edu\/lisaa-uusi-tehtava\" target=\"_new\" title=\"Linkki avautuu uuteen ikkunaan\">Raportoi oma kamerakyn\u00e4-teht\u00e4v\u00e4si t\u00e4st\u00e4<\/a><\/strong> <span style=\"font-size:14px;\">(linkki avautuu uuteen ikkunaan).<\/span><\/p>\n<p><strong><span style=\"color:#ff0000;\">Muista palata t\u00e4lle sivulle t\u00e4ytt\u00e4\u00e4ksesi suorituslomakkeen loppuun!<\/span><\/strong><\/p>\n<p>\n<h5 style=\"margin: 2em 0;\">Opetushallituksen yleisen koulutuskyselyn monivalintakysymykset<\/h5>\n<p><strong>Koulutuksen sis\u00e4ll\u00f6t olivat t\u00e4rkeit\u00e4 oman ty\u00f6n kannalta.<\/strong><br><span class=\"wpcf7-form-control-wrap\" data-name=\"vaittama1\"><span class=\"wpcf7-form-control wpcf7-checkbox wpcf7-validates-as-required wpcf7-exclusive-checkbox\"><span class=\"wpcf7-list-item first\"><input type=\"checkbox\" name=\"vaittama1\" value=\"T\u00e4ysin eri mielt\u00e4 (1)\" \/><span class=\"wpcf7-list-item-label\">T\u00e4ysin eri mielt\u00e4 (1)<\/span><\/span><span class=\"wpcf7-list-item\"><input type=\"checkbox\" name=\"vaittama1\" value=\"Eri mielt\u00e4 (2)\" \/><span class=\"wpcf7-list-item-label\">Eri mielt\u00e4 (2)<\/span><\/span><span class=\"wpcf7-list-item\"><input type=\"checkbox\" name=\"vaittama1\" value=\"Jokseenkin samaa mielt\u00e4 (3)\" \/><span class=\"wpcf7-list-item-label\">Jokseenkin samaa mielt\u00e4 (3)<\/span><\/span><span class=\"wpcf7-list-item\"><input type=\"checkbox\" name=\"vaittama1\" value=\"Samaa mielt\u00e4 (4)\" \/><span class=\"wpcf7-list-item-label\">Samaa mielt\u00e4 (4)<\/span><\/span><span class=\"wpcf7-list-item last\"><input type=\"checkbox\" name=\"vaittama1\" value=\"T\u00e4ysin samaa mielt\u00e4 (5)\" \/><span class=\"wpcf7-list-item-label\">T\u00e4ysin samaa mielt\u00e4 (5)<\/span><\/span><\/span><\/span><\/p>\n<p><strong>Koulutus antoi ty\u00f6v\u00e4lineit\u00e4 ty\u00f6yhteis\u00f6n kehitt\u00e4miseen.<\/strong><br><span class=\"wpcf7-form-control-wrap\" data-name=\"vaittama2\"><span class=\"wpcf7-form-control wpcf7-checkbox wpcf7-validates-as-required wpcf7-exclusive-checkbox\"><span class=\"wpcf7-list-item first\"><input type=\"checkbox\" name=\"vaittama2\" value=\"T\u00e4ysin eri mielt\u00e4 (1)\" \/><span class=\"wpcf7-list-item-label\">T\u00e4ysin eri mielt\u00e4 (1)<\/span><\/span><span class=\"wpcf7-list-item\"><input type=\"checkbox\" name=\"vaittama2\" value=\"Eri mielt\u00e4 (2)\" \/><span class=\"wpcf7-list-item-label\">Eri mielt\u00e4 (2)<\/span><\/span><span class=\"wpcf7-list-item\"><input type=\"checkbox\" name=\"vaittama2\" value=\"Jokseenkin samaa mielt\u00e4 (3)\" \/><span class=\"wpcf7-list-item-label\">Jokseenkin samaa mielt\u00e4 (3)<\/span><\/span><span class=\"wpcf7-list-item\"><input type=\"checkbox\" name=\"vaittama2\" value=\"Samaa mielt\u00e4 (4)\" \/><span class=\"wpcf7-list-item-label\">Samaa mielt\u00e4 (4)<\/span><\/span><span class=\"wpcf7-list-item last\"><input type=\"checkbox\" name=\"vaittama2\" value=\"T\u00e4ysin samaa mielt\u00e4 (5)\" \/><span class=\"wpcf7-list-item-label\">T\u00e4ysin samaa mielt\u00e4 (5)<\/span><\/span><\/span><\/span><\/p>\n<p><strong>Koulutuksen sis\u00e4ll\u00f6t vastasivat tavoitteita.<\/strong> <span class=\"wpcf7-form-control-wrap\" data-name=\"vaittama3\"><span class=\"wpcf7-form-control wpcf7-checkbox wpcf7-validates-as-required wpcf7-exclusive-checkbox\"><span class=\"wpcf7-list-item first\"><input type=\"checkbox\" name=\"vaittama3\" value=\"T\u00e4ysin eri mielt\u00e4 (1)\" \/><span class=\"wpcf7-list-item-label\">T\u00e4ysin eri mielt\u00e4 (1)<\/span><\/span><span class=\"wpcf7-list-item\"><input type=\"checkbox\" name=\"vaittama3\" value=\"Eri mielt\u00e4 (2)\" \/><span class=\"wpcf7-list-item-label\">Eri mielt\u00e4 (2)<\/span><\/span><span class=\"wpcf7-list-item\"><input type=\"checkbox\" name=\"vaittama3\" value=\"Jokseenkin samaa mielt\u00e4 (3)\" \/><span class=\"wpcf7-list-item-label\">Jokseenkin samaa mielt\u00e4 (3)<\/span><\/span><span class=\"wpcf7-list-item\"><input type=\"checkbox\" name=\"vaittama3\" value=\"Samaa mielt\u00e4 (4)\" \/><span class=\"wpcf7-list-item-label\">Samaa mielt\u00e4 (4)<\/span><\/span><span class=\"wpcf7-list-item last\"><input type=\"checkbox\" name=\"vaittama3\" value=\"T\u00e4ysin samaa mielt\u00e4 (5)\" \/><span class=\"wpcf7-list-item-label\">T\u00e4ysin samaa mielt\u00e4 (5)<\/span><\/span><\/span><\/span><\/p>\n<p><strong>Koulutus toteutettiin vuorovaikutteisesti ja osallistavasti.<\/strong> <span class=\"wpcf7-form-control-wrap\" data-name=\"vaittama4\"><span class=\"wpcf7-form-control wpcf7-checkbox wpcf7-validates-as-required wpcf7-exclusive-checkbox\"><span class=\"wpcf7-list-item first\"><input type=\"checkbox\" name=\"vaittama4\" value=\"T\u00e4ysin eri mielt\u00e4 (1)\" \/><span class=\"wpcf7-list-item-label\">T\u00e4ysin eri mielt\u00e4 (1)<\/span><\/span><span class=\"wpcf7-list-item\"><input type=\"checkbox\" name=\"vaittama4\" value=\"Eri mielt\u00e4 (2)\" \/><span class=\"wpcf7-list-item-label\">Eri mielt\u00e4 (2)<\/span><\/span><span class=\"wpcf7-list-item\"><input type=\"checkbox\" name=\"vaittama4\" value=\"Jokseenkin samaa mielt\u00e4 (3)\" \/><span class=\"wpcf7-list-item-label\">Jokseenkin samaa mielt\u00e4 (3)<\/span><\/span><span class=\"wpcf7-list-item\"><input type=\"checkbox\" name=\"vaittama4\" value=\"Samaa mielt\u00e4 (4)\" \/><span class=\"wpcf7-list-item-label\">Samaa mielt\u00e4 (4)<\/span><\/span><span class=\"wpcf7-list-item last\"><input type=\"checkbox\" name=\"vaittama4\" value=\"T\u00e4ysin samaa mielt\u00e4 (5)\" \/><span class=\"wpcf7-list-item-label\">T\u00e4ysin samaa mielt\u00e4 (5)<\/span><\/span><\/span><\/span><\/p>\n<p><strong>Koulutus innosti uudistamaan omaa tapaa ty\u00f6skennell\u00e4.<\/strong> <span class=\"wpcf7-form-control-wrap\" data-name=\"vaittama5\"><span class=\"wpcf7-form-control wpcf7-checkbox wpcf7-validates-as-required wpcf7-exclusive-checkbox\"><span class=\"wpcf7-list-item first\"><input type=\"checkbox\" name=\"vaittama5\" value=\"T\u00e4ysin eri mielt\u00e4 (1)\" \/><span class=\"wpcf7-list-item-label\">T\u00e4ysin eri mielt\u00e4 (1)<\/span><\/span><span class=\"wpcf7-list-item\"><input type=\"checkbox\" name=\"vaittama5\" value=\"Eri mielt\u00e4 (2)\" \/><span class=\"wpcf7-list-item-label\">Eri mielt\u00e4 (2)<\/span><\/span><span class=\"wpcf7-list-item\"><input type=\"checkbox\" name=\"vaittama5\" value=\"Jokseenkin samaa mielt\u00e4 (3)\" \/><span class=\"wpcf7-list-item-label\">Jokseenkin samaa mielt\u00e4 (3)<\/span><\/span><span class=\"wpcf7-list-item\"><input type=\"checkbox\" name=\"vaittama5\" value=\"Samaa mielt\u00e4 (4)\" \/><span class=\"wpcf7-list-item-label\">Samaa mielt\u00e4 (4)<\/span><\/span><span class=\"wpcf7-list-item last\"><input type=\"checkbox\" name=\"vaittama5\" value=\"T\u00e4ysin samaa mielt\u00e4 (5)\" \/><span class=\"wpcf7-list-item-label\">T\u00e4ysin samaa mielt\u00e4 (5)<\/span><\/span><\/span><\/span><\/p>\n<p><strong>Kouluttajat olivat ammattitaitoisia.<\/strong> <span class=\"wpcf7-form-control-wrap\" data-name=\"vaittama6\"><span class=\"wpcf7-form-control wpcf7-checkbox wpcf7-validates-as-required wpcf7-exclusive-checkbox\"><span class=\"wpcf7-list-item first\"><input type=\"checkbox\" name=\"vaittama6\" value=\"T\u00e4ysin eri mielt\u00e4 (1)\" \/><span class=\"wpcf7-list-item-label\">T\u00e4ysin eri mielt\u00e4 (1)<\/span><\/span><span class=\"wpcf7-list-item\"><input type=\"checkbox\" name=\"vaittama6\" value=\"Eri mielt\u00e4 (2)\" \/><span class=\"wpcf7-list-item-label\">Eri mielt\u00e4 (2)<\/span><\/span><span class=\"wpcf7-list-item\"><input type=\"checkbox\" name=\"vaittama6\" value=\"Jokseenkin samaa mielt\u00e4 (3)\" \/><span class=\"wpcf7-list-item-label\">Jokseenkin samaa mielt\u00e4 (3)<\/span><\/span><span class=\"wpcf7-list-item\"><input type=\"checkbox\" name=\"vaittama6\" value=\"Samaa mielt\u00e4 (4)\" \/><span class=\"wpcf7-list-item-label\">Samaa mielt\u00e4 (4)<\/span><\/span><span class=\"wpcf7-list-item last\"><input type=\"checkbox\" name=\"vaittama6\" value=\"T\u00e4ysin samaa mielt\u00e4 (5)\" \/><span class=\"wpcf7-list-item-label\">T\u00e4ysin samaa mielt\u00e4 (5)<\/span><\/span><\/span><\/span><\/p>\n<p><strong>Koulutuksen toteuttamistapa (esim. monimuoto-opetus) edesauttoi osallistumista.<\/strong> <span class=\"wpcf7-form-control-wrap\" data-name=\"vaittama7\"><span class=\"wpcf7-form-control wpcf7-checkbox wpcf7-validates-as-required wpcf7-exclusive-checkbox\"><span class=\"wpcf7-list-item first\"><input type=\"checkbox\" name=\"vaittama7\" value=\"T\u00e4ysin eri mielt\u00e4 (1)\" \/><span class=\"wpcf7-list-item-label\">T\u00e4ysin eri mielt\u00e4 (1)<\/span><\/span><span class=\"wpcf7-list-item\"><input type=\"checkbox\" name=\"vaittama7\" value=\"Eri mielt\u00e4 (2)\" \/><span class=\"wpcf7-list-item-label\">Eri mielt\u00e4 (2)<\/span><\/span><span class=\"wpcf7-list-item\"><input type=\"checkbox\" name=\"vaittama7\" value=\"Jokseenkin samaa mielt\u00e4 (3)\" \/><span class=\"wpcf7-list-item-label\">Jokseenkin samaa mielt\u00e4 (3)<\/span><\/span><span class=\"wpcf7-list-item\"><input type=\"checkbox\" name=\"vaittama7\" value=\"Samaa mielt\u00e4 (4)\" \/><span class=\"wpcf7-list-item-label\">Samaa mielt\u00e4 (4)<\/span><\/span><span class=\"wpcf7-list-item last\"><input type=\"checkbox\" name=\"vaittama7\" value=\"T\u00e4ysin samaa mielt\u00e4 (5)\" \/><span class=\"wpcf7-list-item-label\">T\u00e4ysin samaa mielt\u00e4 (5)<\/span><\/span><\/span><\/span><\/p>\n<p><strong>Mink\u00e4 kokonaisarvosanan annat koulutukselle asteikolla 1\u20135?<\/strong> <span class=\"wpcf7-form-control-wrap\" data-name=\"kokonaisarvosana\"><span class=\"wpcf7-form-control wpcf7-checkbox wpcf7-validates-as-required wpcf7-exclusive-checkbox\"><span class=\"wpcf7-list-item first\"><input type=\"checkbox\" name=\"kokonaisarvosana\" value=\"v\u00e4ltt\u00e4v\u00e4 (1)\" \/><span class=\"wpcf7-list-item-label\">v\u00e4ltt\u00e4v\u00e4 (1)<\/span><\/span><span class=\"wpcf7-list-item\"><input type=\"checkbox\" name=\"kokonaisarvosana\" value=\"kohtalainen (2)\" \/><span class=\"wpcf7-list-item-label\">kohtalainen (2)<\/span><\/span><span class=\"wpcf7-list-item\"><input type=\"checkbox\" name=\"kokonaisarvosana\" value=\"tyydytt\u00e4v\u00e4 (3)\" \/><span class=\"wpcf7-list-item-label\">tyydytt\u00e4v\u00e4 (3)<\/span><\/span><span class=\"wpcf7-list-item\"><input type=\"checkbox\" name=\"kokonaisarvosana\" value=\"hyv\u00e4 (4)\" \/><span class=\"wpcf7-list-item-label\">hyv\u00e4 (4)<\/span><\/span><span class=\"wpcf7-list-item last\"><input type=\"checkbox\" name=\"kokonaisarvosana\" value=\"erinomainen (5)\" \/><span class=\"wpcf7-list-item-label\">erinomainen (5)<\/span><\/span><\/span><\/span><\/p>\n<h5 style=\"margin: 2em 0;\">Palaute koulutuksen suunnitelleelle tuotantoyhti\u00f6 Amazementille<\/h5>\n<p><strong>Mik\u00e4 koulutuksessa oli hyv\u00e4\u00e4?<\/strong><br><span class=\"wpcf7-form-control-wrap\" data-name=\"positiivista\"><textarea name=\"positiivista\" cols=\"40\" rows=\"3\" class=\"wpcf7-form-control wpcf7-textarea wpcf7-validates-as-required\" aria-required=\"true\" aria-invalid=\"false\"><\/textarea><\/span><\/p>\n<p><strong>Mik\u00e4 koulutuksessa oli huonoa\/kehitett\u00e4v\u00e4\u00e4? Mit\u00e4 pit\u00e4isi olla enemm\u00e4n\/v\u00e4hemm\u00e4n?<\/strong><br><span class=\"wpcf7-form-control-wrap\" data-name=\"negatiivista\"><textarea name=\"negatiivista\" cols=\"40\" rows=\"3\" class=\"wpcf7-form-control wpcf7-textarea wpcf7-validates-as-required\" aria-required=\"true\" aria-invalid=\"false\"><\/textarea><\/span><\/p>\n<p><strong>Mit\u00e4 opin<\/strong><\/p>\n<p>a) <strong>kamerakyn\u00e4n pedagogiikasta?<\/strong> <br><span class=\"wpcf7-form-control-wrap\" data-name=\"mitaopinkamerakynapedagogiikasta\"><textarea name=\"mitaopinkamerakynapedagogiikasta\" cols=\"40\" rows=\"3\" class=\"wpcf7-form-control wpcf7-textarea wpcf7-validates-as-required\" aria-required=\"true\" aria-invalid=\"false\"><\/textarea><\/span><\/p>\n<p>b) <strong>elokuvasta?<\/strong> <br><span class=\"wpcf7-form-control-wrap\" data-name=\"mitaopinelokuvasta\"><textarea name=\"mitaopinelokuvasta\" cols=\"40\" rows=\"3\" class=\"wpcf7-form-control wpcf7-textarea wpcf7-validates-as-required\" aria-required=\"true\" aria-invalid=\"false\"><\/textarea><\/span><\/p>\n<\/p>\n<p><strong>Millaisia kamerakyn\u00e4-teht\u00e4vi\u00e4 aion tehd\u00e4 oppilaiden kanssa jatkossa?<\/strong> <br><span class=\"wpcf7-form-control-wrap\" data-name=\"mitatehtaviajatkossa\"><textarea name=\"mitatehtaviajatkossa\" cols=\"40\" rows=\"3\" class=\"wpcf7-form-control wpcf7-textarea wpcf7-validates-as-required\" aria-required=\"true\" aria-invalid=\"false\"><\/textarea><\/span><\/p>\n<p><strong>Muuta palautetta koulutuksesta<\/strong><br><span class=\"wpcf7-form-control-wrap\" data-name=\"muutapalautetta\"><textarea name=\"muutapalautetta\" cols=\"40\" rows=\"3\" class=\"wpcf7-form-control wpcf7-textarea\" aria-invalid=\"false\"><\/textarea><\/span><\/p>\n<\/p>\n<p>[recaptcha id:suorituslomake-esiopetus size:compact]<\/p>\n<p><input type=\"submit\" value=\"L\u00e4het\u00e4\" class=\"wpcf7-form-control has-spinner wpcf7-submit\" \/><\/p>\n<div class=\"wpcf7-response-output\" aria-hidden=\"true\"><\/div><\/form><\/div>[vc_row_inner][vc_column_inner width=&#8221;1\/4&#8243;][vc_single_image image=&#8221;1583&#8243; img_size=&#8221;large&#8221; css=&#8221;.vc_custom_1503069208506{padding-top: 20px !important;}&#8221;][\/vc_column_inner][vc_column_inner width=&#8221;3\/4&#8243;][vc_column_text]<\/p>\n<h5>Mit\u00e4 seuraavaksi?<\/h5>\n<p>Levit\u00e4 kamerakyn\u00e4n pedagogiikan ilosanomaa: kerro t\u00e4st\u00e4 kurssista muille! Voit my\u00f6s tilata meid\u00e4t kouluttamaan omaan kouluusi tai ehdottaa alueellisen koulutuksen tilausta paikkakuntasi opetustoimen koulutusvastaaville. <a href=\"\/edu\/tilaa-koulutus\/\" target=\"_blank\">Lue lis\u00e4\u00e4 t\u00e4\u00e4lt\u00e4<\/a>.<\/p>\n<p>Henkil\u00f6kohtaisella tasolla voit jatkaa kamerakyn\u00e4n parissa hakemalla inspiraatiota omaan opetukseesi muiden opettajien suunnittelemista\u00a0<a title=\"Linkki avautuu uuteen v\u00e4lilehteen\" href=\"\/edu\/opettajatehtavat\" target=\"_blank\">kamerakyn\u00e4-teht\u00e4vist\u00e4<\/a>. Toivomme my\u00f6s, ett\u00e4 osallistut keskusteluun Facebookin <a title=\"Linkki avautuu uuteen v\u00e4lilehteen\" href=\"https:\/\/www.facebook.com\/groups\/984981858240379\/\" target=\"_blank\">Kamerakyn\u00e4-foorumilla<\/a>\u00a0ja kerrot kokemuksistasi. Jos et viel\u00e4 suorittanut kurssin teoriavetoista <a title=\"Linkki avautuu uuteen v\u00e4lilehteen\" href=\"\/edu\/kamerakynan-pedagogiikka\/elokuvan-kolme-perusasiaa-polku\/\" target=\"_blank\">Elokuvan kolme perusasiaa<\/a> -osuutta, suosittelemme tutustumaan my\u00f6s siihen.<\/p>\n<p>Voit kasvattaa\u00a0taitojasi my\u00f6s tutustumalla mediapedagogi Ismo Kiesil\u00e4isen elokuussa 2017 julkaisemaan, ilmaiseen <a title=\"Linkki avautuu uuteen v\u00e4lilehteen\" href=\"http:\/\/www.kamerakyna.fi\/kamerakyna.html\" target=\"_blank\">opettajan k\u00e4sikirjaan<\/a>, joka sukeltaa syvemm\u00e4lle kamerakyn\u00e4n pedagogiikan mahdollisuuksiin.<\/p>\n<p>Kiitoksia viel\u00e4 syventymisest\u00e4 t\u00e4rke\u00e4n aiheen \u00e4\u00e4relle. Toivottavasti viihdyit kurssin parissa![\/vc_column_text][\/vc_column_inner][\/vc_row_inner][\/vc_column][\/vc_row]<\/p>\n","protected":false},"excerpt":{"rendered":"<p>[vc_row css=&#8221;.vc_custom_1470426257255{background-color: #ffffff !important;}&#8221;][vc_column][vc_column_text css=&#8221;.vc_custom_1503069360052{background-color: #ffffff !important;}&#8221;]Olet edennyt polulla hienosti! Viel\u00e4 on j\u00e4ljell\u00e4 viimeinen rutistus, eli suorituslomakkeen t\u00e4ytt\u00e4minen. T\u00e4ytetty\u00e4si allaolevan lomakkeen voit palata koulutuspolun materiaaleihin aina halutessasi ilman uutta ilmoittautumista. Koulutuksen sis\u00e4lt\u00f6\u00a0on koottu helposti selailtavaksi my\u00f6s sivuston kirjastoon. Kerromme lis\u00e4\u00e4 vinkkej\u00e4 jatkosta viel\u00e4 suorituslomakkeen j\u00e4lkeen.[\/vc_column_text][vc_column_text css=&#8221;.vc_custom_1480093082289{margin-right: 30px !important;margin-left: 30px !important;padding-top: 20px !important;padding-right: 20px !important;padding-bottom: 20px [&hellip;]<\/p>\n","protected":false},"author":1,"featured_media":0,"parent":42,"menu_order":8,"comment_status":"closed","ping_status":"closed","template":"page_polku_alasivu.php","meta":[],"_links":{"self":[{"href":"https:\/\/kaikkikuvaa.fi\/edu\/wp-json\/wp\/v2\/pages\/127"}],"collection":[{"href":"https:\/\/kaikkikuvaa.fi\/edu\/wp-json\/wp\/v2\/pages"}],"about":[{"href":"https:\/\/kaikkikuvaa.fi\/edu\/wp-json\/wp\/v2\/types\/page"}],"author":[{"embeddable":true,"href":"https:\/\/kaikkikuvaa.fi\/edu\/wp-json\/wp\/v2\/users\/1"}],"replies":[{"embeddable":true,"href":"https:\/\/kaikkikuvaa.fi\/edu\/wp-json\/wp\/v2\/comments?post=127"}],"version-history":[{"count":27,"href":"https:\/\/kaikkikuvaa.fi\/edu\/wp-json\/wp\/v2\/pages\/127\/revisions"}],"predecessor-version":[{"id":1905,"href":"https:\/\/kaikkikuvaa.fi\/edu\/wp-json\/wp\/v2\/pages\/127\/revisions\/1905"}],"up":[{"embeddable":true,"href":"https:\/\/kaikkikuvaa.fi\/edu\/wp-json\/wp\/v2\/pages\/42"}],"wp:attachment":[{"href":"https:\/\/kaikkikuvaa.fi\/edu\/wp-json\/wp\/v2\/media?parent=127"}],"curies":[{"name":"wp","href":"https:\/\/api.w.org\/{rel}","templated":true}]}}