{"id":1294,"date":"2017-08-06T13:19:29","date_gmt":"2017-08-06T10:19:29","guid":{"rendered":"http:\/\/kaikkikuvaa.fi\/edu\/?page_id=1294"},"modified":"2018-08-09T13:05:31","modified_gmt":"2018-08-09T10:05:31","slug":"lisaa-uusi-tehtava","status":"publish","type":"page","link":"https:\/\/kaikkikuvaa.fi\/edu\/lisaa-uusi-tehtava\/","title":{"rendered":"Lis\u00e4\u00e4 uusi teht\u00e4v\u00e4"},"content":{"rendered":"<p>[vc_row][vc_column el_class=&#8221;center-form&#8221; css=&#8221;.vc_custom_1502024742112{background-color: #ffffff !important;}&#8221;][vc_column_text]<\/p>\n<h3 style=\"text-align: center;\">L\u00e4het\u00e4 teht\u00e4v\u00e4<\/h3>\n    <section class='element element-tehtavat-form'>\r\n\r\n                        <script>\r\n            window.oppiaineet = [\r\n            \"\u00c4idinkieli\", \"Englanti\", \"Filosofia\", \"Fysiikka\", \"Historia\", \"K\u00e4sity\u00f6\", \"Kemia\", \"Kotitalous\", \"Kuvataide\", \"Liikunta\", \"Matematiikka\", \"Musiikki\", \"Ruotsi\", \"Saksa\", \"Terveystieto\", \"Uskonto\", \"Vieraat kielet\", \"Yhteiskuntaoppi\", \"Ymp\u00e4rist\u00f6oppi\",             ];\r\n            window.oppiaiheet = [\r\n            \"Asioiden nime\u00e4minen\", \"Asioiden tunnistaminen\", \"Havaintojen tekeminen\", \"Itsetunnon vahvistaminen\", \"Kirjaimet\", \"Liikennekasvatus\", \"Matematiikka\", \"S\u00e4\u00e4nt\u00f6jen opettelu\", \"Syy-seuraussuhde\", \"Tunnetaidot\", \"Vuorovaikutustaidot\", \"Ymp\u00e4rist\u00f6n tarkkailu\",             ];\r\n            window.allSubjects = [\r\n            \"\u00c4idinkieli\", \"Englanti\", \"Filosofia\", \"Fysiikka\", \"Historia\", \"K\u00e4sity\u00f6\", \"Kemia\", \"Kotitalous\", \"Kuvataide\", \"Liikunta\", \"Matematiikka\", \"Musiikki\", \"Ruotsi\", \"Saksa\", \"Terveystieto\", \"Uskonto\", \"Vieraat kielet\", \"Yhteiskuntaoppi\", \"Ymp\u00e4rist\u00f6oppi\", \"Asioiden nime\u00e4minen\", \"Asioiden tunnistaminen\", \"Havaintojen tekeminen\", \"Itsetunnon vahvistaminen\", \"Kirjaimet\", \"Liikennekasvatus\", \"S\u00e4\u00e4nt\u00f6jen opettelu\", \"Syy-seuraussuhde\", \"Tunnetaidot\", \"Vuorovaikutustaidot\", \"Ymp\u00e4rist\u00f6n tarkkailu\",             ];\r\n        <\/script>\r\n    <div role=\"form\" class=\"wpcf7\" id=\"wpcf7-f1289-o1\" lang=\"fi\" dir=\"ltr\">\n<div class=\"screen-reader-response\"><p role=\"status\" aria-live=\"polite\" aria-atomic=\"true\"><\/p> <ul><\/ul><\/div>\n<form action=\"\/edu\/wp-json\/wp\/v2\/pages\/1294#wpcf7-f1289-o1\" method=\"post\" class=\"wpcf7-form init\" novalidate=\"novalidate\" data-status=\"init\">\n<div style=\"display: none;\">\n<input type=\"hidden\" name=\"_wpcf7\" value=\"1289\" \/>\n<input type=\"hidden\" name=\"_wpcf7_version\" value=\"5.6.3\" \/>\n<input type=\"hidden\" name=\"_wpcf7_locale\" value=\"fi\" \/>\n<input type=\"hidden\" name=\"_wpcf7_unit_tag\" value=\"wpcf7-f1289-o1\" \/>\n<input type=\"hidden\" name=\"_wpcf7_container_post\" value=\"0\" \/>\n<input type=\"hidden\" name=\"_wpcf7_posted_data_hash\" value=\"\" \/>\n<\/div>\n<p><strong>Kamerakyn\u00e4-teht\u00e4v\u00e4n nimi<\/strong><br \/>\n    <span class=\"wpcf7-form-control-wrap\" data-name=\"nimi\"><input type=\"text\" name=\"nimi\" value=\"\" size=\"40\" class=\"wpcf7-form-control wpcf7-text wpcf7-validates-as-required\" aria-required=\"true\" aria-invalid=\"false\" \/><\/span> <\/p>\n<p><strong>L\u00e4het\u00e4n teht\u00e4v\u00e4n osana Kaikki kuvaa EDU -suorituslomaketta<\/strong><\/p>\n<p>    <span class=\"wpcf7-form-control-wrap\" data-name=\"suoritus\"><span class=\"wpcf7-form-control wpcf7-checkbox wpcf7-validates-as-required wpcf7-exclusive-checkbox\"><span class=\"wpcf7-list-item first\"><input type=\"checkbox\" name=\"suoritus\" value=\"kyll\u00e4\" \/><span class=\"wpcf7-list-item-label\">kyll\u00e4<\/span><\/span><span class=\"wpcf7-list-item\"><input type=\"checkbox\" name=\"suoritus\" value=\"ei, vaan osana koulutusta\" \/><span class=\"wpcf7-list-item-label\">ei, vaan osana koulutusta<\/span><\/span><span class=\"wpcf7-list-item last\"><input type=\"checkbox\" name=\"suoritus\" value=\"ei, vaan l\u00e4het\u00e4n muuten vain\" \/><span class=\"wpcf7-list-item-label\">ei, vaan l\u00e4het\u00e4n muuten vain<\/span><\/span><\/span><\/span><\/p>\n<p><strong>Soveltuvuus<\/strong><br \/>\n    <span class=\"wpcf7-form-control-wrap\" data-name=\"soveltuvuus\"><span class=\"wpcf7-form-control wpcf7-checkbox wpcf7-validates-as-required containssoveltuvuus\"><span class=\"wpcf7-list-item first\"><input type=\"checkbox\" name=\"soveltuvuus[]\" value=\"varhaiskasvatus tai esiopetus\" \/><span class=\"wpcf7-list-item-label\">varhaiskasvatus tai esiopetus<\/span><\/span><span class=\"wpcf7-list-item\"><input type=\"checkbox\" name=\"soveltuvuus[]\" value=\"alkuopetus\" \/><span class=\"wpcf7-list-item-label\">alkuopetus<\/span><\/span><span class=\"wpcf7-list-item\"><input type=\"checkbox\" name=\"soveltuvuus[]\" value=\"alakoulu\" \/><span class=\"wpcf7-list-item-label\">alakoulu<\/span><\/span><span class=\"wpcf7-list-item\"><input type=\"checkbox\" name=\"soveltuvuus[]\" value=\"yl\u00e4koulu\" \/><span class=\"wpcf7-list-item-label\">yl\u00e4koulu<\/span><\/span><span class=\"wpcf7-list-item last\"><input type=\"checkbox\" name=\"soveltuvuus[]\" value=\"toinen aste\" \/><span class=\"wpcf7-list-item-label\">toinen aste<\/span><\/span><\/span><\/span>\n<\/p>\n<p><strong>Oppiaine<\/strong> (esim. matematiikka) <strong>tai aihe<\/strong> (esim. tunnetaidot) \u2013 jos useita, erottele pilkulla<\/p>\n<div id=\"oppiaineselector\">\n        <span class=\"wpcf7-form-control-wrap\" data-name=\"oppiaine\"><input type=\"text\" name=\"oppiaine\" value=\"\" size=\"40\" class=\"wpcf7-form-control wpcf7-text\" aria-invalid=\"false\" \/><\/span> <\/p>\n<p>        <button class=\"dropdown-btn\" type=\"button\"><i class=\"fa fa-caret-down\"><\/i><\/button>\n    <\/div>\n<p><strong>Kuvausteht\u00e4v\u00e4<\/strong><br \/>\n    <span class=\"wpcf7-form-control-wrap\" data-name=\"kuvaustehtava\"><textarea name=\"kuvaustehtava\" cols=\"40\" rows=\"10\" class=\"wpcf7-form-control wpcf7-textarea wpcf7-validates-as-required\" aria-required=\"true\" aria-invalid=\"false\"><\/textarea><\/span>\n<\/p>\n<p><strong>Katseluteht\u00e4v\u00e4<\/strong><br \/>\n    <span class=\"wpcf7-form-control-wrap\" data-name=\"katselutehtava\"><textarea name=\"katselutehtava\" cols=\"40\" rows=\"10\" class=\"wpcf7-form-control wpcf7-textarea wpcf7-validates-as-required\" aria-required=\"true\" aria-invalid=\"false\"><\/textarea><\/span>\n<\/p>\n<p><strong>Pedagoginen huomio \/ ajatuksia teht\u00e4v\u00e4n onnistumisesta<\/strong> (vapaaehtoinen)<br \/>\n    <span class=\"wpcf7-form-control-wrap\" data-name=\"pedagoginenhuomio\"><textarea name=\"pedagoginenhuomio\" cols=\"40\" rows=\"10\" class=\"wpcf7-form-control wpcf7-textarea\" aria-invalid=\"false\"><\/textarea><\/span>\n<\/p>\n<p><input type=\"submit\" value=\"L\u00e4het\u00e4\" class=\"wpcf7-form-control has-spinner wpcf7-submit\" \/><\/p>\n<p style=\"display: none !important;\">\n<input name=\"formname\" value=\"lisaatehtava\" type=\"hidden\"><br \/>\n<span id=\"activate-lisaatehtava\"><\/span><\/p>\n<div class=\"wpcf7-response-output\" aria-hidden=\"true\"><\/div><\/form><\/div>\r\n    <\/section>\r\n    \n<p style=\"text-align: center;\">Voit tarkastella l\u00e4hetettyj\u00e4 teht\u00e4vi\u00e4 <a href=\"http:\/\/kaikkikuvaa.fi\/edu\/opettajatehtavat\/\">t\u00e4\u00e4ll\u00e4<\/a>.<\/p>\n<p style=\"text-align: center;\">HUOM. L\u00e4hetetyt teht\u00e4v\u00e4t tarkastetaan ennen niiden lis\u00e4\u00e4mist\u00e4 sivustolle. T\u00e4ss\u00e4 kest\u00e4\u00e4 oma aikansa.<\/p>\n<p>[\/vc_column_text][\/vc_column][\/vc_row]<\/p>\n","protected":false},"excerpt":{"rendered":"<p>[vc_row][vc_column el_class=&#8221;center-form&#8221; css=&#8221;.vc_custom_1502024742112{background-color: #ffffff !important;}&#8221;][vc_column_text] L\u00e4het\u00e4 teht\u00e4v\u00e4 Voit tarkastella l\u00e4hetettyj\u00e4 teht\u00e4vi\u00e4 t\u00e4\u00e4ll\u00e4. HUOM. L\u00e4hetetyt teht\u00e4v\u00e4t tarkastetaan ennen niiden lis\u00e4\u00e4mist\u00e4 sivustolle. T\u00e4ss\u00e4 kest\u00e4\u00e4 oma aikansa. [\/vc_column_text][\/vc_column][\/vc_row]<\/p>\n","protected":false},"author":1,"featured_media":0,"parent":0,"menu_order":0,"comment_status":"closed","ping_status":"closed","template":"page_avoin.php","meta":[],"_links":{"self":[{"href":"https:\/\/kaikkikuvaa.fi\/edu\/wp-json\/wp\/v2\/pages\/1294"}],"collection":[{"href":"https:\/\/kaikkikuvaa.fi\/edu\/wp-json\/wp\/v2\/pages"}],"about":[{"href":"https:\/\/kaikkikuvaa.fi\/edu\/wp-json\/wp\/v2\/types\/page"}],"author":[{"embeddable":true,"href":"https:\/\/kaikkikuvaa.fi\/edu\/wp-json\/wp\/v2\/users\/1"}],"replies":[{"embeddable":true,"href":"https:\/\/kaikkikuvaa.fi\/edu\/wp-json\/wp\/v2\/comments?post=1294"}],"version-history":[{"count":20,"href":"https:\/\/kaikkikuvaa.fi\/edu\/wp-json\/wp\/v2\/pages\/1294\/revisions"}],"predecessor-version":[{"id":1921,"href":"https:\/\/kaikkikuvaa.fi\/edu\/wp-json\/wp\/v2\/pages\/1294\/revisions\/1921"}],"wp:attachment":[{"href":"https:\/\/kaikkikuvaa.fi\/edu\/wp-json\/wp\/v2\/media?parent=1294"}],"curies":[{"name":"wp","href":"https:\/\/api.w.org\/{rel}","templated":true}]}}