{"id":1297,"date":"2017-08-06T13:22:18","date_gmt":"2017-08-06T10:22:18","guid":{"rendered":"http:\/\/kaikkikuvaa.fi\/edu\/?page_id=1297"},"modified":"2017-08-17T10:17:58","modified_gmt":"2017-08-17T07:17:58","slug":"vinkkeja-kamerakynatyoskentelya-jo-kokeilleilta-opettajilta-tuloste-esiopetus","status":"publish","type":"page","link":"https:\/\/kaikkikuvaa.fi\/edu\/vinkkeja-kamerakynatyoskentelya-jo-kokeilleilta-opettajilta-tuloste-esiopetus\/","title":{"rendered":"Vinkkej\u00e4 kamerakyn\u00e4ty\u00f6skentely\u00e4 jo kokeilleilta opettajilta (Tuloste)"},"content":{"rendered":"<h1>Vinkkej\u00e4 kamerakyn\u00e4ty\u00f6skentely\u00e4 jo kokeilleilta opettajilta<\/h1>\n<p>Mit\u00e4 pit\u00e4\u00e4 muistaa, kun suunnittelee ensimm\u00e4ist\u00e4 kamerakyn\u00e4teht\u00e4v\u00e4\u00e4 eskariryhm\u00e4lleen? Ty\u00f6skentely\u00e4 kokeilleet opettajat antavat vinkkej\u00e4.<\/p>\n<p><b>Valmistautuminen<\/b><\/p>\n<ul>\n<li>\u00c4l\u00e4 ole h\u00e4t\u00e4inen itse teht\u00e4v\u00e4n suunnittelussa vaan kypsyttele rauhassa.<\/li>\n<li>Valitse sellainen teema, joka kiinnostaa lapsia. Muista hauskuus.<\/li>\n<li>Lataa\u00a0kuvauslaitteiden akut ja varmista ett\u00e4 laitteet toimivat ennen aloittamista.<\/li>\n<li>Tutustu kuvauslaitteeseen ensin itse \u2013 v\u00e4lineell\u00e4 ja laadulla ei ole v\u00e4li\u00e4.<\/li>\n<li>Kuvauslaitteeksi sopii \u00e4lypuhelin, tabletti, videokamera ja digikamera.<\/li>\n<li>Ota rennosti! Yll\u00e4tt\u00e4v\u00e4n pienetkin oppilaat osaavat kuvata ja hallitsevat laitteet \u2013 luultavasti sinua paremmin.<\/li>\n<li>Kaikkien ei kuitenkaan voi olettaa hallitsevan laitteita. Pid\u00e4 huolta, ett\u00e4 kaikki pysyv\u00e4t per\u00e4ss\u00e4.<\/li>\n<li>Mieti, ett\u00e4 lapsille annettava teht\u00e4v\u00e4 sopii arkeen.<\/li>\n<li>Selvit\u00e4 lapsille valo- ja videokuvan ero. Jos teht\u00e4v\u00e4 ei edellyt\u00e4 videokuvaamista, valokuvien ottaminen voi riitt\u00e4\u00e4 tai sill\u00e4 voi aloittaa.<\/li>\n<li>Huomioi olosuhteet ulkona ja sis\u00e4ll\u00e4.<\/li>\n<li>Etene pienin askelin.<\/li>\n<\/ul>\n<p><b>Teht\u00e4v\u00e4nanto<\/b><\/p>\n<ul>\n<li>Teht\u00e4v\u00e4nanto yhteisesti koko ryhm\u00e4lle ensin.<\/li>\n<li>Mieti ryhm\u00e4dynamiikkaa kun jaat parit\/pienryhm\u00e4t.<\/li>\n<li>Less is more. Kamerakyn\u00e4-ty\u00f6skentelyyn sopivat pienet ja yksinkertaisetkin teht\u00e4v\u00e4t.<\/li>\n<li>Valmiin ty\u00f6n ei tarvitse olla \u201dteos\u201d, vain valmis.<\/li>\n<li>Prosessi on t\u00e4rke\u00e4mpi kuin lopputulos \u2013 tai ainakin yht\u00e4 t\u00e4rke\u00e4.<\/li>\n<li>Teht\u00e4v\u00e4nanto tulee olla riitt\u00e4v\u00e4n yksinkertainen ja tiukasti rajattu.<\/li>\n<li>Klipin maksimikesto on hyv\u00e4 m\u00e4\u00e4ritell\u00e4.<\/li>\n<li>Jos teht\u00e4v\u00e4 edellytt\u00e4\u00e4 puhumista, ohjeista \u00e4\u00e4nenk\u00e4ytt\u00f6: puhujan tulee olla l\u00e4hell\u00e4 kuvauslaitetta.<\/li>\n<li>Suunnittele purku selke\u00e4sti (ryhm\u00e4ss\u00e4, erikseen, pareittain\u2026) Purku kiteytt\u00e4\u00e4 teht\u00e4v\u00e4nannon pointin!<\/li>\n<li>Muistathan ohjeistaa lapset asialliseen toimintaan kamerakyn\u00e4toiminnassa. Nimimerkill\u00e4 \u201dsininen tuoli lent\u00e4\u00e4\u201d.<\/li>\n<\/ul>\n<p><b>Luovuus<\/b><\/p>\n<ul>\n<li>J\u00e4t\u00e4 tilaa luovuudelle.<\/li>\n<li>Luota lapsiin ja lapsista l\u00e4hteviin ideoihin! Lapset uskaltavat kokeilla rohkeasti ja avoimin mielin. Kuvauksen ei tarvitse olla loppuunsa hiottu taideteos. Kuuntele lasta avoimin mielin. Teht\u00e4vi\u00e4 kannattaa varioida rohkeasti.<\/li>\n<li>Varaudu siihen, ett\u00e4 tulokset ovat sek\u00e4 loistavia ett\u00e4 ep\u00e4m\u00e4\u00e4r\u00e4isi\u00e4.<\/li>\n<\/ul>\n<p><b>Katselu<\/b><\/p>\n<ul>\n<li>Muista katseluteht\u00e4v\u00e4, se voi olla jopa t\u00e4rke\u00e4mpi oppimistilanne kuin kuvausteht\u00e4v\u00e4.<\/li>\n<li>Varaa riitt\u00e4v\u00e4sti aikaa katselusta syntyv\u00e4lle keskustelulle.<\/li>\n<li>Videoita ei tarvitse tallentaa tai siirt\u00e4\u00e4 hetkellist\u00e4 katselua varten. Videoita voi katsella pareittain tai pieniss\u00e4 ryhmiss\u00e4.<\/li>\n<li>Kaikkea kuvattua ei tarvitse s\u00e4il\u00f6\u00e4 tai jakaa.<\/li>\n<\/ul>\n<p><b>Onnistuminen<\/b><\/p>\n<ul>\n<li>Kuuntele lapsia. Ole valmis joustamaan suunnitelmistasi.<\/li>\n<li>Anna ep\u00e4onnistumismahdollisuus lapsille ja itsellesi.<\/li>\n<li>Try, fail, repeat!<\/li>\n<li>Rohkeasti tekem\u00e4\u00e4n ilman ennakkoluuloja \u2013 kaikille kokemus kuvaamisesta!<\/li>\n<li>T\u00e4ss\u00e4 ei voi ep\u00e4onnistua.<\/li>\n<li>Uskalla kokeilla! Kamerakyn\u00e4-ty\u00f6skentely sopii yll\u00e4tt\u00e4v\u00e4n moneen. Fokus sis\u00e4lt\u00f6\u00f6n \u2013 videon laadulla ei ole niin v\u00e4li\u00e4. Ep\u00e4onnistuminen on mahdollisuus, joten kokeile rohkeasti villej\u00e4kin ideoita.<\/li>\n<\/ul>\n<p>&nbsp;<\/p>\n","protected":false},"excerpt":{"rendered":"<p>Vinkkej\u00e4 kamerakyn\u00e4ty\u00f6skentely\u00e4 jo kokeilleilta opettajilta Mit\u00e4 pit\u00e4\u00e4 muistaa, kun suunnittelee ensimm\u00e4ist\u00e4 kamerakyn\u00e4teht\u00e4v\u00e4\u00e4 eskariryhm\u00e4lleen? Ty\u00f6skentely\u00e4 kokeilleet opettajat antavat vinkkej\u00e4. Valmistautuminen \u00c4l\u00e4 ole h\u00e4t\u00e4inen itse teht\u00e4v\u00e4n suunnittelussa vaan kypsyttele rauhassa. Valitse sellainen teema, joka kiinnostaa lapsia. Muista hauskuus. Lataa\u00a0kuvauslaitteiden akut ja varmista ett\u00e4 laitteet toimivat ennen aloittamista. Tutustu kuvauslaitteeseen ensin itse \u2013 v\u00e4lineell\u00e4 ja laadulla ei ole [&hellip;]<\/p>\n","protected":false},"author":1,"featured_media":0,"parent":0,"menu_order":0,"comment_status":"closed","ping_status":"closed","template":"page_tulostus.php","meta":[],"_links":{"self":[{"href":"https:\/\/kaikkikuvaa.fi\/edu\/wp-json\/wp\/v2\/pages\/1297"}],"collection":[{"href":"https:\/\/kaikkikuvaa.fi\/edu\/wp-json\/wp\/v2\/pages"}],"about":[{"href":"https:\/\/kaikkikuvaa.fi\/edu\/wp-json\/wp\/v2\/types\/page"}],"author":[{"embeddable":true,"href":"https:\/\/kaikkikuvaa.fi\/edu\/wp-json\/wp\/v2\/users\/1"}],"replies":[{"embeddable":true,"href":"https:\/\/kaikkikuvaa.fi\/edu\/wp-json\/wp\/v2\/comments?post=1297"}],"version-history":[{"count":2,"href":"https:\/\/kaikkikuvaa.fi\/edu\/wp-json\/wp\/v2\/pages\/1297\/revisions"}],"predecessor-version":[{"id":1620,"href":"https:\/\/kaikkikuvaa.fi\/edu\/wp-json\/wp\/v2\/pages\/1297\/revisions\/1620"}],"wp:attachment":[{"href":"https:\/\/kaikkikuvaa.fi\/edu\/wp-json\/wp\/v2\/media?parent=1297"}],"curies":[{"name":"wp","href":"https:\/\/api.w.org\/{rel}","templated":true}]}}