{"id":1299,"date":"2017-08-06T13:25:21","date_gmt":"2017-08-06T10:25:21","guid":{"rendered":"http:\/\/kaikkikuvaa.fi\/edu\/?page_id=1299"},"modified":"2017-08-17T10:14:50","modified_gmt":"2017-08-17T07:14:50","slug":"vinkkeja-koulutuksen-jarjestamiseen-koko-tyoyhteison-kanssa-tulostusversio-esiopetus","status":"publish","type":"page","link":"https:\/\/kaikkikuvaa.fi\/edu\/vinkkeja-koulutuksen-jarjestamiseen-koko-tyoyhteison-kanssa-tulostusversio-esiopetus\/","title":{"rendered":"Vinkkej\u00e4 koulutuksen j\u00e4rjest\u00e4miseen koko ty\u00f6yhteis\u00f6n kanssa (Tulostusversio)"},"content":{"rendered":"<h1>Vinkkej\u00e4 koulutuksen j\u00e4rjest\u00e4miseen koko ty\u00f6yhteis\u00f6n kanssa<\/h1>\n<p>Kaikki kuvaa EDU -kurssi sopii hyvin suoritettavaksi yhdess\u00e4 suuremmankin ryhm\u00e4n kanssa. Koulutuksen voi j\u00e4rjest\u00e4\u00e4 vaikka koko ty\u00f6yhteis\u00f6lle yhteisen\u00e4 kehitt\u00e4mishankkeena. Tarjoamme t\u00e4ss\u00e4 valmiin mallin, joka perustuu kokemuksiimme l\u00e4hikoulutuksista. Kuulemme ja jaamme mielell\u00e4mme kokemuksia my\u00f6s muista tavoista, joilla materiaalia on yhdess\u00e4 hy\u00f6dynnetty!<\/p>\n<ol>\n<li>P\u00e4iv\u00e4kodinjohtaja tai koulutuksen vastuuopettaja hoitaa kaikkien osallistujien ilmoittamisen koulutussivuston kautta.<\/li>\n<li>Koulutuspolun rastit 1, 2 ja 3, joissa tutustutaan kamerakyn\u00e4n pedagogiikan perusteisiin, suoritetaan koko porukalla yhdess\u00e4 sovittuna aikana. Opetuselokuvat katsotaan yhdess\u00e4 ja pohdintateht\u00e4v\u00e4t keskustellaan pienryhmiss\u00e4. T\u00e4h\u00e4n k\u00e4ytet\u00e4\u00e4n aikaa yhteens\u00e4 60\u201390 minuuttia.<\/li>\n<li>Rastilla 4 opettajat tutustuvat erilaisiin esimerkkeihin kamerakyn\u00e4ty\u00f6skentelyst\u00e4 ja j\u00e4sent\u00e4v\u00e4t havaintojaan niist\u00e4. T\u00e4m\u00e4 sopii hyvin suoritettavaksi yksin tai ty\u00f6parin kanssa sovitulla aikav\u00e4lill\u00e4, esimerkiksi viikon\u2013kahden aikana. Rastilla pohditaan mm. hyv\u00e4n kamerakyn\u00e4teht\u00e4v\u00e4n kriteerej\u00e4 sek\u00e4 esikoululaisen ja opettajan rooleja ty\u00f6skentelyss\u00e4. N\u00e4it\u00e4 ajatuksia on hy\u00f6dyllist\u00e4 jakaa yhteisesti. N\u00e4in ty\u00f6yhteis\u00f6lle syntyy yhteinen n\u00e4kemys uuden pedagogiikan luonteesta.<\/li>\n<li>Viidennell\u00e4 rastilla suunnitellaan teht\u00e4vi\u00e4 oman eskariryhm\u00e4n kanssa ty\u00f6stett\u00e4v\u00e4ksi. T\u00e4ss\u00e4 jokainen tarvitsee omaa aikaa, mutta my\u00f6s kollegojen sparrauksesta on kokemuksen mukaan paljon hy\u00f6ty\u00e4. Yhteisiss\u00e4 keskusteluissa ideat rikastuvat ja niist\u00e4 tulee \u2013 yhteisi\u00e4. Se tuo turvaa ja motivaatiota kuudennelle rastille, jossa teht\u00e4vi\u00e4 kokeillaan lasten kanssa k\u00e4yt\u00e4nn\u00f6ss\u00e4. N\u00e4iden kokemusten jakamiseen kannattaa mahdollisuuksien mukaan varata ainakin muutama hetki.<\/li>\n<li>Seitsem\u00e4s rasti on hieman pidempi, monivaiheinen sukellus elokuvallisen ajattelun perusasioihin. Aikaa se vie yhteens\u00e4 2\u20134 tuntia. Rasti voidaan suorittaa yhdess\u00e4 tai se voi olla valinnainen syvent\u00e4v\u00e4 vaihe niille, jotka haluavat ymm\u00e4rt\u00e4\u00e4 enemm\u00e4n elokuvallista ajattelua.\u00a0Rastin nelj\u00e4 elokuvaa ja niihin liittyv\u00e4t pohdintateht\u00e4v\u00e4t her\u00e4tt\u00e4v\u00e4t innostunutta keskustelua, joten ne sopivat erinomaisesti k\u00e4sitelt\u00e4v\u00e4ksi suurryhm\u00e4ss\u00e4. Jos siihen ei ole mahdollisuutta, ty\u00f6parit tai pienryhm\u00e4t voivat valita sopivat ajankohdat itselleen.<\/li>\n<li>Kahdeksannella rastilla yhdistell\u00e4\u00e4n lankoja elokuvallisen ajattelun ja oppimisen v\u00e4lille. Jos kaikki valmistautuvat hieman etuk\u00e4teen, t\u00e4m\u00e4 sopii lyhyeksi keskusteluksi opekokouksen yhteyteen.<\/li>\n<li>Koulutuksen lopuksi jokainen raportoi oman suorituksensa ja antaa koulutuksesta palautteen itsen\u00e4isesti. Suosittelemme my\u00f6s yhteist\u00e4 palautekeskustelua, jotta kokemuksesta tulee jaettu.<\/li>\n<\/ol>\n","protected":false},"excerpt":{"rendered":"<p>Vinkkej\u00e4 koulutuksen j\u00e4rjest\u00e4miseen koko ty\u00f6yhteis\u00f6n kanssa Kaikki kuvaa EDU -kurssi sopii hyvin suoritettavaksi yhdess\u00e4 suuremmankin ryhm\u00e4n kanssa. Koulutuksen voi j\u00e4rjest\u00e4\u00e4 vaikka koko ty\u00f6yhteis\u00f6lle yhteisen\u00e4 kehitt\u00e4mishankkeena. Tarjoamme t\u00e4ss\u00e4 valmiin mallin, joka perustuu kokemuksiimme l\u00e4hikoulutuksista. Kuulemme ja jaamme mielell\u00e4mme kokemuksia my\u00f6s muista tavoista, joilla materiaalia on yhdess\u00e4 hy\u00f6dynnetty! P\u00e4iv\u00e4kodinjohtaja tai koulutuksen vastuuopettaja hoitaa kaikkien osallistujien ilmoittamisen koulutussivuston [&hellip;]<\/p>\n","protected":false},"author":1,"featured_media":0,"parent":0,"menu_order":0,"comment_status":"closed","ping_status":"closed","template":"page_tulostus.php","meta":[],"_links":{"self":[{"href":"https:\/\/kaikkikuvaa.fi\/edu\/wp-json\/wp\/v2\/pages\/1299"}],"collection":[{"href":"https:\/\/kaikkikuvaa.fi\/edu\/wp-json\/wp\/v2\/pages"}],"about":[{"href":"https:\/\/kaikkikuvaa.fi\/edu\/wp-json\/wp\/v2\/types\/page"}],"author":[{"embeddable":true,"href":"https:\/\/kaikkikuvaa.fi\/edu\/wp-json\/wp\/v2\/users\/1"}],"replies":[{"embeddable":true,"href":"https:\/\/kaikkikuvaa.fi\/edu\/wp-json\/wp\/v2\/comments?post=1299"}],"version-history":[{"count":3,"href":"https:\/\/kaikkikuvaa.fi\/edu\/wp-json\/wp\/v2\/pages\/1299\/revisions"}],"predecessor-version":[{"id":1616,"href":"https:\/\/kaikkikuvaa.fi\/edu\/wp-json\/wp\/v2\/pages\/1299\/revisions\/1616"}],"wp:attachment":[{"href":"https:\/\/kaikkikuvaa.fi\/edu\/wp-json\/wp\/v2\/media?parent=1299"}],"curies":[{"name":"wp","href":"https:\/\/api.w.org\/{rel}","templated":true}]}}