{"id":133,"date":"2016-07-28T00:58:57","date_gmt":"2016-07-27T21:58:57","guid":{"rendered":"http:\/\/kaikkikuvaa.fi\/edu\/?page_id=133"},"modified":"2016-08-16T10:57:39","modified_gmt":"2016-08-16T07:57:39","slug":"elokuvan-kolme-perusasiaa-polku","status":"publish","type":"page","link":"https:\/\/kaikkikuvaa.fi\/edu\/kamerakynan-pedagogiikka\/elokuvan-kolme-perusasiaa-polku\/","title":{"rendered":"Elokuvan kolme perusasiaa -polku"},"content":{"rendered":"<p>[vc_row][vc_column][vc_column_text]Elokuvaa on koulussa tarkasteltu yleens\u00e4 tarinankerronnan ja draaman n\u00e4k\u00f6kulmasta. Siihen on ollut tarjolla paljon ansiokasta oppimateriaalia sek\u00e4 opettajille ett\u00e4 oppilaille \u2013 niin elokuvien katsomiseen kuin niiden tekemiseenkin. Hyvist\u00e4 yrityksist\u00e4 huolimatta elokuvien kuvaaminen ei kuitenkaan ole oikein integroitunut oppiaineisiin. N\u00e4ytelm\u00e4elokuvan valmistaminen on opettajan n\u00e4k\u00f6kulmasta ollut monivaiheista, aikaaviev\u00e4\u00e4 ja teknisesti haastavaa puuhaa \u2013 eik\u00e4 se ole v\u00e4ltt\u00e4m\u00e4tt\u00e4 edist\u00e4nyt oppimista.<\/p>\n<p>Mutta, kuten olemme t\u00e4ll\u00e4 koulutuspolulla huomanneet, on tarinoiden kertominen vain yksi elokuvan k\u00e4ytt\u00f6mahdollisuuksista. Miten elokuva toimii tv-uutisissa, videoblogeissa, lomavideoissa \u2013 ja kamerakyn\u00e4ty\u00f6skentelyss\u00e4?<\/p>\n<p><strong>Elokuvan kolme perusasiaa<\/strong> -polulla tutkimme v\u00e4lineen niit\u00e4 perusominaisuuksia, jotka yhdist\u00e4v\u00e4t kaikkia elokuvan muotoja. Ne eiv\u00e4t ole videokurssilta tuttuja s\u00e4\u00e4nt\u00f6j\u00e4 \u2013 k\u00e4\u00e4nnekohtia, suojaviivoja ja kuvakokoja. Sen sijaan j\u00e4ljet johtavat havaintojen tekemiseen ja ajatteluun. Perusasioita on kolme:<\/p>\n<p>1. Kuva ei kerro, se n\u00e4ytt\u00e4\u00e4.<br \/>\n2. Elokuvaaminen on ajan ja tilan rajaamista.<br \/>\n3. Leikkaus luo merkityksi\u00e4.<\/p>\n<p>Draama, monista muista hyvist\u00e4 ominaisuuksistaan huolimatta, on k\u00f6mpel\u00f6 ty\u00f6tapa integroitavaksi eri oppiaineiden opiskeluun koulussa. Elokuvallinen ajattelu tarinoiden takana tarjoaa merkitt\u00e4v\u00e4sti enemm\u00e4n pedagogisia mahdollisuuksia. Siksi my\u00f6s opettajan on t\u00e4rke\u00e4\u00e4 tuntea ajattelun mekanismeja.<\/p>\n<p><strong>Polun rakenne ja ty\u00f6skentelytapa<\/strong><br \/>\nT\u00e4ll\u00e4 sivupolulla n\u00e4et kolme 10\u201315 minuutin mittaista elokuvaa elokuvan perusasioista. Rastien pohdiskeluteht\u00e4v\u00e4t voit tehd\u00e4 itseksesi ajattelemalla tai kirjoittamalla. Viel\u00e4 enemm\u00e4n saat niist\u00e4 irti parin tai ryhm\u00e4n kanssa keskustellen. Elokuvien yhteydess\u00e4 esitell\u00e4\u00e4n my\u00f6s oppimista syvent\u00e4vi\u00e4 kuvausharjoituksia, jotka sopivat sovellettuina sek\u00e4 lapsille, nuorille ett\u00e4 aikuisille. Elokuvan kolme perusasiaa -polun suorittaminen kest\u00e4\u00e4 valinnoista riippuen 2\u20134 tuntia.[\/vc_column_text][\/vc_column][\/vc_row][vc_row][vc_column][vc_btn title=&#8221; Seuraava rasti: Perusasia nro 1: Kuva ei kerro se n\u00e4ytt\u00e4\u00e4&#8221; style=&#8221;flat&#8221; shape=&#8221;square&#8221; color=&#8221;sky&#8221; size=&#8221;lg&#8221; align=&#8221;center&#8221; i_icon_fontawesome=&#8221;fa fa-arrow-right&#8221; link=&#8221;url:%2Fedu%2Fkamerakynan-pedagogiikka%2Felokuvan-kolme-perusasiaa-polku%2Fperusasia-nro-1-kuva-ei-kerro-se-nayttaa%2F|||&#8221; button_block=&#8221;true&#8221; add_icon=&#8221;true&#8221; el_class=&#8221;element-seuraavarasti&#8221;][\/vc_column][\/vc_row]<\/p>\n","protected":false},"excerpt":{"rendered":"<p>[vc_row][vc_column][vc_column_text]Elokuvaa on koulussa tarkasteltu yleens\u00e4 tarinankerronnan ja draaman n\u00e4k\u00f6kulmasta. Siihen on ollut tarjolla paljon ansiokasta oppimateriaalia sek\u00e4 opettajille ett\u00e4 oppilaille \u2013 niin elokuvien katsomiseen kuin niiden tekemiseenkin. Hyvist\u00e4 yrityksist\u00e4 huolimatta elokuvien kuvaaminen ei kuitenkaan ole oikein integroitunut oppiaineisiin. N\u00e4ytelm\u00e4elokuvan valmistaminen on opettajan n\u00e4k\u00f6kulmasta ollut monivaiheista, aikaaviev\u00e4\u00e4 ja teknisesti haastavaa puuhaa \u2013 eik\u00e4 se ole v\u00e4ltt\u00e4m\u00e4tt\u00e4 [&hellip;]<\/p>\n","protected":false},"author":1,"featured_media":0,"parent":42,"menu_order":6,"comment_status":"closed","ping_status":"closed","template":"page_polku_alapolku.php","meta":[],"_links":{"self":[{"href":"https:\/\/kaikkikuvaa.fi\/edu\/wp-json\/wp\/v2\/pages\/133"}],"collection":[{"href":"https:\/\/kaikkikuvaa.fi\/edu\/wp-json\/wp\/v2\/pages"}],"about":[{"href":"https:\/\/kaikkikuvaa.fi\/edu\/wp-json\/wp\/v2\/types\/page"}],"author":[{"embeddable":true,"href":"https:\/\/kaikkikuvaa.fi\/edu\/wp-json\/wp\/v2\/users\/1"}],"replies":[{"embeddable":true,"href":"https:\/\/kaikkikuvaa.fi\/edu\/wp-json\/wp\/v2\/comments?post=133"}],"version-history":[{"count":41,"href":"https:\/\/kaikkikuvaa.fi\/edu\/wp-json\/wp\/v2\/pages\/133\/revisions"}],"predecessor-version":[{"id":1039,"href":"https:\/\/kaikkikuvaa.fi\/edu\/wp-json\/wp\/v2\/pages\/133\/revisions\/1039"}],"up":[{"embeddable":true,"href":"https:\/\/kaikkikuvaa.fi\/edu\/wp-json\/wp\/v2\/pages\/42"}],"wp:attachment":[{"href":"https:\/\/kaikkikuvaa.fi\/edu\/wp-json\/wp\/v2\/media?parent=133"}],"curies":[{"name":"wp","href":"https:\/\/api.w.org\/{rel}","templated":true}]}}