{"id":149,"date":"2016-07-28T01:32:02","date_gmt":"2016-07-27T22:32:02","guid":{"rendered":"http:\/\/kaikkikuvaa.fi\/edu\/?page_id=149"},"modified":"2016-08-18T09:31:34","modified_gmt":"2016-08-18T06:31:34","slug":"perusasia-nro-1-kuva-ei-kerro-se-nayttaa","status":"publish","type":"page","link":"https:\/\/kaikkikuvaa.fi\/edu\/kamerakynan-pedagogiikka\/elokuvan-kolme-perusasiaa-polku\/perusasia-nro-1-kuva-ei-kerro-se-nayttaa\/","title":{"rendered":"Perusasia nro 1: Kuva ei kerro, se n\u00e4ytt\u00e4\u00e4"},"content":{"rendered":"<p>[vc_row css=&#8221;.vc_custom_1470481766706{padding-top: 15px !important;padding-right: 15px !important;padding-bottom: 15px !important;padding-left: 15px !important;}&#8221;][vc_column][vc_column_text]<\/p>\n<div class=\"youtubevideo-container\"><iframe loading=\"lazy\" src=\"https:\/\/www.youtube.com\/embed\/YdrbBQ-Xa2o?showinfo=0&amp;rel=0\" width=\"300\" height=\"150\" frameborder=\"0\" allowfullscreen=\"allowfullscreen\"><\/iframe><\/div>\n<p>[\/vc_column_text][\/vc_column][\/vc_row][vc_row equal_height=&#8221;yes&#8221; css=&#8221;.vc_custom_1471501673979{padding-right: 15px !important;padding-left: 15px !important;}&#8221;][vc_column width=&#8221;1\/2&#8243; offset=&#8221;vc_col-xs-12&#8243; css=&#8221;.vc_custom_1471500898102{padding-bottom: 44px !important;background-color: #1e73be !important;}&#8221;]\n\t\t<div class='vc-mieti-loota' style='\n\t\t\tbackground-color: #1e73be;\n\t\t\tcolor: #ffffff;\n\t\t'>\n\t\t\t<h5 style='color: #ffffff;'><i class='fa fa-arrow-right'><\/i>Mieti<\/h5>\n\t\t\t<span style='color: #ffffff !important;'><p>Kirjaa yl\u00f6s kolme kiinnostavaa ajatusta, jotka j\u00e4iv\u00e4t elokuvasta mieleen. Ajatukset voivat olla suoraan elokuvasta tai sit\u00e4 katsoessa syntyneit\u00e4 omia oivalluksia.<\/p>\n<p>Kirjatut ajatukset ker\u00e4t\u00e4\u00e4n yhteen <a style=\"color: #fff; text-decoration: underline;\" title=\"Linkki aukeaa uuteen v\u00e4lilehteen\" href=\"\/edu\/lauseet\" target=\"_blank\">sivulle<\/a>, josta kaikki sivuston k\u00e4ytt\u00e4j\u00e4t voivat niihin tutustua.<\/p>\n<\/span>\n\t\t<\/div>\n\t[\/vc_column][vc_column width=&#8221;1\/2&#8243; offset=&#8221;vc_col-xs-12&#8243; css=&#8221;.vc_custom_1470828125408{background-color: #1e73be !important;}&#8221;]<div role=\"form\" class=\"wpcf7\" id=\"wpcf7-f167-o1\" lang=\"fi\" dir=\"ltr\">\n<div class=\"screen-reader-response\"><p role=\"status\" aria-live=\"polite\" aria-atomic=\"true\"><\/p> <ul><\/ul><\/div>\n<form action=\"\/edu\/wp-json\/wp\/v2\/pages\/149#wpcf7-f167-o1\" method=\"post\" class=\"wpcf7-form init\" novalidate=\"novalidate\" data-status=\"init\">\n<div style=\"display: none;\">\n<input type=\"hidden\" name=\"_wpcf7\" value=\"167\" \/>\n<input type=\"hidden\" name=\"_wpcf7_version\" value=\"5.6.3\" \/>\n<input type=\"hidden\" name=\"_wpcf7_locale\" value=\"fi\" \/>\n<input type=\"hidden\" name=\"_wpcf7_unit_tag\" value=\"wpcf7-f167-o1\" \/>\n<input type=\"hidden\" name=\"_wpcf7_container_post\" value=\"0\" \/>\n<input type=\"hidden\" name=\"_wpcf7_posted_data_hash\" value=\"\" \/>\n<\/div>\n<p><input name=\"formname\" value=\"lisaalause\" type=\"hidden\"><\/p>\n<p><span class=\"wpcf7-form-control-wrap\" data-name=\"lause1\"><input type=\"text\" name=\"lause1\" value=\"\" size=\"40\" class=\"wpcf7-form-control wpcf7-text wpcf7-validates-as-required\" aria-required=\"true\" aria-invalid=\"false\" \/><\/span><span class=\"wpcf7-form-control-wrap\" data-name=\"lause2\"><input type=\"text\" name=\"lause2\" value=\"\" size=\"40\" class=\"wpcf7-form-control wpcf7-text\" aria-invalid=\"false\" \/><\/span><span class=\"wpcf7-form-control-wrap\" data-name=\"lause3\"><input type=\"text\" name=\"lause3\" value=\"\" size=\"40\" class=\"wpcf7-form-control wpcf7-text\" aria-invalid=\"false\" \/><\/span><span class=\"wpcf7-form-control-wrap\" data-name=\"olen\"><select name=\"olen\" class=\"wpcf7-form-control wpcf7-select wpcf7-validates-as-required\" aria-required=\"true\" aria-invalid=\"false\"><option value=\"Opettaja\">Opettaja<\/option><option value=\"Oppilas\">Oppilas<\/option><option value=\"Opiskelija\">Opiskelija<\/option><option value=\"Harrastaja\">Harrastaja<\/option><option value=\"Muu\">Muu<\/option><\/select><\/span><\/p>\n<p>[recaptcha id:perusasia1 size:compact]<\/p>\n<p><input type=\"submit\" value=\"L\u00e4het\u00e4\" class=\"wpcf7-form-control has-spinner wpcf7-submit\" \/><\/p>\n<div class=\"visible-if-sent kiitos-loota\">\nKiitos ajatuksistasi! Voit lukea muiden kirjaamia ajatuksia <a href=\"http:\/\/kaikkikuvaa.fi\/edu\/lauseet\/\" target=\"_blank\" title=\"Linkki avautuu uuteen v\u00e4lilehteen\">t\u00e4\u00e4ll\u00e4<\/a>.\n<\/div>\n<div class=\"wpcf7-response-output\" aria-hidden=\"true\"><\/div><\/form><\/div>[\/vc_column][\/vc_row][vc_row][vc_column][vc_empty_space][\/vc_column][\/vc_row][vc_row equal_height=&#8221;yes&#8221;][vc_column width=&#8221;1\/2&#8243; offset=&#8221;vc_col-xs-12&#8243;]\n\t\t<div class='vc-mieti-loota' style='\n\t\t\tbackground-color: #1e73be;\n\t\t\tcolor: #ffffff;\n\t\t'>\n\t\t\t<h5 style='color: #ffffff;'><i class='fa fa-arrow-right'><\/i>Mieti<\/h5>\n\t\t\t<span style='color: #ffffff !important;'><p>Mit\u00e4 eroa on kertomisella ja n\u00e4ytt\u00e4misell\u00e4?<\/p>\n<\/span>\n\t\t<\/div>\n\t[\/vc_column][vc_column width=&#8221;1\/2&#8243; offset=&#8221;vc_col-xs-12&#8243;]\n\t\t<div class='vc-mieti-loota' style='\n\t\t\tbackground-color: #1e73be;\n\t\t\tcolor: #ffffff;\n\t\t'>\n\t\t\t<h5 style='color: #ffffff;'><i class='fa fa-arrow-right'><\/i>Mieti<\/h5>\n\t\t\t<span style='color: #ffffff !important;'><p>Mit\u00e4 tarkoittaa: \u201cKieli kertoo, mit\u00e4 tapahtuu, mutta j\u00e4tt\u00e4\u00e4 n\u00e4ytt\u00e4m\u00e4tt\u00e4 miten \u2013 elokuva n\u00e4ytt\u00e4\u00e4, miten jokin tapahtuu, mutta j\u00e4tt\u00e4\u00e4 kertomatta mik\u00e4.\u201d<\/p>\n<\/span>\n\t\t<\/div>\n\t[\/vc_column][\/vc_row][vc_row][vc_column][vc_empty_space][\/vc_column][\/vc_row][vc_row equal_height=&#8221;yes&#8221;][vc_column width=&#8221;1\/2&#8243; offset=&#8221;vc_col-xs-12&#8243;]\n\t\t<div class='vc-mieti-loota' style='\n\t\t\tbackground-color: #1e73be;\n\t\t\tcolor: #ffffff;\n\t\t'>\n\t\t\t<h5 style='color: #ffffff;'><i class='fa fa-arrow-right'><\/i>Mieti<\/h5>\n\t\t\t<span style='color: #ffffff !important;'><p>Mauri Yl\u00e4-Kotola kirjoittaa, ett\u00e4 ohjaaja Jean-Luc Godardin ajattelussa \u201cElokuva ei representoi todellisuutta sin\u00e4ll\u00e4\u00e4n vaan tekij\u00e4n ajatusta todellisuudesta\u201d.<\/p>\n<p>Mit\u00e4 lause sinun mielest\u00e4si tarkoittaa?<\/p>\n<\/span>\n\t\t<\/div>\n\t[\/vc_column][vc_column width=&#8221;1\/2&#8243; offset=&#8221;vc_col-xs-12&#8243;]\n\t\t<div class='vc-mieti-loota' style='\n\t\t\tbackground-color: #1e73be;\n\t\t\tcolor: #ffffff;\n\t\t'>\n\t\t\t<h5 style='color: #ffffff;'><i class='fa fa-arrow-right'><\/i>Mieti<\/h5>\n\t\t\t<span style='color: #ffffff !important;'><p>\u201cElokuvallinen kuva rakentuu taidolle esitt\u00e4\u00e4 oma mielikuva kohteesta havaintona siit\u00e4.\u201d<\/p>\n<p>Mit\u00e4 Andrei Tarkovski tarkoittaa ajatuksellaan?<\/p>\n<\/span>\n\t\t<\/div>\n\t[\/vc_column][\/vc_row][vc_row][vc_column][vc_empty_space][\/vc_column][\/vc_row][vc_row][vc_column]\n\t\t<div class='vc-mieti-loota' style='\n\t\t\tbackground-color: #dd3333;\n\t\t\tcolor: #ffffff;\n\t\t'>\n\t\t\t<h5 style='color: #ffffff;'><i class='fa fa-arrow-right'><\/i>Kokeile<\/h5>\n\t\t\t<span style='color: #ffffff !important;'><div class=\"row\">\n<div class=\"small-12 medium-6 columns\"><iframe loading=\"lazy\" style=\"width: 100% !important; height: 250px !important;\" src=\"https:\/\/www.youtube.com\/embed\/ztO4wBKiKLo?showinfo=0&amp;rel=0\" width=\"300\" height=\"150\" frameborder=\"0\" allowfullscreen=\"allowfullscreen\"><\/iframe><\/div>\n<div class=\"small-12 medium-6 columns\">\n<p><strong>N\u00e4yt\u00e4 ja kerro<\/strong><\/p>\n<p>Kukin oppilas valitsee koulun alueelta paikan tai k\u00e4velyreitin, josta voi havaita paljon erilaisia pieni\u00e4 tapahtumia. Teht\u00e4v\u00e4n\u00e4 on kuvata yhdell\u00e4 minuutin mittaisella otoksella mahdollisimman monta eri tapahtumaa ja samalla selostaa ne videolle \u00e4\u00e4neen. Kamera k\u00e4y koko ajan!<\/p>\n<p><a style=\"color: #fff; text-decoration: underline;\" href=\"\/edu\/materiaalit\/KKEDU-kuvausharjoitus_Nayta_ja_kerro.pdf\" target=\"_blank\">Lataa harjoituksen ohjeet<\/a> [PDF]<\/p>\n<\/div>\n<\/div>\n<\/span>\n\t\t<\/div>\n\t[\/vc_column][\/vc_row]<\/p>\n","protected":false},"excerpt":{"rendered":"<p>[vc_row css=&#8221;.vc_custom_1470481766706{padding-top: 15px !important;padding-right: 15px !important;padding-bottom: 15px !important;padding-left: 15px !important;}&#8221;][vc_column][vc_column_text] [\/vc_column_text][\/vc_column][\/vc_row][vc_row equal_height=&#8221;yes&#8221; css=&#8221;.vc_custom_1471501673979{padding-right: 15px !important;padding-left: 15px !important;}&#8221;][vc_column width=&#8221;1\/2&#8243; offset=&#8221;vc_col-xs-12&#8243; css=&#8221;.vc_custom_1471500898102{padding-bottom: 44px !important;background-color: #1e73be !important;}&#8221;][\/vc_column][vc_column width=&#8221;1\/2&#8243; offset=&#8221;vc_col-xs-12&#8243; css=&#8221;.vc_custom_1470828125408{background-color: #1e73be !important;}&#8221;][\/vc_column][\/vc_row][vc_row][vc_column][vc_empty_space][\/vc_column][\/vc_row][vc_row equal_height=&#8221;yes&#8221;][vc_column width=&#8221;1\/2&#8243; offset=&#8221;vc_col-xs-12&#8243;][\/vc_column][vc_column width=&#8221;1\/2&#8243; offset=&#8221;vc_col-xs-12&#8243;][\/vc_column][\/vc_row][vc_row][vc_column][vc_empty_space][\/vc_column][\/vc_row][vc_row equal_height=&#8221;yes&#8221;][vc_column width=&#8221;1\/2&#8243; offset=&#8221;vc_col-xs-12&#8243;][\/vc_column][vc_column width=&#8221;1\/2&#8243; offset=&#8221;vc_col-xs-12&#8243;][\/vc_column][\/vc_row][vc_row][vc_column][vc_empty_space][\/vc_column][\/vc_row][vc_row][vc_column][\/vc_column][\/vc_row]<\/p>\n","protected":false},"author":1,"featured_media":0,"parent":133,"menu_order":0,"comment_status":"closed","ping_status":"closed","template":"page_polku_alasivu.php","meta":[],"_links":{"self":[{"href":"https:\/\/kaikkikuvaa.fi\/edu\/wp-json\/wp\/v2\/pages\/149"}],"collection":[{"href":"https:\/\/kaikkikuvaa.fi\/edu\/wp-json\/wp\/v2\/pages"}],"about":[{"href":"https:\/\/kaikkikuvaa.fi\/edu\/wp-json\/wp\/v2\/types\/page"}],"author":[{"embeddable":true,"href":"https:\/\/kaikkikuvaa.fi\/edu\/wp-json\/wp\/v2\/users\/1"}],"replies":[{"embeddable":true,"href":"https:\/\/kaikkikuvaa.fi\/edu\/wp-json\/wp\/v2\/comments?post=149"}],"version-history":[{"count":40,"href":"https:\/\/kaikkikuvaa.fi\/edu\/wp-json\/wp\/v2\/pages\/149\/revisions"}],"predecessor-version":[{"id":1047,"href":"https:\/\/kaikkikuvaa.fi\/edu\/wp-json\/wp\/v2\/pages\/149\/revisions\/1047"}],"up":[{"embeddable":true,"href":"https:\/\/kaikkikuvaa.fi\/edu\/wp-json\/wp\/v2\/pages\/133"}],"wp:attachment":[{"href":"https:\/\/kaikkikuvaa.fi\/edu\/wp-json\/wp\/v2\/media?parent=149"}],"curies":[{"name":"wp","href":"https:\/\/api.w.org\/{rel}","templated":true}]}}