{"id":18,"date":"2016-07-26T12:21:21","date_gmt":"2016-07-26T09:21:21","guid":{"rendered":"http:\/\/kaikkikuvaa.fi\/edu\/?page_id=18"},"modified":"2025-12-02T00:02:22","modified_gmt":"2025-12-01T22:02:22","slug":"tilaa-koulutus","status":"publish","type":"page","link":"https:\/\/kaikkikuvaa.fi\/edu\/tilaa-koulutus\/","title":{"rendered":"Tilaa koulutus"},"content":{"rendered":"<p>[vc_row css=&#8221;.vc_custom_1470815294038{padding-right: 30px !important;padding-left: 30px !important;background-color: #ffffff !important;}&#8221;][vc_column][vc_column_text]<img loading=\"lazy\" class=\"aligncenter size-full wp-image-2526\" src=\"http:\/\/kaikkikuvaa.fi\/edu\/wp-content\/uploads\/2022\/01\/otsikko.jpg\" alt=\"otsikko\" width=\"2048\" height=\"1019\" srcset=\"https:\/\/kaikkikuvaa.fi\/edu\/wp-content\/uploads\/2022\/01\/otsikko.jpg 2048w, https:\/\/kaikkikuvaa.fi\/edu\/wp-content\/uploads\/2022\/01\/otsikko-300x149.jpg 300w, https:\/\/kaikkikuvaa.fi\/edu\/wp-content\/uploads\/2022\/01\/otsikko-768x382.jpg 768w, https:\/\/kaikkikuvaa.fi\/edu\/wp-content\/uploads\/2022\/01\/otsikko-1024x510.jpg 1024w\" sizes=\"(max-width: 2048px) 100vw, 2048px\" \/>[\/vc_column_text][\/vc_column][\/vc_row][vc_row css=&#8221;.vc_custom_1471004117441{padding-right: 20px !important;padding-left: 20px !important;background-color: #ffffff !important;}&#8221;][vc_column width=&#8221;7\/12&#8243;][vc_column_text]T\u00e4m\u00e4n sivuston\u00a0avulla olemme halunneet tuoda laadukkaan kamerakyn\u00e4koulutuksen maksutta kaikkien Suomen opettajien ulottuville. Parhainkaan verkkokurssi ei kuitenkaan korvaa l\u00e4hikoulutusta. Tulemme siis tilauksesta kouluttamaan kamerakyn\u00e4n pedagogiikkaa my\u00f6s paikan p\u00e4\u00e4lle.<\/p>\n<p>Koulutuksen kesto voidaan suunnitella tarpeittenne mukaan. Voimme j\u00e4rjest\u00e4\u00e4 esimerkiksi yhden iltap\u00e4iv\u00e4n mittaisen perehdytyksen koulujenne tai p\u00e4iv\u00e4kotienne opettajille. Kun innostus on her\u00e4tetty, verkon itseopiskelumateriaalimme toimivat oivallisena jatkona. Toisessa \u00e4\u00e4rip\u00e4\u00e4ss\u00e4 voimme toteuttaa laajan parin p\u00e4iv\u00e4n mittaisen kattavan koulutuksen, perusteellisen katsauksen kamerakyn\u00e4n pedagogiikan syv\u00e4\u00e4n ytimeen. Suosituin koulutuksemme on kuitenkin yhden kokonaisen koulutusp\u00e4iv\u00e4n mittainen paketti, jonka olemmekin viimeisen 10 vuoden aikana hioneet aivan timanttiseksi.<\/p>\n<p>Koulutuksen j\u00e4rjest\u00e4misess\u00e4 kuuntelemme tarkkaan tilaajaa, sill\u00e4 meille on t\u00e4rke\u00e4\u00e4, ett\u00e4 koulutus varmasti vastaa osallistujien tarpeisiin. Sivustolla tarjoamme omaa koulutuspolkua perusopetuksen opettajille ja toista varhaiskasvatukseen, mutta tilauskoulutuksia j\u00e4rjest\u00e4mme my\u00f6s toisen asteen opettajille. Koulutusta voidaan r\u00e4\u00e4t\u00e4l\u00f6id\u00e4 my\u00f6s spesifimmeille kohderyhmille, esim. pelk\u00e4st\u00e4\u00e4n esiopettajille, tietyn aineen yl\u00e4koulun opettajille tai vaikka kirjastonhoitajille. Meill\u00e4 on paljon aiempaa kokemusta my\u00f6s n\u00e4ist\u00e4 tarkemmin kohdistetuista koulutuksista. Kamerakyn\u00e4st\u00e4 on moneksi!<\/p>\n<p>Koulutus on parhaimmillaan noin 15-20 hengen kokoisella osallistujaryhm\u00e4ll\u00e4, mutta taipuu tarpeen mukaan hyvin joustavasti eri kokoisille ryhmille. Olemme j\u00e4rjest\u00e4neet luentomaisempia tilaisuuksia jopa sadoille kuulijoille ja toisessa \u00e4\u00e4rip\u00e4\u00e4ss\u00e4 l\u00e4hes yksityisopetusta parille osallistujalle. Varsinaisen kouluttamisen lis\u00e4ksi meit\u00e4 voi tilata vet\u00e4m\u00e4\u00e4n avauksia ja luentoja tai kutsua seminaareihin ja paneelikeskusteluihin aiheen tiimoilta.<\/p>\n<p>Koulutuksen tilaaja voi olla esimerkiksi koulu, alueen koulut tai p\u00e4iv\u00e4kodit yhdess\u00e4 tai kunta (esim. opetus-, kasvatus- tai kulttuuritoimi). Kamerakyn\u00e4koulutus sopii mainiosti esim. osaksi alueellista varhaiskasvatuksen kehitt\u00e4mishanketta. Kouluttajamme asuvat p\u00e4\u00e4kaupunkiseudulla, mutta j\u00e4rjest\u00e4mme tilauksesta koulutuksia kaikkialla Suomessa. Veloitamme koulutusmaksun lis\u00e4ksi kouluttajan matkakulut Helsingist\u00e4 sek\u00e4 tarvittaessa majoituskulut.<\/p>\n<p>Tuotantoyhti\u00f6 Amazementin kouluttajina toimivat kokeneet mediapedagogit ja elokuvakasvattajat, mm. Arttu Haglund, Panu Tuomikko, Emilia Tuovila ja Mikko Toiviainen.<\/p>\n<p>Voit j\u00e4tt\u00e4\u00e4 tarjouspyynn\u00f6n k\u00e4ytt\u00e4m\u00e4ll\u00e4 allaolevaa lomaketta tai l\u00e4hesty\u00e4 meit\u00e4 suoraan s\u00e4hk\u00f6postitse osoitteeseen:<br \/>\n<strong>info (at) amazement.fi<\/strong>.[\/vc_column_text][\/vc_column][vc_column width=&#8221;5\/12&#8243;][vc_single_image image=&#8221;2532&#8243; img_size=&#8221;full&#8221;][vc_single_image image=&#8221;2527&#8243; img_size=&#8221;full&#8221;][vc_single_image image=&#8221;2528&#8243; img_size=&#8221;full&#8221;][vc_single_image image=&#8221;2529&#8243; img_size=&#8221;full&#8221;][\/vc_column][\/vc_row][vc_row][vc_column el_class=&#8221;center-form&#8221;][vc_column_text]<\/p>\n<h3 style=\"text-align: center;\">L\u00e4het\u00e4 tarjouspyynt\u00f6<\/h3>\n<p>[\/vc_column_text][vc_column_text]<div role=\"form\" class=\"wpcf7\" id=\"wpcf7-f115-o1\" lang=\"fi\" dir=\"ltr\">\n<div class=\"screen-reader-response\"><p role=\"status\" aria-live=\"polite\" aria-atomic=\"true\"><\/p> <ul><\/ul><\/div>\n<form action=\"\/edu\/wp-json\/wp\/v2\/pages\/18#wpcf7-f115-o1\" method=\"post\" class=\"wpcf7-form init\" novalidate=\"novalidate\" data-status=\"init\">\n<div style=\"display: none;\">\n<input type=\"hidden\" name=\"_wpcf7\" value=\"115\" \/>\n<input type=\"hidden\" name=\"_wpcf7_version\" value=\"5.6.3\" \/>\n<input type=\"hidden\" name=\"_wpcf7_locale\" value=\"fi\" \/>\n<input type=\"hidden\" name=\"_wpcf7_unit_tag\" value=\"wpcf7-f115-o1\" \/>\n<input type=\"hidden\" name=\"_wpcf7_container_post\" value=\"0\" \/>\n<input type=\"hidden\" name=\"_wpcf7_posted_data_hash\" value=\"\" \/>\n<\/div>\n<p>Yhteyshenkil\u00f6n nimi<br \/>\n    <span class=\"wpcf7-form-control-wrap\" data-name=\"nimi\"><input type=\"text\" name=\"nimi\" value=\"\" size=\"40\" class=\"wpcf7-form-control wpcf7-text wpcf7-validates-as-required\" aria-required=\"true\" aria-invalid=\"false\" \/><\/span> <\/p>\n<p>Yhteyshenkil\u00f6n s\u00e4hk\u00f6postiosoite<br \/>\n    <span class=\"wpcf7-form-control-wrap\" data-name=\"sahkoposti\"><input type=\"email\" name=\"sahkoposti\" value=\"\" size=\"40\" class=\"wpcf7-form-control wpcf7-text wpcf7-email wpcf7-validates-as-required wpcf7-validates-as-email\" aria-required=\"true\" aria-invalid=\"false\" \/><\/span> <\/p>\n<p>Yhteyshenkil\u00f6n puhelinnumero<br \/>\n    <span class=\"wpcf7-form-control-wrap\" data-name=\"puhelinnumero\"><input type=\"tel\" name=\"puhelinnumero\" value=\"\" size=\"40\" class=\"wpcf7-form-control wpcf7-text wpcf7-tel wpcf7-validates-as-required wpcf7-validates-as-tel\" aria-required=\"true\" aria-invalid=\"false\" \/><\/span> <\/p>\n<p>Kunta<br \/>\n    <span class=\"wpcf7-form-control-wrap\" data-name=\"kunta\"><input type=\"text\" name=\"kunta\" value=\"\" size=\"40\" class=\"wpcf7-form-control wpcf7-text wpcf7-validates-as-required\" aria-required=\"true\" aria-invalid=\"false\" \/><\/span> <\/p>\n<p>Oppilaitos tai p\u00e4iv\u00e4koti<br \/>\n    <span class=\"wpcf7-form-control-wrap\" data-name=\"koulu\"><input type=\"text\" name=\"koulu\" value=\"\" size=\"40\" class=\"wpcf7-form-control wpcf7-text wpcf7-validates-as-required\" aria-required=\"true\" aria-invalid=\"false\" \/><\/span> <\/p>\n<p>Kouluaste<br \/>\n<span class=\"wpcf7-form-control-wrap\" data-name=\"kouluaste\"><span class=\"wpcf7-form-control wpcf7-radio\"><span class=\"wpcf7-list-item first\"><input type=\"radio\" name=\"kouluaste\" value=\"varhaiskasvatus\" checked=\"checked\" \/><span class=\"wpcf7-list-item-label\">varhaiskasvatus<\/span><\/span><span class=\"wpcf7-list-item\"><input type=\"radio\" name=\"kouluaste\" value=\"perusopetus\" \/><span class=\"wpcf7-list-item-label\">perusopetus<\/span><\/span><span class=\"wpcf7-list-item last\"><input type=\"radio\" name=\"kouluaste\" value=\"toinen aste\" \/><span class=\"wpcf7-list-item-label\">toinen aste<\/span><\/span><\/span><\/span><\/p>\n<p>Koulutuksen luonne<br \/>\n    <span class=\"wpcf7-form-control-wrap\" data-name=\"luonne\"><span class=\"wpcf7-form-control wpcf7-radio\"><span class=\"wpcf7-list-item first\"><input type=\"radio\" name=\"luonne\" value=\"koko p\u00e4iv\u00e4n koulutus\" checked=\"checked\" \/><span class=\"wpcf7-list-item-label\">koko p\u00e4iv\u00e4n koulutus<\/span><\/span><span class=\"wpcf7-list-item\"><input type=\"radio\" name=\"luonne\" value=\"kahden p\u00e4iv\u00e4n koulutus\" \/><span class=\"wpcf7-list-item-label\">kahden p\u00e4iv\u00e4n koulutus<\/span><\/span><span class=\"wpcf7-list-item last\"><input type=\"radio\" name=\"luonne\" value=\"puolen p\u00e4iv\u00e4n koulutus\" \/><span class=\"wpcf7-list-item-label\">puolen p\u00e4iv\u00e4n koulutus<\/span><\/span><\/span><\/span> <\/p>\n<p>Toivottu koulutusajankohta<br \/>\n    <span class=\"wpcf7-form-control-wrap\" data-name=\"ajankohta\"><input type=\"text\" name=\"ajankohta\" value=\"\" size=\"40\" class=\"wpcf7-form-control wpcf7-text wpcf7-validates-as-required\" aria-required=\"true\" aria-invalid=\"false\" \/><\/span> <\/p>\n<p>Kerro vapaasti, millaista koulutusta tilaatte ja kenelle:<br \/>\n    <span class=\"wpcf7-form-control-wrap\" data-name=\"vapaakentta\"><textarea name=\"vapaakentta\" cols=\"40\" rows=\"10\" class=\"wpcf7-form-control wpcf7-textarea wpcf7-validates-as-required\" aria-required=\"true\" aria-invalid=\"false\"><\/textarea><\/span> <\/p>\n<p>[recaptcha id:tilaa-koulutus size:compact]<\/p>\n<p><input type=\"submit\" value=\"L\u00e4het\u00e4\" class=\"wpcf7-form-control has-spinner wpcf7-submit\" \/><\/p>\n<div class=\"wpcf7-response-output\" aria-hidden=\"true\"><\/div><\/form><\/div>[\/vc_column_text][vc_column_text]Yli kolme viikkoa ennen sovittua koulutusajankohtaa koulutuksen voi perua veloituksetta. Alle kolme viikkoa ennen koulutusta veloitamme peruutuksista 50 % sovitusta koulutushinnasta. Viikkoa ennen koulutusta ja sit\u00e4 my\u00f6hemmin perutusta koulutuksesta veloitamme t\u00e4yden koulutushinnan.[\/vc_column_text][\/vc_column][\/vc_row]<\/p>\n","protected":false},"excerpt":{"rendered":"<p>[vc_row css=&#8221;.vc_custom_1470815294038{padding-right: 30px !important;padding-left: 30px !important;background-color: #ffffff !important;}&#8221;][vc_column][vc_column_text][\/vc_column_text][\/vc_column][\/vc_row][vc_row css=&#8221;.vc_custom_1471004117441{padding-right: 20px !important;padding-left: 20px !important;background-color: #ffffff !important;}&#8221;][vc_column width=&#8221;7\/12&#8243;][vc_column_text]T\u00e4m\u00e4n sivuston\u00a0avulla olemme halunneet tuoda laadukkaan kamerakyn\u00e4koulutuksen maksutta kaikkien Suomen opettajien ulottuville. Parhainkaan verkkokurssi ei kuitenkaan korvaa l\u00e4hikoulutusta. Tulemme siis tilauksesta kouluttamaan kamerakyn\u00e4n pedagogiikkaa my\u00f6s paikan p\u00e4\u00e4lle. Koulutuksen kesto voidaan suunnitella tarpeittenne mukaan. Voimme j\u00e4rjest\u00e4\u00e4 esimerkiksi yhden iltap\u00e4iv\u00e4n mittaisen perehdytyksen [&hellip;]<\/p>\n","protected":false},"author":1,"featured_media":0,"parent":0,"menu_order":0,"comment_status":"closed","ping_status":"closed","template":"page_polku.php","meta":[],"_links":{"self":[{"href":"https:\/\/kaikkikuvaa.fi\/edu\/wp-json\/wp\/v2\/pages\/18"}],"collection":[{"href":"https:\/\/kaikkikuvaa.fi\/edu\/wp-json\/wp\/v2\/pages"}],"about":[{"href":"https:\/\/kaikkikuvaa.fi\/edu\/wp-json\/wp\/v2\/types\/page"}],"author":[{"embeddable":true,"href":"https:\/\/kaikkikuvaa.fi\/edu\/wp-json\/wp\/v2\/users\/1"}],"replies":[{"embeddable":true,"href":"https:\/\/kaikkikuvaa.fi\/edu\/wp-json\/wp\/v2\/comments?post=18"}],"version-history":[{"count":35,"href":"https:\/\/kaikkikuvaa.fi\/edu\/wp-json\/wp\/v2\/pages\/18\/revisions"}],"predecessor-version":[{"id":3271,"href":"https:\/\/kaikkikuvaa.fi\/edu\/wp-json\/wp\/v2\/pages\/18\/revisions\/3271"}],"wp:attachment":[{"href":"https:\/\/kaikkikuvaa.fi\/edu\/wp-json\/wp\/v2\/media?parent=18"}],"curies":[{"name":"wp","href":"https:\/\/api.w.org\/{rel}","templated":true}]}}