{"id":20,"date":"2016-07-26T12:21:28","date_gmt":"2016-07-26T09:21:28","guid":{"rendered":"http:\/\/kaikkikuvaa.fi\/edu\/?page_id=20"},"modified":"2021-09-14T21:21:31","modified_gmt":"2021-09-14T18:21:31","slug":"info","status":"publish","type":"page","link":"https:\/\/kaikkikuvaa.fi\/edu\/info\/","title":{"rendered":"Info"},"content":{"rendered":"<p>[vc_row][vc_column][\/vc_column][\/vc_row][vc_row css=&#8221;.vc_custom_1471284957417{padding-right: 20px !important;padding-left: 20px !important;background-color: #ffffff !important;}&#8221;][vc_column][vc_column_text]<img loading=\"lazy\" class=\"alignnone size-full wp-image-940\" src=\"http:\/\/kaikkikuvaa.fi\/edu\/wp-content\/uploads\/2016\/07\/kuvanveisto.jpg\" alt=\"kuvanveisto\" width=\"1400\" height=\"477\" srcset=\"https:\/\/kaikkikuvaa.fi\/edu\/wp-content\/uploads\/2016\/07\/kuvanveisto.jpg 1400w, https:\/\/kaikkikuvaa.fi\/edu\/wp-content\/uploads\/2016\/07\/kuvanveisto-300x102.jpg 300w, https:\/\/kaikkikuvaa.fi\/edu\/wp-content\/uploads\/2016\/07\/kuvanveisto-768x262.jpg 768w, https:\/\/kaikkikuvaa.fi\/edu\/wp-content\/uploads\/2016\/07\/kuvanveisto-1024x349.jpg 1024w\" sizes=\"(max-width: 1400px) 100vw, 1400px\" \/>[\/vc_column_text][\/vc_column][\/vc_row][vc_row css=&#8221;.vc_custom_1471004117441{padding-right: 20px !important;padding-left: 20px !important;background-color: #ffffff !important;}&#8221;][vc_column width=&#8221;2\/3&#8243;][vc_column_text]Kaikki kuvaa EDU -opettajainkoulutushankkeen on tuottanut\u00a0ja sivuston yll\u00e4pidosta vastaa tuotantoyhti\u00f6 <strong><a title=\"Linkki aukeaa uuteen v\u00e4lilehteen\" href=\"http:\/\/www.amazement.fi\" target=\"_blank\">Amazement<\/a><\/strong>. Hankkeen on rahoittanut <strong>Opetushallitus<\/strong>. Koulutuspolut &#8221;Kamerakyn\u00e4n pedagogiikka&#8221; (peruskoulu) ja &#8221;Elokuvan kolme perusasiaa&#8221; ovat suunnitelleet ja toteuttaneet tuottaja, elokuvakasvattaja, kouluttaja\u00a0<strong>Arttu Haglund<\/strong> ja mediapedagogi, kouluttaja <strong>Ismo Kiesil\u00e4inen<\/strong>. Esiopettajille tarkoitetun version &#8221;Kamerakyn\u00e4n pedagogiikka&#8221; -polusta\u00a0on suunnitellut ja toteuttanut Arttu Haglund.<\/p>\n<p>Peruskoulun verkkokoulutusta kehitettiin l\u00e4hikoulutuksissa pilottihankkeessa kev\u00e4\u00e4ll\u00e4 2016 yhteisty\u00f6ss\u00e4 Opetushallituksen kehitt\u00e4miskouluverkostoon kuuluvien Vantaan peruskoulujen opettajien kanssa. Koulutukseen liitetyt k\u00e4yt\u00e4nn\u00f6n esimerkkivideot kamerakyn\u00e4n pedagogiikan soveltamisesta kouluty\u00f6h\u00f6n kuvattiin Helsingin ja Vantaan peruskouluissa lukuvuoden 2015\u201316 aikana.<\/p>\n<p>Esiopetuksen verkkokoulutusta kehitettiin l\u00e4hikoulutuksissa esiopetuksen pilottihankkeessa kev\u00e4\u00e4ll\u00e4 2017 yhteisty\u00f6ss\u00e4 helsinkil\u00e4isten ja mikkelil\u00e4isten p\u00e4iv\u00e4kotien kanssa. Esiopetuksen esimerkkivideoita on kuvattu helsinkil\u00e4isiss\u00e4 p\u00e4iv\u00e4kodeissa kev\u00e4\u00e4ll\u00e4 2017 ja syksyll\u00e4 2017.[\/vc_column_text][vc_column_text css=&#8221;.vc_custom_1471533799760{padding-top: 20px !important;padding-right: 20px !important;padding-bottom: 20px !important;padding-left: 20px !important;background-color: #efbfbf !important;border-radius: 1px !important;}&#8221;]<\/p>\n<p style=\"font-size: 13px;\">HUOM. Sivuston verkkokoulutus on maksuton ja tarkoitettu opettajille, elokuvakasvattajille, opiskelijoille, oppilaille ja kaikille muillekin yksityishenkil\u00f6ille. Materiaalin kaupallinen tai taloudellinen hy\u00f6dynt\u00e4minen (esim. osana maksullista l\u00e4hikoulutusta) ilman tuotantoyhti\u00f6 Amazementin kirjallista lupaa on ehdottomasti kielletty.\u00a0Ota tarvittaessa yhteytt\u00e4: <strong>info [at] amazement.fi<\/strong>.<\/p>\n<p>[\/vc_column_text][vc_separator color=&#8221;juicy_pink&#8221;][vc_row_inner][vc_column_inner width=&#8221;1\/2&#8243;][vc_column_text]<\/p>\n<h5>Verkkokoulutus<\/h5>\n<p style=\"font-size: 13px;\"><strong>Suunnittelu ja toteutus<\/strong><br \/>\nArttu Haglund ja Ismo Kiesil\u00e4inen<\/p>\n<p style=\"font-size: 13px;\"><strong>Sivuston tekninen toteutus<\/strong><br \/>\n<a title=\"Linkki avautuu uuteen v\u00e4lilehteen\" href=\"http:\/\/www.tumma.fi\" target=\"_blank\">Tumma Studio<\/a>, Abeon Software ja Amazement<\/p>\n<p style=\"font-size: 13px;\"><strong>Graafinen suunnittelu ja logo<\/strong><br \/>\nTumma Studio<\/p>\n<p>[\/vc_column_text][\/vc_column_inner][vc_column_inner width=&#8221;1\/2&#8243;][vc_column_text]<\/p>\n<h5>Koulutuselokuvat<\/h5>\n<p style=\"font-size: 13px;\"><strong>Ohjaus ja k\u00e4sikirjoitus<\/strong><br \/>\nArttu Haglund ja Ismo Kiesil\u00e4inen<\/p>\n<p style=\"font-size: 13px;\"><strong>Kuvaus<\/strong><br \/>\nMarkus Tynsk\u00e4 ja Arttu Haglund<br \/>\n<strong><br \/>\n\u00c4\u00e4nitys<\/strong><br \/>\nArttu Haglund, Aleksi Tegel, Jarno Muhonen ja Annukka Haglund<\/p>\n<p style=\"font-size: 13px;\"><strong>\u00c4\u00e4nisuunnittelu<\/strong><br \/>\nAleksi Tegel<\/p>\n<p style=\"font-size: 13px;\"><strong>Leikkaus ja tuotanto<\/strong><br \/>\nArttu Haglund<\/p>\n<p style=\"font-size: 13px;\"><strong>Talous<\/strong><br \/>\nPerttu Haglund<\/p>\n<p>[\/vc_column_text][\/vc_column_inner][\/vc_row_inner][vc_separator color=&#8221;sky&#8221;][vc_column_text]<\/p>\n<h5>Elokuvan kolme perusasiaa -elokuvien esiintyj\u00e4t<\/h5>\n<p style=\"font-size: 13px;\">Juuso Pekkinen, Panu Tuomikko, Carlos Marroquin, Meri Luukkanen, Pinja Raappana, Jimi Holmberg, Esko Valtaoja, Matti Peltom\u00e4ki, Etna Leivo, Nora Massinen, Veera Nikkil\u00e4, Annukka Haglund, Miika Ullakko, Somaya Lehtinen, Heidi Lappalainen, Dan Santoo, Iina Sihvonen, Oona Sihvonen, Emmi Komlosi, Emilia Tuovila, Johanna Tujula, Maija Alander, Meri Truhponen, Aku Nurmi, Valo Rinne, Elli Melasniemi, Viviana Irving, Rosa Karlsson, Rosanna Liuski, Jenna Kettunen, Eetu Varttila, ona Vanhanen, Simo Raittila, Ina Mikkola, Katariina V\u00e4is\u00e4nen, Olli Hakkarainen, Olli-Pekka Kahilakoski, Okko Karvonen, Tuulia Perttula, Nadja Fasolah, Liisa Raina, Rauno Haapaniemi<\/p>\n<h5>Muissa koulutuselokuvissa esiintyneet<\/h5>\n<p style=\"font-size: 13px;\">Emilia Tuovila, Panu Tuomikko, Jani Luomaj\u00e4rvi, Ismo Kiesil\u00e4inen, Pinja Bergstr\u00f6m, Siiri Vappula, Ama Kommonen, Sauli Saarnio, Touko Salonen, Mikko Meril\u00e4inen, Sofia P\u00f6ll\u00e4nen, Kati Iijolainen<\/p>\n<h5>Kamerakyn\u00e4-esimerkkivideoissa mukana<\/h5>\n<p style=\"font-size: 13px;\">Kimmo Korpi \/ Poikkilaakson ala-asteen koulu (2.\u20133. lk, &#8221;Peikkopuro&#8221;)<br \/>\nJuha Alanne \/ Poikkilaakson ala-asteen koulu (4.\u20135. lk, &#8221;Rautamantu&#8221;)<br \/>\nKimmo Sundstr\u00f6m \/ Poikkilaakson ala-asteen koulu (4.\u20135. lk, &#8221;Rautamantu&#8221;)<br \/>\nJarno Ala-Nissil\u00e4 \/ Metsolan ala-asteen koulu (2A)<br \/>\nPilvi Saarela \/ Vallilan ala-asteen koulu (6A, musiikin valinnaisryhm\u00e4)<br \/>\nAsta Holopainen \/ Ruusuvuoren koulu (7A)<br \/>\nSuvi Norppa \/ Ruusuvuoren koulu (8E, 6B, 6C)<br \/>\nHanne-Mari Rumbin \/ L\u00e4nsim\u00e4en koulu (4B)<br \/>\nSalla Alatalo \/ P\u00e4iv\u00e4koti Koralli<br \/>\nVeera Familia \/ P\u00e4iv\u00e4koti Vaapukka<br \/>\nSirkka Harvisalo \/ P\u00e4iv\u00e4koti Myllytonttu<\/p>\n<h5>Kiit\u00e4mme avusta ja yhteisty\u00f6st\u00e4<\/h5>\n<p style=\"font-size: 13px;\">Kansallinen audiovisuaalinen instituutti \/\u00a0Kirsi Raitaranta, Juha Kindberg, Olavi Simil\u00e4, Tommi Partanen, Institut Lumi\u00e8re \/ Ana\u00efs Desrieux, MK2 Productions \/ Anne-Laure Barbarit, Warner Music Finland \/ Minna Paakkola,\u00a0Nosferatu Oy \/ Juhana von Bagh, Matila R\u00f6hr Productions Oy \/ Hanna J\u00e4rvinen, Zentropa \/ Emil Hobel, Yleisradio, Suomen J\u00e4\u00e4kiekkoliitto \/ Marianna Hietam\u00e4ki, Oikeutta el\u00e4imille, Yle Urheilu \/ Tuija Nieminen, Metropolia Ammattikorkeakoulu \/ Anitta Pankkonen-Rentola, Polyteknikkojen kuoro \/ Ilmari P\u00e4rn\u00e4nen, Deutsche Kinemathek \/ Anke Hahn, Pohjola-filmi Oy \/ Elina Pohjola, Oskari Sipola, Yle Arkisto \/ Jorma Karisto, Kennel Helsinki \/ Katja Jokinen, Suomen ilmailumuseo \/ Henri \u00c4ij\u00e4l\u00e4, Vartiokyl\u00e4n yl\u00e4asteen koulu \/ Marja Rikaniemi, Timo R\u00e4s\u00e4nen, Viikin opetus- ja tutkimustila \/ Miika Kahelin, Sipoon koulumuseo, Teatteriryhm\u00e4 S\u00e4rm\u00e4, Annantalo \/ Petri Laakso, p\u00e4iv\u00e4koti Merirasti \/ Tarmo Niemi, Jani Luomaj\u00e4rvi ja\u00a0Marjaana Gyekye<\/p>\n<p style=\"font-size: 13px;\">Susan Korpi, Anne Leivo, Anu Haglund, Liisa Raina, Rauno Haapaniemi, Saara Salomaa, Sara Sintonen, Teemu Laaksonen, Joel Olenius, Tommi Nevala, Jukka Haveri, Pasi Ylirisku<\/p>\n<p>[\/vc_column_text][vc_separator color=&#8221;custom&#8221; accent_color=&#8221;#bdef3a&#8221;][vc_column_text css=&#8221;.vc_custom_1502897772847{padding-top: 20px !important;padding-right: 20px !important;padding-bottom: 20px !important;padding-left: 20px !important;background-color: #efefef !important;border-radius: 1px !important;}&#8221;]<\/p>\n<p style=\"font-size: 14px;\">Tuotantoyhti\u00f6 Amazement on Suomen ainoa elokuvakasvatukseen erikoistunut elokuvatuotantoyhti\u00f6. Aiempi hankkeemme on vuodesta 2013 toiminut opetus- ja kulttuuriministeri\u00f6n rahoittama\u00a0<a title=\"Linkki avautuu uuteen v\u00e4lilehteen\" href=\"http:\/\/www.kaikkikuvaa.fi\" target=\"_blank\"><strong>Kaikki kuvaa<\/strong><\/a> -sivusto, joka opettaa helposti ja hauskasti elokuvien tekemist\u00e4 lapsille ja nuorille. Vuosittain kev\u00e4\u00e4ll\u00e4 j\u00e4rjestett\u00e4v\u00e4st\u00e4 Kaikki kuvaa -elokuvakilpailustamme on kasvanut Suomen suurin ja sivustolla on julkaistu jo yli 800 vapaasti koulutunneillakin katsottavissa olevaa elokuvaa.<\/p>\n<p style=\"font-size: 14px;\">Olemme valinneet elokuvakasvatustoimintamme ensisijaiseksi areenaksi internetin, koska\u00a0haluamme varmistaa\u00a0hankkeittemme tasapuolisen tavoitettavuuden\u00a0ymp\u00e4ri Suomen. Verkkotoiminnan tueksi j\u00e4rjest\u00e4mme lapsille ja nuorille elokuvaty\u00f6pajoja ja opettajille kamerakyn\u00e4koulutuksia <a href=\"\/edu\/tilaa-koulutus\">tilauksesta<\/a>. Painotamme mahdollisuuksien mukaan\u00a0pienempi\u00e4 paikkakuntia, joissa elokuvakasvatusta ei ole tavallisesti saatavilla.<\/p>\n<p>[\/vc_column_text][\/vc_column][vc_column width=&#8221;1\/3&#8243;][vc_column_text]<img loading=\"lazy\" class=\"alignnone size-full wp-image-884\" style=\"margin: 0 auto;\" src=\"http:\/\/kaikkikuvaa.fi\/edu\/wp-content\/uploads\/2016\/07\/crew_arttu2.jpg\" alt=\"crew_arttu2\" width=\"1400\" height=\"1400\" srcset=\"https:\/\/kaikkikuvaa.fi\/edu\/wp-content\/uploads\/2016\/07\/crew_arttu2.jpg 1400w, https:\/\/kaikkikuvaa.fi\/edu\/wp-content\/uploads\/2016\/07\/crew_arttu2-150x150.jpg 150w, https:\/\/kaikkikuvaa.fi\/edu\/wp-content\/uploads\/2016\/07\/crew_arttu2-300x300.jpg 300w, https:\/\/kaikkikuvaa.fi\/edu\/wp-content\/uploads\/2016\/07\/crew_arttu2-768x768.jpg 768w, https:\/\/kaikkikuvaa.fi\/edu\/wp-content\/uploads\/2016\/07\/crew_arttu2-1024x1024.jpg 1024w\" sizes=\"(max-width: 1400px) 100vw, 1400px\" \/><\/p>\n<p style=\"font-size: 13px; line-height: 0,7;\"><strong><br \/>\nArttu Haglund, tuottaja<br \/>\narttu.haglund [at] amazement.fi<br \/>\n050 536 9279<\/strong><\/p>\n<p style=\"font-size: 13px; line-height: 0,8;\">Kaikki kuvaa EDU -hankkeen tuottajana ja kouluttajana toimii aiemmin Kaikki kuvaa -sivuston toteuttanut Arttu Haglund. Ennen laajaa ja monipuolista elokuvakasvatusuraansa Haglund otti tuntumaa\u00a0opetusalaan\u00a0tekem\u00e4ll\u00e4 pari vuotta\u00a0opettajansijaisuuksia ja elokuvaopettajan t\u00f6it\u00e4 Helsingin peruskouluissa.<\/p>\n<p>[\/vc_column_text][vc_column_text]<img loading=\"lazy\" class=\"alignnone size-full wp-image-885\" style=\"margin: 0 auto;\" src=\"http:\/\/kaikkikuvaa.fi\/edu\/wp-content\/uploads\/2016\/07\/crew_ismo.jpg\" alt=\"crew_ismo\" width=\"1400\" height=\"1400\" srcset=\"https:\/\/kaikkikuvaa.fi\/edu\/wp-content\/uploads\/2016\/07\/crew_ismo.jpg 1400w, https:\/\/kaikkikuvaa.fi\/edu\/wp-content\/uploads\/2016\/07\/crew_ismo-150x150.jpg 150w, https:\/\/kaikkikuvaa.fi\/edu\/wp-content\/uploads\/2016\/07\/crew_ismo-300x300.jpg 300w, https:\/\/kaikkikuvaa.fi\/edu\/wp-content\/uploads\/2016\/07\/crew_ismo-768x768.jpg 768w, https:\/\/kaikkikuvaa.fi\/edu\/wp-content\/uploads\/2016\/07\/crew_ismo-1024x1024.jpg 1024w\" sizes=\"(max-width: 1400px) 100vw, 1400px\" \/><\/p>\n<p style=\"font-size: 13px; line-height: 0,7;\"><strong><br \/>\nIsmo Kiesil\u00e4inen, mediapedagogi<br \/>\n<\/strong><br \/>\nKoulutuksen pedagogisesta suunnittelusta vastaa mediapedagogi Ismo Kiesil\u00e4inen. Kiesil\u00e4inen on toiminut eri rooleissa media- ja elokuvakasvatuksen kent\u00e4ll\u00e4. Pitk\u00e4aikaisin teht\u00e4v\u00e4 on ollut nuorten mediavaikuttamisen ohjaaminen <a title=\"Linkki avautuu uudessa v\u00e4lilehdess\u00e4\" href=\"http:\/\/nuortenaani.blogspot.com\/\" target=\"_blank\">P\u00e4\u00e4kaupunkiseudun Nuorten \u00c4\u00e4ni -toimituksessa<\/a>.<\/p>\n<p>[\/vc_column_text][\/vc_column][\/vc_row]<\/p>\n","protected":false},"excerpt":{"rendered":"<p>[vc_row][vc_column][\/vc_column][\/vc_row][vc_row css=&#8221;.vc_custom_1471284957417{padding-right: 20px !important;padding-left: 20px !important;background-color: #ffffff !important;}&#8221;][vc_column][vc_column_text][\/vc_column_text][\/vc_column][\/vc_row][vc_row css=&#8221;.vc_custom_1471004117441{padding-right: 20px !important;padding-left: 20px !important;background-color: #ffffff !important;}&#8221;][vc_column width=&#8221;2\/3&#8243;][vc_column_text]Kaikki kuvaa EDU -opettajainkoulutushankkeen on tuottanut\u00a0ja sivuston yll\u00e4pidosta vastaa tuotantoyhti\u00f6 Amazement. Hankkeen on rahoittanut Opetushallitus. Koulutuspolut &#8221;Kamerakyn\u00e4n pedagogiikka&#8221; (peruskoulu) ja &#8221;Elokuvan kolme perusasiaa&#8221; ovat suunnitelleet ja toteuttaneet tuottaja, elokuvakasvattaja, kouluttaja\u00a0Arttu Haglund ja mediapedagogi, kouluttaja Ismo Kiesil\u00e4inen. Esiopettajille tarkoitetun version &#8221;Kamerakyn\u00e4n [&hellip;]<\/p>\n","protected":false},"author":1,"featured_media":0,"parent":0,"menu_order":0,"comment_status":"closed","ping_status":"closed","template":"page_polku.php","meta":[],"_links":{"self":[{"href":"https:\/\/kaikkikuvaa.fi\/edu\/wp-json\/wp\/v2\/pages\/20"}],"collection":[{"href":"https:\/\/kaikkikuvaa.fi\/edu\/wp-json\/wp\/v2\/pages"}],"about":[{"href":"https:\/\/kaikkikuvaa.fi\/edu\/wp-json\/wp\/v2\/types\/page"}],"author":[{"embeddable":true,"href":"https:\/\/kaikkikuvaa.fi\/edu\/wp-json\/wp\/v2\/users\/1"}],"replies":[{"embeddable":true,"href":"https:\/\/kaikkikuvaa.fi\/edu\/wp-json\/wp\/v2\/comments?post=20"}],"version-history":[{"count":28,"href":"https:\/\/kaikkikuvaa.fi\/edu\/wp-json\/wp\/v2\/pages\/20\/revisions"}],"predecessor-version":[{"id":2355,"href":"https:\/\/kaikkikuvaa.fi\/edu\/wp-json\/wp\/v2\/pages\/20\/revisions\/2355"}],"wp:attachment":[{"href":"https:\/\/kaikkikuvaa.fi\/edu\/wp-json\/wp\/v2\/media?parent=20"}],"curies":[{"name":"wp","href":"https:\/\/api.w.org\/{rel}","templated":true}]}}