{"id":2996,"date":"2023-11-06T15:56:04","date_gmt":"2023-11-06T13:56:04","guid":{"rendered":"https:\/\/kaikkikuvaa.fi\/edu\/?page_id=2996"},"modified":"2024-09-22T18:23:28","modified_gmt":"2024-09-22T15:23:28","slug":"kamerakyna-plus","status":"publish","type":"page","link":"https:\/\/kaikkikuvaa.fi\/edu\/kamerakyna-plus\/","title":{"rendered":"Kamerakyn\u00e4+"},"content":{"rendered":"<p>[vc_row css=&#8221;.vc_custom_1470815294038{padding-right: 30px !important;padding-left: 30px !important;background-color: #ffffff !important;}&#8221;][vc_column][vc_column_text]<img loading=\"lazy\" class=\"aligncenter size-full wp-image-2526\" src=\"http:\/\/kaikkikuvaa.fi\/edu\/wp-content\/uploads\/2022\/01\/otsikko.jpg\" alt=\"otsikko\" width=\"2048\" height=\"1019\" srcset=\"https:\/\/kaikkikuvaa.fi\/edu\/wp-content\/uploads\/2022\/01\/otsikko.jpg 2048w, https:\/\/kaikkikuvaa.fi\/edu\/wp-content\/uploads\/2022\/01\/otsikko-300x149.jpg 300w, https:\/\/kaikkikuvaa.fi\/edu\/wp-content\/uploads\/2022\/01\/otsikko-768x382.jpg 768w, https:\/\/kaikkikuvaa.fi\/edu\/wp-content\/uploads\/2022\/01\/otsikko-1024x510.jpg 1024w\" sizes=\"(max-width: 2048px) 100vw, 2048px\" \/>[\/vc_column_text][\/vc_column][\/vc_row][vc_row css=&#8221;.vc_custom_1471004117441{padding-right: 20px !important;padding-left: 20px !important;background-color: #ffffff !important;}&#8221;][vc_column width=&#8221;7\/12&#8243;][vc_column_text]<strong>Kaikki kuvaa EDU: Kamerakyn\u00e4+<\/strong> on Opetushallituksen rahoittama, tuotantoyhti\u00f6 Amazementin toteuttama opetustoimen henkil\u00f6st\u00f6koulutushanke, jossa koulutamme 20 paikkakunnalla kullakin 20 opettajaa kamerakyn\u00e4pedagogeiksi. <span style=\"font-weight: 400;\">Koulutukset j\u00e4rjestet\u00e4\u00e4n loppuvuoden 2024 ja kev\u00e4\u00e4n 2025 aikana.<\/span>\u00a0<strong>Koulutus on ilmainen.<\/strong> Se j\u00e4rjestet\u00e4\u00e4n kunnittain hakijan toiveen mukaisesti l\u00e4hi- tai et\u00e4toteutuksena <em>joko<\/em> perusopetuksen <em>tai<\/em> varhaiskasvatuksen opettajille. Osallistujat voivat olla my\u00f6s lastenhoitajia, sosionomeja, perhep\u00e4iv\u00e4hoitajia tms. Pienill\u00e4 paikkakunnilla my\u00f6s perusopetuksen ja varhaiskasvatuksen yhteiskoulutukset voivat tulla kyseeseen.<\/p>\n<p><span style=\"font-weight: 400;\"><strong>Hakemus tulee j\u00e4tt\u00e4\u00e4 <span style=\"color: #ff0000;\">keskiviikkoon 9.10.2024<\/span>\u00a0menness\u00e4.<\/strong> Hankkeeseen valitaan mukaan n. 20 kuntaa ymp\u00e4ri Suomen. Valinnoissa suosimme:<\/span><\/p>\n<p style=\"padding-left: 20px;\"><strong>1.<\/strong>\u00a0pienten paikkakuntien osalta yhteishakemuksia (pienet kunnat voivat yhdist\u00e4\u00e4 voimansa ja ker\u00e4t\u00e4 tarvittavan osallistujam\u00e4\u00e4r\u00e4n t\u00e4yteen)<\/p>\n<p style=\"padding-left: 20px;\"><strong>2.<\/strong> hyvin perusteltuja hakemuksia: miksi koulutusta tarvitaan juuri teid\u00e4n henkil\u00f6st\u00f6llenne?<\/p>\n<h4 style=\"margin-top: 40px;\">Koulutuksen rakenne<\/h4>\n<p>Koulutuksessa on nelj\u00e4 vaihetta:<\/p>\n<p style=\"padding-left: 20px;\"><b>VAIHE 1:<\/b><span style=\"font-weight: 400;\"><strong> koulutusp\u00e4iv\u00e4 1<\/strong>, jossa osallistujat tutustuvat kamerakyn\u00e4n pedagogiikan teoriaan ja k\u00e4yt\u00e4nt\u00f6\u00f6n (6h)<\/span><\/p>\n<p style=\"padding-left: 20px;\"><b>VAIHE 2:<\/b><span style=\"font-weight: 400;\">\u00a0<strong>kokeilujakso<\/strong>, muutaman viikon jakso, jonka aikana osallistujat kokeilevat menetelm\u00e4\u00e4 omassa opetuksessaan.<\/span><\/p>\n<p style=\"padding-left: 20px;\"><b>VAIHE 3:<\/b><span style=\"font-weight: 400;\"><strong> koulutusp\u00e4iv\u00e4 2<\/strong>, jossa kokoonnutaan yhdess\u00e4 k\u00e4ym\u00e4\u00e4n kokemukset l\u00e4pi ja syvennyt\u00e4\u00e4n pedagogiikkaan yh\u00e4 tarkemmin (6h). K\u00e4sittelemme my\u00f6s editointia, kuvauslupa-asioita ja tekij\u00e4noikeuksia.<\/span><\/p>\n<p style=\"padding-left: 20px;\"><b>VAIHE 4:<\/b><span style=\"font-weight: 400;\">\u00a0<strong>seurantaraportti<\/strong>,\u00a0muutama kuukausi\u00a0koulutusp\u00e4iv\u00e4 2:n j\u00e4lkeen osallistujat l\u00e4hett\u00e4v\u00e4t kouluttajalle seurantaraportin, jossa he kertovat, mill\u00e4 tavalla menetelm\u00e4 on otettu k\u00e4ytt\u00f6\u00f6n omassa koulussa\/p\u00e4iv\u00e4kodissa.<\/span><\/p>\n<h4 style=\"margin-top: 40px;\">L\u00e4hi- tai et\u00e4koulutus<\/h4>\n<p>Osallistava koulutuksemme on ehdottomasti parhaimmillaan l\u00e4hikoulutuksena. T\u00e4ss\u00e4 hankkeessa OPH:n rahoitus kattaa kouluttajan matkakulut Helsingist\u00e4 ja majoituskulut kokonaisuudessaan, eli tulemme t\u00e4ysin ilmaiseksi vet\u00e4m\u00e4\u00e4n koulutusp\u00e4iv\u00e4t kuntaanne. Liikumme tosin julkisilla, eli hankalammin tavoitettavat kunnat voivat vaatia erikoisj\u00e4rjestelyj\u00e4. Toki niin toivoessanne koulutus voidaan j\u00e4rjest\u00e4\u00e4 my\u00f6s et\u00e4toteutuksena.[\/vc_column_text][vc_column_text css=&#8221;.vc_custom_1727018230819{padding-top: 20px !important;padding-right: 20px !important;padding-bottom: 20px !important;padding-left: 20px !important;background-color: #d8ef9e !important;}&#8221;]<span style=\"font-weight: 400; font-size: 120%;\"><strong>Hakiessaan mukaan hakija sitoutuu vastaamaan<\/strong><\/span><\/p>\n<p style=\"margin-left: 30px;\"><b>1)<\/b><span style=\"font-weight: 400; font-size: 90%;\"> v\u00e4hint\u00e4\u00e4n kahdenkymmenen (20) osallistujan sitouttamisesta koulutukseen<br \/>\n<\/span><b>2)<\/b><span style=\"font-weight: 400; font-size: 90%;\"> siit\u00e4, ett\u00e4 osallistujat ovat l\u00e4ht\u00f6kohtaisesti ty\u00f6pareja tai pienryhmi\u00e4 ja osallistujia on v\u00e4hint\u00e4\u00e4n kolmesta eri koulusta\/p\u00e4iv\u00e4kodista <strong>(poikkeuksena pienet paikkakunnat)<\/strong><br \/>\n<\/span><b>3)<\/b><span style=\"font-weight: 400; font-size: 90%;\"> siit\u00e4, ett\u00e4 osallistuneille opettajille j\u00e4rjestyy normaalin ty\u00f6ajan puitteissa, <strong>ilman ylit\u00f6it\u00e4<\/strong>, mahdollisuus:<\/span><\/p>\n<ul>\n<li style=\"font-weight: 400; margin-left: 50px;\"><span style=\"font-weight: 400; font-size: 90%;\">v\u00e4litt\u00e4\u00e4 tietoa oppimastaan muille oman koulun\/p\u00e4iv\u00e4kodin opettajille<\/span><\/li>\n<li style=\"font-weight: 400; margin-left: 50px;\"><span style=\"font-weight: 400; font-size: 90%;\">t\u00e4ytt\u00e4\u00e4 seurantaraporttilomake menetelm\u00e4n k\u00e4ytt\u00f6\u00f6notosta omassa koulussa\/p\u00e4iv\u00e4kodissa muutama kuukausi koulutuksen j\u00e4lkeen<\/span><\/li>\n<\/ul>\n<p>[\/vc_column_text][vc_column_text]<span style=\"font-weight: 400;\">Hakijan tulee l\u00e4ht\u00f6kohtaisesti olla\u00a0paikkakunnan varhaiskasvatus-, opetus- tai sivistystoimi tai poikkeustapauksessa yksitt\u00e4inen koulu\/p\u00e4iv\u00e4koti, joka toimii hankkeen koordinoijana alueella ja sitouttaa riitt\u00e4v\u00e4n m\u00e4\u00e4r\u00e4n opettajia my\u00f6s muista alueen kouluista\/p\u00e4iv\u00e4kodeista mukaan.<\/span><\/p>\n<p><span style=\"font-weight: 400;\"><strong>HUOM.<\/strong>\u00a0Koulutus on ilmainen, mutta Opetushallitus ei valitettavasti kustanna koulutukseen osallistuvien opettajien sijaiskuluja, joten se j\u00e4\u00e4 hakijan kontolle. <\/span>[\/vc_column_text][\/vc_column][vc_column width=&#8221;5\/12&#8243;][vc_column_text css=&#8221;.vc_custom_1641934875539{padding-top: 20px !important;padding-right: 20px !important;padding-bottom: 20px !important;padding-left: 20px !important;background-color: #b8cced !important;}&#8221;]<strong>Kamerakyn\u00e4?<\/strong><\/p>\n<p style=\"font-size: 90%;\">Kamerakyn\u00e4 ei ole ihmeellinen uusi laite, vaan uusi ty\u00f6tapa \u2013 pedagoginen menetelm\u00e4, jota voi hy\u00f6dynt\u00e4\u00e4 kaikessa opetusty\u00f6ss\u00e4. Kamerakyn\u00e4ilyn ytimess\u00e4 on ajatus siit\u00e4, miten kamera voisi olla kuin kyn\u00e4: monipuolinen ajattelun ja oppimisen v\u00e4line.<\/p>\n<p style=\"font-size: 90%;\">Kamerakyn\u00e4koulutus antaa opettajille valmiuden \u00e4lypuhelinten ja tablettien helppoon ja mielekk\u00e4\u00e4seen k\u00e4ytt\u00f6\u00f6n kouluty\u00f6ss\u00e4 ja p\u00e4iv\u00e4kodissa, opsin ja vasun edellytt\u00e4m\u00e4ll\u00e4 tavalla.<\/p>\n<p style=\"font-size: 90%;\">Kamerakyn\u00e4n pedagogiikassa lapsilla teetet\u00e4\u00e4n yksinkertaisia, mutta ajattelua vaativia kuvausteht\u00e4vi\u00e4, jotka kehitt\u00e4v\u00e4t keskittymis- ja havainnointikyky\u00e4. Menetelm\u00e4 sopii loistavasti sek\u00e4 kaikkiin peruskoulun oppiaineisiin ett\u00e4 varhaiskasvatukseen 3\u20136-vuotiaille.<\/p>\n<p>[\/vc_column_text][vc_single_image image=&#8221;2532&#8243; img_size=&#8221;full&#8221;][vc_single_image image=&#8221;2527&#8243; img_size=&#8221;full&#8221;][vc_single_image image=&#8221;2528&#8243; img_size=&#8221;full&#8221;][vc_single_image image=&#8221;2529&#8243; img_size=&#8221;full&#8221;][vc_column_text css=&#8221;.vc_custom_1641933608242{padding-top: 20px !important;padding-right: 20px !important;padding-bottom: 20px !important;padding-left: 20px !important;background-color: #efbfbf !important;}&#8221;]<\/p>\n<p style=\"font-size: 90%;\">Onko sinulla viel\u00e4 jotain kysytt\u00e4v\u00e4\u00e4 koulutuksesta?<\/p>\n<p style=\"font-size: 90%;\">Ota yhteytt\u00e4 <strong>ensisijaisesti s\u00e4hk\u00f6postitse:<\/strong><br \/>\ninfo (at) amazement.fi.<\/p>\n<p style=\"font-size: 90%;\">Tarvittaessa toimistoaikoina voit my\u00f6s soittaa hanketta vet\u00e4v\u00e4lle tuottaja, kouluttaja Arttu Haglundille \/ 050 536 9279.<\/p>\n<p>[\/vc_column_text][\/vc_column][\/vc_row][vc_row][vc_column el_class=&#8221;center-form&#8221;][vc_column_text]<\/p>\n<h3 style=\"text-align: center;\">Hakemus koulutuspaikkakunnaksi<\/h3>\n<p>[\/vc_column_text][vc_column_text]<span style=\"color: #ff0000;\"><strong>T\u00e4yt\u00e4 allaolevasta linkist\u00e4 aukeava lomake ke 9.10.2024 klo 16 menness\u00e4. <\/strong><\/span><\/p>\n<p>K\u00e4sittelemme hakemukset hyvin nopeasti ja kaikki hakemuksen j\u00e4tt\u00e4neet saavat yhteyshenkil\u00f6n s\u00e4hk\u00f6postiin tiedon valinnoista ennen syyslomia eli viimeist\u00e4\u00e4n <strong>pe 11.10.2024<\/strong>, hyviss\u00e4 ajoin ennen deadlinea hakemuksen j\u00e4tt\u00e4neet jo huomattavasti aiemmin.<\/p>\n<p><strong>HUOM! Kaikki hakemukset ovat sitovia.<\/strong> Mik\u00e4li paikkakuntanne valitaan hankkeeseen mukaan, olette hakemuksen j\u00e4tt\u00e4m\u00e4ll\u00e4 sitoutuneet yll\u00e4mainittuihin ehtoihin (kriittisint\u00e4 on, ett\u00e4 tarvittava osallistujam\u00e4\u00e4r\u00e4 t\u00e4yttyy).[\/vc_column_text][\/vc_column][\/vc_row][vc_row][vc_column][vc_btn title=&#8221;SIIRRY HAKULOMAKKEESEEN&#8221; color=&#8221;danger&#8221; size=&#8221;lg&#8221; link=&#8221;url:https%3A%2F%2Fforms.gle%2FaJGgbMaD5r2tCCRRA|title:Siirry%20hakulomakkeeseen|target:%20_blank|&#8221;][\/vc_column][\/vc_row]<\/p>\n","protected":false},"excerpt":{"rendered":"<p>[vc_row css=&#8221;.vc_custom_1470815294038{padding-right: 30px !important;padding-left: 30px !important;background-color: #ffffff !important;}&#8221;][vc_column][vc_column_text][\/vc_column_text][\/vc_column][\/vc_row][vc_row css=&#8221;.vc_custom_1471004117441{padding-right: 20px !important;padding-left: 20px !important;background-color: #ffffff !important;}&#8221;][vc_column width=&#8221;7\/12&#8243;][vc_column_text]Kaikki kuvaa EDU: Kamerakyn\u00e4+ on Opetushallituksen rahoittama, tuotantoyhti\u00f6 Amazementin toteuttama opetustoimen henkil\u00f6st\u00f6koulutushanke, jossa koulutamme 20 paikkakunnalla kullakin 20 opettajaa kamerakyn\u00e4pedagogeiksi. Koulutukset j\u00e4rjestet\u00e4\u00e4n loppuvuoden 2024 ja kev\u00e4\u00e4n 2025 aikana.\u00a0Koulutus on ilmainen. Se j\u00e4rjestet\u00e4\u00e4n kunnittain hakijan toiveen mukaisesti l\u00e4hi- tai et\u00e4toteutuksena joko [&hellip;]<\/p>\n","protected":false},"author":3,"featured_media":0,"parent":0,"menu_order":0,"comment_status":"closed","ping_status":"closed","template":"page_polku.php","meta":[],"_links":{"self":[{"href":"https:\/\/kaikkikuvaa.fi\/edu\/wp-json\/wp\/v2\/pages\/2996"}],"collection":[{"href":"https:\/\/kaikkikuvaa.fi\/edu\/wp-json\/wp\/v2\/pages"}],"about":[{"href":"https:\/\/kaikkikuvaa.fi\/edu\/wp-json\/wp\/v2\/types\/page"}],"author":[{"embeddable":true,"href":"https:\/\/kaikkikuvaa.fi\/edu\/wp-json\/wp\/v2\/users\/3"}],"replies":[{"embeddable":true,"href":"https:\/\/kaikkikuvaa.fi\/edu\/wp-json\/wp\/v2\/comments?post=2996"}],"version-history":[{"count":11,"href":"https:\/\/kaikkikuvaa.fi\/edu\/wp-json\/wp\/v2\/pages\/2996\/revisions"}],"predecessor-version":[{"id":3101,"href":"https:\/\/kaikkikuvaa.fi\/edu\/wp-json\/wp\/v2\/pages\/2996\/revisions\/3101"}],"wp:attachment":[{"href":"https:\/\/kaikkikuvaa.fi\/edu\/wp-json\/wp\/v2\/media?parent=2996"}],"curies":[{"name":"wp","href":"https:\/\/api.w.org\/{rel}","templated":true}]}}