{"id":4,"date":"2016-07-26T11:10:22","date_gmt":"2016-07-26T08:10:22","guid":{"rendered":"http:\/\/kaikkikuvaa.fi\/edu\/?page_id=4"},"modified":"2021-11-05T08:44:30","modified_gmt":"2021-11-05T06:44:30","slug":"etusivu","status":"publish","type":"page","link":"https:\/\/kaikkikuvaa.fi\/edu\/","title":{"rendered":"Etusivu"},"content":{"rendered":"<p>[vc_row][vc_column][vc_empty_space][\/vc_column][vc_column width=&#8221;1\/2&#8243;][vc_custom_heading text=&#8221;Kaikki kuvaa EDU&#8221; use_theme_fonts=&#8221;yes&#8221;][vc_separator color=&#8221;custom&#8221; border_width=&#8221;2&#8243; accent_color=&#8221;#ed4c5c&#8221;][vc_column_text]<\/p>\n<p style=\"text-align: left; font-size: 14px;\"><b>Kaikki kuvaa EDU<\/b><span style=\"font-weight: 400;\"> on ainutlaatuinen ja ajankohtainen koulutus opettajille. Itsen\u00e4isesti suoritettavalla maksuttomalla verkkokurssilla opit k\u00e4ytt\u00e4m\u00e4\u00e4n videokuvaamista monipuolisena ajattelun ja oppimisen v\u00e4lineen\u00e4 niin peruskoulun kaikilla oppitunneilla kuin my\u00f6s varhaiskasvatuksessa. Inspiroivat koulutuspolut tutustuttavat sinut sek\u00e4 kamerakyn\u00e4n pedagogiikan k\u00e4yt\u00e4nt\u00f6\u00f6n ett\u00e4 elokuvallisen ajattelun teoriaan. K<\/span><span style=\"line-height: 1.5;\">oulutus auttaa uuden OPSin ja VASUn toteuttamisessa ja\u00a0tarjoaa runsaasti\u00a0ev\u00e4it\u00e4 oman opetuksen suunnitteluun.<\/span><\/p>\n<p style=\"font-size: 14px;\"><span style=\"font-weight: 400;\">Koulutuksen nykyaikainen elokuva-ajattelu, havainnolliset esimerkit ja oivalluttavat kuvausharjoitukset uudistavat ja monipuolistavat koulujen ja p\u00e4iv\u00e4kotien elokuvakasvatusta.<\/span><\/p>\n<p style=\"font-size: 14px;\"><span style=\"font-weight: 400;\">Sivuston ja koulutuksen on suunnitellut ja toteuttanut <\/span><a href=\"http:\/\/www.kaikkikuvaa.fi\"><span style=\"font-weight: 400;\">Kaikki kuvaa<\/span><\/a><span style=\"font-weight: 400;\"> -elokuvakasvatussivustosta tuttu tuotantoyhti\u00f6 <\/span><b>Amazement<\/b><span style=\"font-weight: 400;\">. Hankkeen on rahoittanut <\/span><b>Opetushallitus<\/b><span style=\"font-weight: 400;\">.<\/span><\/p>\n<p>[\/vc_column_text][\/vc_column][vc_column width=&#8221;1\/2&#8243;][vc_empty_space height=&#8221;56px&#8221;][vc_custom_heading text=&#8221; &#8221;][vc_separator color=&#8221;custom&#8221; border_width=&#8221;2&#8243; accent_color=&#8221;#40ace1&#8243;][vc_images_carousel images=&#8221;834,835,836,837,386,861,838,839,860,840,862&#8243; img_size=&#8221;465&#215;392&#8243; autoplay=&#8221;yes&#8221; hide_pagination_control=&#8221;yes&#8221; hide_prev_next_buttons=&#8221;yes&#8221; wrap=&#8221;yes&#8221; css=&#8221;.vc_custom_1502952275486{margin-top: 0px !important;margin-left: 0px !important;}&#8221;][\/vc_column][\/vc_row][vc_row][vc_column][vc_separator el_class=&#8221;dotted-hr&#8221;][\/vc_column][\/vc_row][vc_row el_class=&#8221;etusivun-slotit&#8221;][vc_column width=&#8221;1\/2&#8243; css=&#8221;.vc_custom_1469649419471{background-image: url(http:\/\/kaikkikuvaa.fi\/edu\/wp-content\/uploads\/2016\/07\/KKEdu-Kamerakynan.jpg?id=102) !important;background-position: center !important;background-repeat: no-repeat !important;background-size: cover !important;}&#8221; offset=&#8221;vc_col-xs-12&#8243; el_class=&#8221;red-border&#8221;][vc_empty_space][vc_custom_heading text=&#8221;Kamerakyn\u00e4n pedagogiikka&#8221; font_container=&#8221;tag:h2|text_align:left|color:%23ffffff&#8221; use_theme_fonts=&#8221;yes&#8221; link=&#8221;url:http%3A%2F%2Fkaikkikuvaa.fi%2Fedu%2Fkamerakynan-pedagogiikka%2F|||&#8221;][vc_column_text]<span style=\"color: #ffff00;\">perusopetuksen koulutuspolku<\/span>[\/vc_column_text][vc_column_text]<strong>Koulutuspolulla opit suunnittelemaan ja toteuttamaan yksinkertaisia videokuvausteht\u00e4vi\u00e4, jotka edist\u00e4v\u00e4t oppilaiden ajattelua, keskittymist\u00e4 ja oppimista.<\/strong>[\/vc_column_text][\/vc_column][vc_column width=&#8221;1\/2&#8243; css=&#8221;.vc_custom_1502924139427{background-image: url(http:\/\/kaikkikuvaa.fi\/edu\/wp-content\/uploads\/2016\/07\/etusivu_polku2.jpg?id=1594) !important;background-position: center !important;background-repeat: no-repeat !important;background-size: cover !important;}&#8221; offset=&#8221;vc_col-xs-12&#8243; el_class=&#8221;red-border&#8221;][vc_empty_space][vc_custom_heading text=&#8221;Kamerakyn\u00e4n pedagogiikka&#8221; font_container=&#8221;tag:h2|text_align:left|color:%23ffffff&#8221; use_theme_fonts=&#8221;yes&#8221; link=&#8221;url:http%3A%2F%2Fkaikkikuvaa.fi%2Fedu%2Fkamerakynan-pedagogiikka-varhaiskasvattajille-polku%2F|||&#8221;][vc_column_text]<span style=\"color: #ffff00;\">varhaiskasvatuksen koulutuspolku<\/span>[\/vc_column_text][vc_column_text]Opit suunnittelemaan ja toteuttamaan varhaiskasvatukseen soveltuvia videokuvausteht\u00e4vi\u00e4, jotka edist\u00e4v\u00e4t lasten oppimista ja ryhm\u00e4ty\u00f6taitoja sek\u00e4 vahvistavat min\u00e4kuvaa.[\/vc_column_text][\/vc_column][\/vc_row][vc_row css=&#8221;.vc_custom_1469551346584{margin-top: 0px !important;}&#8221; el_class=&#8221;etusivun-slotit&#8221;][vc_column width=&#8221;1\/2&#8243; el_class=&#8221;blue-border&#8221; offset=&#8221;vc_col-xs-12&#8243; css=&#8221;.vc_custom_1502923718089{background-image: url(http:\/\/kaikkikuvaa.fi\/edu\/wp-content\/uploads\/2016\/07\/KKEdu-Elokuvan.jpg?id=103) !important;}&#8221;][vc_empty_space][vc_custom_heading text=&#8221;Elokuvan kolme perusasiaa&#8221; font_container=&#8221;tag:h2|text_align:left|color:%23ffffff&#8221; use_theme_fonts=&#8221;yes&#8221; link=&#8221;url:http%3A%2F%2Fkaikkikuvaa.fi%2Fedu%2Felokuvan-kolme-perusasiaa-polku%2F|||&#8221;][vc_column_text]<span style=\"color: #ffff00;\">elokuvateorian polku<\/span>[\/vc_column_text][vc_column_text]Mitk\u00e4 ovat elokuvan kolme perusasiaa?<br \/>\nT\u00e4m\u00e4 polku vie sinut inspiroivalle k\u00e4velylle<br \/>\nelokuvateorian ja -historian mets\u00e4\u00e4n.<br \/>\nPolulla opit ajattelemaan ja kuvaamaan elokuvallisesti.[\/vc_column_text][\/vc_column][vc_column width=&#8221;1\/2&#8243; css=&#8221;.vc_custom_1469649433032{background-image: url(http:\/\/kaikkikuvaa.fi\/edu\/wp-content\/uploads\/2016\/07\/KKEdu-Kirjasto.jpg?id=104) !important;background-position: center !important;background-repeat: no-repeat !important;background-size: cover !important;}&#8221; offset=&#8221;vc_col-xs-12&#8243; el_class=&#8221;green-border&#8221;][vc_empty_space][vc_custom_heading text=&#8221;Kirjasto<br \/>\n&#8221; font_container=&#8221;tag:h2|text_align:left|color:%23ffffff&#8221; use_theme_fonts=&#8221;yes&#8221; link=&#8221;url:http%3A%2F%2Fkaikkikuvaa.fi%2Fedu%2Fkirjasto%2F|||&#8221;][vc_column_text]<span style=\"color: #ffff00;\">sivuston sis\u00e4lt\u00f6 kootusti<\/span>[\/vc_column_text][vc_empty_space][vc_column_text]Esimerkkej\u00e4 kamerakyn\u00e4ty\u00f6skentelyst\u00e4, vinkkej\u00e4 opettajalle, kuvausharjoituksia elokuvaopetukseen, elokuvateoriaa opettajalle, opiskelijalle ja harrastajalle.[\/vc_column_text][\/vc_column][\/vc_row][vc_row][vc_column][vc_separator el_class=&#8221;dotted-hr-green&#8221; css=&#8221;.vc_custom_1470826800141{padding-top: 20px !important;}&#8221;][\/vc_column][\/vc_row][vc_row][vc_column width=&#8221;1\/4&#8243;][\/vc_column][vc_column width=&#8221;1\/2&#8243;][vc_btn title=&#8221;KOULUTUKSEN SUORITTANEIDEN OPETTAJIEN SUUNNITTELEMIA KAMERAKYN\u00c4-TEHT\u00c4VI\u00c4&#8221; shape=&#8221;round&#8221; color=&#8221;juicy-pink&#8221; size=&#8221;lg&#8221; link=&#8221;url:%2Fedu%2Fopettajatehtavat|title:Siirry%20t%C3%A4st%C3%A4%20selaamaan%20kamerakyn%C3%A4-teht%C3%A4vi%C3%A4|target:%20_blank|&#8221;][\/vc_column][vc_column width=&#8221;1\/4&#8243;][\/vc_column][\/vc_row][vc_row][vc_column][vc_column_text]<\/p>\n<p style=\"text-align: left; font-size: 14px;\">T\u00e4lt\u00e4 sivulta l\u00f6yd\u00e4t Kaikki kuvaa EDU -koulutuksen suorittaneiden opettajien suunnittelemia ja omassa opetuksessaan k\u00e4yt\u00e4nn\u00f6ss\u00e4 kokeilemia kamerakyn\u00e4-teht\u00e4vi\u00e4. Voit rajata teht\u00e4v\u00e4hakua oman koulutusasteesi mukaan, etsi\u00e4 teht\u00e4vi\u00e4 tietyst\u00e4 aiheesta tai k\u00e4ytt\u00e4\u00e4 sanahakua.<\/p>\n<p style=\"text-align: left; font-size: 14px;\">Voit my\u00f6s l\u00e4hett\u00e4\u00e4 sivustolle itse kokeilemasi teht\u00e4v\u00e4n muiden opettajien iloksi.<\/p>\n<p>[\/vc_column_text][\/vc_column][\/vc_row][vc_row][vc_column][vc_separator el_class=&#8221;dotted-hr&#8221;][\/vc_column][\/vc_row]<\/p>\n","protected":false},"excerpt":{"rendered":"<p>[vc_row][vc_column][vc_empty_space][\/vc_column][vc_column width=&#8221;1\/2&#8243;][vc_custom_heading text=&#8221;Kaikki kuvaa EDU&#8221; use_theme_fonts=&#8221;yes&#8221;][vc_separator color=&#8221;custom&#8221; border_width=&#8221;2&#8243; accent_color=&#8221;#ed4c5c&#8221;][vc_column_text] Kaikki kuvaa EDU on ainutlaatuinen ja ajankohtainen koulutus opettajille. Itsen\u00e4isesti suoritettavalla maksuttomalla verkkokurssilla opit k\u00e4ytt\u00e4m\u00e4\u00e4n videokuvaamista monipuolisena ajattelun ja oppimisen v\u00e4lineen\u00e4 niin peruskoulun kaikilla oppitunneilla kuin my\u00f6s varhaiskasvatuksessa. Inspiroivat koulutuspolut tutustuttavat sinut sek\u00e4 kamerakyn\u00e4n pedagogiikan k\u00e4yt\u00e4nt\u00f6\u00f6n ett\u00e4 elokuvallisen ajattelun teoriaan. Koulutus auttaa uuden OPSin ja VASUn [&hellip;]<\/p>\n","protected":false},"author":1,"featured_media":0,"parent":0,"menu_order":0,"comment_status":"closed","ping_status":"closed","template":"page_etusivu.php","meta":[],"_links":{"self":[{"href":"https:\/\/kaikkikuvaa.fi\/edu\/wp-json\/wp\/v2\/pages\/4"}],"collection":[{"href":"https:\/\/kaikkikuvaa.fi\/edu\/wp-json\/wp\/v2\/pages"}],"about":[{"href":"https:\/\/kaikkikuvaa.fi\/edu\/wp-json\/wp\/v2\/types\/page"}],"author":[{"embeddable":true,"href":"https:\/\/kaikkikuvaa.fi\/edu\/wp-json\/wp\/v2\/users\/1"}],"replies":[{"embeddable":true,"href":"https:\/\/kaikkikuvaa.fi\/edu\/wp-json\/wp\/v2\/comments?post=4"}],"version-history":[{"count":88,"href":"https:\/\/kaikkikuvaa.fi\/edu\/wp-json\/wp\/v2\/pages\/4\/revisions"}],"predecessor-version":[{"id":2461,"href":"https:\/\/kaikkikuvaa.fi\/edu\/wp-json\/wp\/v2\/pages\/4\/revisions\/2461"}],"wp:attachment":[{"href":"https:\/\/kaikkikuvaa.fi\/edu\/wp-json\/wp\/v2\/media?parent=4"}],"curies":[{"name":"wp","href":"https:\/\/api.w.org\/{rel}","templated":true}]}}