{"id":42,"date":"2016-07-26T14:25:50","date_gmt":"2016-07-26T11:25:50","guid":{"rendered":"http:\/\/kaikkikuvaa.fi\/edu\/?page_id=42"},"modified":"2017-08-18T11:26:32","modified_gmt":"2017-08-18T08:26:32","slug":"kamerakynan-pedagogiikka","status":"publish","type":"page","link":"https:\/\/kaikkikuvaa.fi\/edu\/kamerakynan-pedagogiikka\/","title":{"rendered":"Kamerakyn\u00e4n pedagogiikka -polku"},"content":{"rendered":"<p>[vc_row css=&#8221;.vc_custom_1471278506147{background-color: #ffffff !important;}&#8221;][vc_column css=&#8221;.vc_custom_1470479185493{background-color: #ffffff !important;}&#8221;][vc_empty_space][vc_column_text css=&#8221;.vc_custom_1503044622123{padding-top: 20px !important;padding-right: 20px !important;padding-bottom: 20px !important;padding-left: 20px !important;background-color: #d8ef9e !important;}&#8221;]<\/p>\n<p style=\"color: #000; font-size: 13px; text-align: center;\"><strong>Hei! T\u00e4m\u00e4 on perusopetuksen (ja toisen asteen) koulutuspolku. Jos etsit esiopetuksen koulutuspolkua, <a href=\"\/edu\/kamerakynan-pedagogiikka-esiopettajille-polku\/\">klikkaa t\u00e4st\u00e4<\/a>.<\/strong><\/p>\n<p>[\/vc_column_text][vc_row_inner][vc_column_inner width=&#8221;2\/3&#8243;][vc_column_text]<\/p>\n<h4>Koulutuksen tavoite ja sis\u00e4lt\u00f6<\/h4>\n<p>[\/vc_column_text][\/vc_column_inner][vc_column_inner width=&#8221;1\/3&#8243;][\/vc_column_inner][\/vc_row_inner][vc_row_inner][vc_column_inner width=&#8221;7\/12&#8243; offset=&#8221;vc_col-xs-12&#8243;][vc_column_text]Kaikki kuvaa EDU -verkkokoulutuksessa opit hy\u00f6dynt\u00e4m\u00e4\u00e4n kamerakyn\u00e4n pedagogiikkaa omassa opetuksessasi. Opit elokuvallista ajattelua ja l\u00f6yd\u00e4t sen mahdollisuudet oppimisessa.<\/p>\n<p>Kamerakyn\u00e4n pedagogiikassa videokuvaamista k\u00e4ytet\u00e4\u00e4n oppilaan ajattelun ja oppimisen v\u00e4lineen\u00e4. Kuvaamalla tutkitaan, havainnollistetaan, todennetaan, tuotetaan, ilmaistaan ja vuorovaikutetaan. Kamera on kuin kyn\u00e4 \u2013 yht\u00e4 yksinkertainen ja monipuolinen![\/vc_column_text][\/vc_column_inner][vc_column_inner width=&#8221;1\/3&#8243; offset=&#8221;vc_col-xs-12&#8243;][vc_single_image image=&#8221;422&#8243; img_size=&#8221;large&#8221;][\/vc_column_inner][vc_column_inner][vc_column_text]Tvt ja monilukutaito integroituvat luontevasti opetukseen eri oppiaineissa ja luokka-asteilla. Oppilaat oppivat k\u00e4ytt\u00e4m\u00e4\u00e4n elokuvaa oman ajattelunsa ja ilmaisunsa v\u00e4lineen\u00e4 \u2013 samalla tavalla kuin he oppivat k\u00e4ytt\u00e4m\u00e4\u00e4n kyn\u00e4\u00e4 ja kielt\u00e4. Elokuvakasvatuksesta tulee arkinen osa opetusta.<\/p>\n<p>Opettajat ovatkin innostuneet juuri ty\u00f6skentelyn helppoudesta. Yksinkertaisilla teht\u00e4vill\u00e4 saadaan toiminnallisuutta ja hauskuutta vaikeidenkin asiasis\u00e4lt\u00f6jen oppimiseen.<\/p>\n<p>Kaikki kuvaa EDU -koulutus tarjoaa monipuolisia ev\u00e4it\u00e4 ja ideoita oman opetuksen suunnitteluun.<\/p>\n<p>Koulutus on maksuton.[\/vc_column_text][vc_column_text css=&#8221;.vc_custom_1471278457472{margin-bottom: 0px !important;}&#8221;]<\/p>\n<h4>Ty\u00f6skentelytapa<\/h4>\n<p>Kaikki kuvaa EDU -koulutuksen voit suorittaa itsen\u00e4isesti, yhdess\u00e4 ty\u00f6parin kanssa tai isommassa ryhm\u00e4ss\u00e4. Havainnolliset videotutoriaalit johdattelevat elokuvallisen ajattelun juurille ja k\u00e4yt\u00e4nn\u00f6n tilanteisiin eri aineiden oppitunneilla.<\/p>\n<p>Videoita seuraavat pohdiskelu- ja keskusteluteht\u00e4v\u00e4t viritt\u00e4v\u00e4t osallistujan aktiiviseen osallistumiseen. Mieti-teht\u00e4v\u00e4t voit tehd\u00e4 itseksesi ajattelemalla tai kirjoittamalla. Viel\u00e4 enemm\u00e4n saat niist\u00e4 irti parin tai ryhm\u00e4n kanssa keskustellen.<\/p>\n<p>Koulutuksen aikana suunnitellaan kuvausteht\u00e4v\u00e4 ja toteutetaan se omien oppilaiden kanssa.[\/vc_column_text]\n\t\t<section class=\"element element-modaali\">\n\t\t\t\n\t\t\t<span class=\"a modalOpener \" data-open=\"md-69e505c79defb\">Vinkkej\u00e4 koulutuksen j\u00e4rjest\u00e4miseen koko ty\u00f6yhteis\u00f6n kanssa<\/span>\n\t\t\n\t\t\t<div class=\"reveal reveal-element-modaali\" id=\"md-69e505c79defb\" data-reveal>\n\t\t\t\t<h4>Vinkkej\u00e4 koulutuksen j\u00e4rjest\u00e4miseen koko ty\u00f6yhteis\u00f6n kanssa<\/h4>\n<p><img loading=\"lazy\" class=\"keskita kokolevea aligncenter wp-image-429 size-large\" src=\"http:\/\/kaikkikuvaa.fi\/edu\/wp-content\/uploads\/2016\/07\/5D3_5023-1024x683.jpg\" alt=\"5D3_5023\" width=\"1024\" height=\"683\" srcset=\"https:\/\/kaikkikuvaa.fi\/edu\/wp-content\/uploads\/2016\/07\/5D3_5023-1024x683.jpg 1024w, https:\/\/kaikkikuvaa.fi\/edu\/wp-content\/uploads\/2016\/07\/5D3_5023-300x200.jpg 300w, https:\/\/kaikkikuvaa.fi\/edu\/wp-content\/uploads\/2016\/07\/5D3_5023-768x512.jpg 768w, https:\/\/kaikkikuvaa.fi\/edu\/wp-content\/uploads\/2016\/07\/5D3_5023.jpg 1600w\" sizes=\"(max-width: 1024px) 100vw, 1024px\" \/><\/p>\n<p>Kaikki kuvaa EDU -kurssi sopii hyvin suoritettavaksi yhdess\u00e4 suuremmankin ryhm\u00e4n kanssa. Koulutuksen voi j\u00e4rjest\u00e4\u00e4 vaikka koko ty\u00f6yhteis\u00f6lle yhteisen\u00e4 kehitt\u00e4mishankkeena. Tarjoamme t\u00e4ss\u00e4 valmiin mallin, joka perustuu kokemuksiimme l\u00e4hikoulutuksista. Voit my\u00f6s <a title=\"Linkki avautuu uuteen v\u00e4lilehteen\" href=\"\/edu\/tilaa-koulutus\" target=\"_blank\">tilata meid\u00e4t<\/a> paikan p\u00e4\u00e4lle vet\u00e4m\u00e4\u00e4n kamerakyn\u00e4koulutuksen.<\/p>\n<p>Kuulemme ja jaamme mielell\u00e4mme kokemuksia my\u00f6s muista tavoista, joilla materiaalia on yhdess\u00e4 hy\u00f6dynnetty!<\/p>\n<p>&nbsp;<\/p>\n<ol>\n<li>Rehtori tai koulusihteeri hoitaa kaikkien osallistujien ilmoittamisen koulutussivuston kautta.<\/li>\n<li>Koulutuspolun rastit 1, 2 ja 3, joissa tutustutaan kamerakyn\u00e4n pedagogiikan perusteisiin, suoritetaan koko porukalla esimerkiksi opekokouksien yhteydess\u00e4. Opetuselokuvat katsotaan yhdess\u00e4 ja pohdintateht\u00e4v\u00e4t keskustellaan pienryhmiss\u00e4. T\u00e4h\u00e4n k\u00e4ytet\u00e4\u00e4n aikaa yhteens\u00e4 60\u201390 minuuttia.<\/li>\n<li>Rastilla 4 opettajat tutustuvat erilaisiin esimerkkeihin kamerakyn\u00e4ty\u00f6skentelyst\u00e4 ja j\u00e4sent\u00e4v\u00e4t havaintojaan niist\u00e4. T\u00e4m\u00e4 sopii hyvin suoritettavaksi yksin tai ty\u00f6parin kanssa sovitulla aikav\u00e4lill\u00e4, esimerkiksi viikon\u2013kahden aikana. Rastilla pohditaan mm. hyv\u00e4n kamerakyn\u00e4teht\u00e4v\u00e4n kriteerej\u00e4 sek\u00e4 oppilaan ja opettajan rooleja ty\u00f6skentelyss\u00e4. N\u00e4it\u00e4 ajatuksia on hy\u00f6dyllist\u00e4 jakaa yhteisesti. N\u00e4in ty\u00f6yhteis\u00f6lle syntyy yhteinen n\u00e4kemys uuden pedagogiikan luonteesta.<\/li>\n<li>Viidennell\u00e4 rastilla suunnitellaan teht\u00e4vi\u00e4 omaan opetukseen. T\u00e4ss\u00e4 jokainen tarvitsee omaa aikaa, mutta my\u00f6s kollegojen sparrauksesta on kokemuksen mukaan paljon hy\u00f6ty\u00e4. Yhteisiss\u00e4 keskusteluissa ideat rikastuvat ja niist\u00e4 tulee \u2013 yhteisi\u00e4. Se tuo turvaa ja motivaatiota kuudennelle rastille, jossa teht\u00e4vi\u00e4 kokeillaan oppilaiden kanssa k\u00e4yt\u00e4nn\u00f6ss\u00e4. N\u00e4iden kokemusten jakamiseen kannattaa mahdollisuuksien mukaan varata ainakin muutama hetki.<\/li>\n<li>Seitsem\u00e4s rasti on hieman pidempi, monivaiheinen sukellus elokuvallisen ajattelun perusasioihin. Aikaa se vie yhteens\u00e4 2\u20134 tuntia. Rasti voidaan suorittaa yhdess\u00e4 tai se voi olla valinnainen syvent\u00e4v\u00e4 vaihe niille, jotka haluavat ymm\u00e4rt\u00e4\u00e4 enemm\u00e4n elokuvallista ajattelua.\u00a0Rastin nelj\u00e4 elokuvaa ja niihin liittyv\u00e4t pohdintateht\u00e4v\u00e4t her\u00e4tt\u00e4v\u00e4t innostunutta keskustelua, joten ne sopivat erinomaisesti k\u00e4sitelt\u00e4v\u00e4ksi suurryhm\u00e4ss\u00e4. Jos siihen ei ole mahdollisuutta, ty\u00f6parit tai pienryhm\u00e4t voivat valita sopivat ajankohdat itselleen.<\/li>\n<li>Kahdeksannella rastilla yhdistell\u00e4\u00e4n lankoja elokuvallisen ajattelun ja oppimisen v\u00e4lille. Jos kaikki valmistautuvat hieman etuk\u00e4teen, t\u00e4m\u00e4 sopii lyhyeksi keskusteluksi opekokouksen yhteyteen.<\/li>\n<li>Koulutuksen lopuksi jokainen raportoi oman suorituksensa ja antaa koulutuksesta palautteen itsen\u00e4isesti. Suosittelemme my\u00f6s yhteist\u00e4 palautekeskustelua, jotta kokemuksesta tulee jaettu.<\/li>\n<\/ol>\n<p><a href=\"http:\/\/kaikkikuvaa.fi\/edu\/vinkkeja-koulutuksen-jarjestamiseen-koko-tyoyhteison-kanssa-tulostusversio\/\" target=\"_blank\">Tulostusversio<\/a><\/p>\n\n\t\t\t<\/div>\n\t\t<\/section>\n\t[vc_column_text]<\/p>\n<h4>Rakenne<\/h4>\n<p>Koulutus koostuu rasteista, jotka k\u00e4yd\u00e4\u00e4n l\u00e4pi j\u00e4rjestyksess\u00e4 omassa tahdissa. Polulla voit aina liikkua my\u00f6s edestakaisin ja palata haluamaasi kohtaan toisella ty\u00f6skentelykerralla. Alkumatkasta tutustut kamerakyn\u00e4ty\u00f6skentelyyn esimerkkien ja teorian avulla. Pian p\u00e4\u00e4set kokeilemaan sit\u00e4 oppilaiden kanssa k\u00e4yt\u00e4nn\u00f6ss\u00e4. Matkan toinen puolisko avaa ikkunan elokuvalliseen ajatteluun, joka vaikuttaa oppimisen taustalla. T\u00e4ll\u00e4 polulla p\u00e4\u00e4set itsekin tekem\u00e4\u00e4n kuvausharjoituksia.<\/p>\n<p>Kokeita ei pidet\u00e4. Kun olet suorittanut kaikki rastit, l\u00e4het\u00e4t meille raportin omasta kamerakyn\u00e4kokeilustasi \u2013 ja saat diplomin!<\/p>\n<h4>Koulutuksen kesto<\/h4>\n<p>Rastien suorittaminen kest\u00e4\u00e4 valintojen mukaan yhteens\u00e4 5\u201310 tuntia. Koulutusp\u00e4ivin\u00e4 ilmaistuna kyse on kahden p\u00e4iv\u00e4n koulutuksesta. T\u00e4m\u00e4n lis\u00e4ksi koulutukseen kuuluu yhden tai useamman oppitunnin toteuttaminen omassa opetuksessa.<\/p>\n<p>Voit suorittaa koulutuksen vapaasti omaan tahtiisi, mutta <strong>suosittelemme varaamaan aikaa niin, ett\u00e4 ehdit suorittaa koulutuksen alusta loppuun kuukauden sis\u00e4ll\u00e4<\/strong>, jotta asiat pysyv\u00e4t tuoreessa muistissa.<\/p>\n<p>Jokaisen rastin yl\u00e4laidasta l\u00f6yd\u00e4t rastin arvioidun keston, esimerkiksi: \n\t\t<span class='koulutuksenkesto-inline'>\n\t\t\t<i class='fa fa-clock-o'><\/i> 15\u201330 min\n\t\t<\/span>\n\t[\/vc_column_text][\/vc_column_inner][\/vc_row_inner][\/vc_column][\/vc_row][vc_row][vc_column][vc_column_text]<\/p>\n<h4>Ilmoittautuminen koulutukseen<\/h4>\n<p>[\/vc_column_text]<div role=\"form\" class=\"wpcf7\" id=\"wpcf7-f177-o1\" lang=\"fi\" dir=\"ltr\">\n<div class=\"screen-reader-response\"><p role=\"status\" aria-live=\"polite\" aria-atomic=\"true\"><\/p> <ul><\/ul><\/div>\n<form action=\"\/edu\/wp-json\/wp\/v2\/pages\/42#wpcf7-f177-o1\" method=\"post\" class=\"wpcf7-form init\" novalidate=\"novalidate\" data-status=\"init\">\n<div style=\"display: none;\">\n<input type=\"hidden\" name=\"_wpcf7\" value=\"177\" \/>\n<input type=\"hidden\" name=\"_wpcf7_version\" value=\"5.6.3\" \/>\n<input type=\"hidden\" name=\"_wpcf7_locale\" value=\"fi\" \/>\n<input type=\"hidden\" name=\"_wpcf7_unit_tag\" value=\"wpcf7-f177-o1\" \/>\n<input type=\"hidden\" name=\"_wpcf7_container_post\" value=\"0\" \/>\n<input type=\"hidden\" name=\"_wpcf7_posted_data_hash\" value=\"\" \/>\n<\/div>\n<p><strong>Nimi<\/strong> (pakollinen)<br \/>\n    <span class=\"wpcf7-form-control-wrap\" data-name=\"nimi\"><input type=\"text\" name=\"nimi\" value=\"\" size=\"40\" class=\"wpcf7-form-control wpcf7-text wpcf7-validates-as-required\" aria-required=\"true\" aria-invalid=\"false\" \/><\/span> <\/p>\n<p><strong>S\u00e4hk\u00f6posti<\/strong> (pakollinen)<br \/>\n<i>Muista sy\u00f6tt\u00e4\u00e4 koulutuksen p\u00e4\u00e4tteeksi suorituslomakkeessa sama osoite!<\/i><br \/>\n    <span class=\"wpcf7-form-control-wrap\" data-name=\"email\"><input type=\"email\" name=\"email\" value=\"\" size=\"40\" class=\"wpcf7-form-control wpcf7-text wpcf7-email wpcf7-validates-as-required wpcf7-validates-as-email\" aria-required=\"true\" aria-invalid=\"false\" \/><\/span> <\/p>\n<p><strong><span class=\"wpcf7-form-control-wrap\" data-name=\"ammatti\"><span class=\"wpcf7-form-control wpcf7-checkbox\"><span class=\"wpcf7-list-item first\"><input type=\"checkbox\" name=\"ammatti[]\" value=\"Luokanopettaja\" \/><span class=\"wpcf7-list-item-label\">Luokanopettaja<\/span><\/span><span class=\"wpcf7-list-item\"><input type=\"checkbox\" name=\"ammatti[]\" value=\"Aineenopettaja\" \/><span class=\"wpcf7-list-item-label\">Aineenopettaja<\/span><\/span><span class=\"wpcf7-list-item last has-free-text\"><input type=\"checkbox\" name=\"ammatti[]\" value=\"Muu, mik\u00e4?\" \/><span class=\"wpcf7-list-item-label\">Muu, mik\u00e4?<\/span> <input type=\"text\" name=\"ammatti_free_text\" class=\"wpcf7-free-text\" \/><\/span><\/span><\/span><\/strong><\/p>\n<p><strong>Paikkakunta<\/strong> (pakollinen)<br \/>\n    <span class=\"wpcf7-form-control-wrap\" data-name=\"paikkakunta\"><input type=\"text\" name=\"paikkakunta\" value=\"\" size=\"40\" class=\"wpcf7-form-control wpcf7-text wpcf7-validates-as-required\" aria-required=\"true\" aria-invalid=\"false\" \/><\/span> <\/p>\n<p><strong>Koulu<\/strong><br \/>\n    <span class=\"wpcf7-form-control-wrap\" data-name=\"koulu\"><input type=\"text\" name=\"koulu\" value=\"\" size=\"40\" class=\"wpcf7-form-control wpcf7-text\" aria-invalid=\"false\" \/><\/span> <\/p>\n<p>[recaptcha id:ilmoittautuminen size:compact]<\/p>\n<p><input type=\"submit\" value=\"L\u00e4het\u00e4\" class=\"wpcf7-form-control has-spinner wpcf7-submit\" \/><\/p>\n<div class=\"wpcf7-response-output\" aria-hidden=\"true\"><\/div><\/form><\/div>[vc_column_text css=&#8221;.vc_custom_1480093209185{margin-right: 30px !important;margin-left: 30px !important;padding-top: 20px !important;padding-right: 20px !important;padding-bottom: 20px !important;padding-left: 20px !important;background-color: #d8ef9e !important;}&#8221;]<\/p>\n<p style=\"font-size: 14px;\">HUOM. Tarjoamme t\u00e4m\u00e4n verkkokoulutuksen ilmaiseksi kaikkien Suomen opettajien k\u00e4ytt\u00f6\u00f6n. Toivomme, ett\u00e4 siit\u00e4 on sinulle paljon iloa. <strong>Muista kuitenkin my\u00f6s l\u00e4hett\u00e4\u00e4 meille koulutuksen viimeisen rastin suorituslomake.\u00a0<\/strong>N\u00e4in p\u00e4\u00e4semme t\u00e4ytt\u00e4m\u00e4\u00e4n raportointivelvollisuutemme Opetushallitukselle koskien koulutuksen hy\u00f6dyllisyyden arviointia ja osallistuneiden opettajien m\u00e4\u00e4r\u00e4\u00e4. Kiitos avustasi\u00a0jo etuk\u00e4teen ja hauskoja hetki\u00e4 koulutuksen parissa!<\/p>\n<p>[\/vc_column_text][\/vc_column][\/vc_row][vc_row][vc_column][vc_btn title=&#8221;Ensimm\u00e4inen rasti: Mit\u00e4 elokuva on?&#8221; style=&#8221;flat&#8221; shape=&#8221;square&#8221; color=&#8221;danger&#8221; size=&#8221;lg&#8221; align=&#8221;center&#8221; i_icon_fontawesome=&#8221;fa fa-arrow-right&#8221; link=&#8221;url:%2Fedu%2Fkamerakynan-pedagogiikka%2Fmita-elokuva-on%2F|||&#8221; button_block=&#8221;true&#8221; add_icon=&#8221;true&#8221;][\/vc_column][\/vc_row]<\/p>\n","protected":false},"excerpt":{"rendered":"<p>[vc_row css=&#8221;.vc_custom_1471278506147{background-color: #ffffff !important;}&#8221;][vc_column css=&#8221;.vc_custom_1470479185493{background-color: #ffffff !important;}&#8221;][vc_empty_space][vc_column_text css=&#8221;.vc_custom_1503044622123{padding-top: 20px !important;padding-right: 20px !important;padding-bottom: 20px !important;padding-left: 20px !important;background-color: #d8ef9e !important;}&#8221;] Hei! T\u00e4m\u00e4 on perusopetuksen (ja toisen asteen) koulutuspolku. Jos etsit esiopetuksen koulutuspolkua, klikkaa t\u00e4st\u00e4. [\/vc_column_text][vc_row_inner][vc_column_inner width=&#8221;2\/3&#8243;][vc_column_text] Koulutuksen tavoite ja sis\u00e4lt\u00f6 [\/vc_column_text][\/vc_column_inner][vc_column_inner width=&#8221;1\/3&#8243;][\/vc_column_inner][\/vc_row_inner][vc_row_inner][vc_column_inner width=&#8221;7\/12&#8243; offset=&#8221;vc_col-xs-12&#8243;][vc_column_text]Kaikki kuvaa EDU -verkkokoulutuksessa opit hy\u00f6dynt\u00e4m\u00e4\u00e4n kamerakyn\u00e4n pedagogiikkaa omassa opetuksessasi. Opit elokuvallista ajattelua ja [&hellip;]<\/p>\n","protected":false},"author":1,"featured_media":0,"parent":0,"menu_order":0,"comment_status":"closed","ping_status":"closed","template":"page_polku.php","meta":[],"_links":{"self":[{"href":"https:\/\/kaikkikuvaa.fi\/edu\/wp-json\/wp\/v2\/pages\/42"}],"collection":[{"href":"https:\/\/kaikkikuvaa.fi\/edu\/wp-json\/wp\/v2\/pages"}],"about":[{"href":"https:\/\/kaikkikuvaa.fi\/edu\/wp-json\/wp\/v2\/types\/page"}],"author":[{"embeddable":true,"href":"https:\/\/kaikkikuvaa.fi\/edu\/wp-json\/wp\/v2\/users\/1"}],"replies":[{"embeddable":true,"href":"https:\/\/kaikkikuvaa.fi\/edu\/wp-json\/wp\/v2\/comments?post=42"}],"version-history":[{"count":61,"href":"https:\/\/kaikkikuvaa.fi\/edu\/wp-json\/wp\/v2\/pages\/42\/revisions"}],"predecessor-version":[{"id":1630,"href":"https:\/\/kaikkikuvaa.fi\/edu\/wp-json\/wp\/v2\/pages\/42\/revisions\/1630"}],"wp:attachment":[{"href":"https:\/\/kaikkikuvaa.fi\/edu\/wp-json\/wp\/v2\/media?parent=42"}],"curies":[{"name":"wp","href":"https:\/\/api.w.org\/{rel}","templated":true}]}}