{"id":44,"date":"2016-07-26T14:26:15","date_gmt":"2016-07-26T11:26:15","guid":{"rendered":"http:\/\/kaikkikuvaa.fi\/edu\/?page_id=44"},"modified":"2022-10-05T15:11:13","modified_gmt":"2022-10-05T12:11:13","slug":"mita-elokuva-on","status":"publish","type":"page","link":"https:\/\/kaikkikuvaa.fi\/edu\/kamerakynan-pedagogiikka\/mita-elokuva-on\/","title":{"rendered":"Mit\u00e4 elokuva on?"},"content":{"rendered":"<p>[vc_row][vc_column][vc_empty_space][\/vc_column][\/vc_row][vc_row][vc_column][vc_column_text]<img loading=\"lazy\" class=\"aligncenter size-full wp-image-805\" src=\"http:\/\/kaikkikuvaa.fi\/edu\/wp-content\/uploads\/2016\/08\/johdantoslider1.jpg\" alt=\"\" width=\"1920\" height=\"1200\" srcset=\"https:\/\/kaikkikuvaa.fi\/edu\/wp-content\/uploads\/2016\/08\/johdantoslider1.jpg 1920w, https:\/\/kaikkikuvaa.fi\/edu\/wp-content\/uploads\/2016\/08\/johdantoslider1-300x188.jpg 300w, https:\/\/kaikkikuvaa.fi\/edu\/wp-content\/uploads\/2016\/08\/johdantoslider1-768x480.jpg 768w, https:\/\/kaikkikuvaa.fi\/edu\/wp-content\/uploads\/2016\/08\/johdantoslider1-1024x640.jpg 1024w\" sizes=\"(max-width: 1920px) 100vw, 1920px\" \/><\/p>\n<p><img loading=\"lazy\" class=\"aligncenter size-full wp-image-806\" src=\"http:\/\/kaikkikuvaa.fi\/edu\/wp-content\/uploads\/2016\/08\/johdantoslider2.jpg\" alt=\"\" width=\"1920\" height=\"1200\" srcset=\"https:\/\/kaikkikuvaa.fi\/edu\/wp-content\/uploads\/2016\/08\/johdantoslider2.jpg 1920w, https:\/\/kaikkikuvaa.fi\/edu\/wp-content\/uploads\/2016\/08\/johdantoslider2-300x188.jpg 300w, https:\/\/kaikkikuvaa.fi\/edu\/wp-content\/uploads\/2016\/08\/johdantoslider2-768x480.jpg 768w, https:\/\/kaikkikuvaa.fi\/edu\/wp-content\/uploads\/2016\/08\/johdantoslider2-1024x640.jpg 1024w\" sizes=\"(max-width: 1920px) 100vw, 1920px\" \/><\/p>\n<p><img loading=\"lazy\" class=\"aligncenter size-full wp-image-807\" src=\"http:\/\/kaikkikuvaa.fi\/edu\/wp-content\/uploads\/2016\/08\/johdantoslider3.jpg\" alt=\"\" width=\"1920\" height=\"1200\" srcset=\"https:\/\/kaikkikuvaa.fi\/edu\/wp-content\/uploads\/2016\/08\/johdantoslider3.jpg 1920w, https:\/\/kaikkikuvaa.fi\/edu\/wp-content\/uploads\/2016\/08\/johdantoslider3-300x188.jpg 300w, https:\/\/kaikkikuvaa.fi\/edu\/wp-content\/uploads\/2016\/08\/johdantoslider3-768x480.jpg 768w, https:\/\/kaikkikuvaa.fi\/edu\/wp-content\/uploads\/2016\/08\/johdantoslider3-1024x640.jpg 1024w\" sizes=\"(max-width: 1920px) 100vw, 1920px\" \/><\/p>\n<p><img loading=\"lazy\" class=\"aligncenter size-full wp-image-808\" src=\"http:\/\/kaikkikuvaa.fi\/edu\/wp-content\/uploads\/2016\/08\/johdantoslider4.jpg\" alt=\"\" width=\"1920\" height=\"1200\" srcset=\"https:\/\/kaikkikuvaa.fi\/edu\/wp-content\/uploads\/2016\/08\/johdantoslider4.jpg 1920w, https:\/\/kaikkikuvaa.fi\/edu\/wp-content\/uploads\/2016\/08\/johdantoslider4-300x188.jpg 300w, https:\/\/kaikkikuvaa.fi\/edu\/wp-content\/uploads\/2016\/08\/johdantoslider4-768x480.jpg 768w, https:\/\/kaikkikuvaa.fi\/edu\/wp-content\/uploads\/2016\/08\/johdantoslider4-1024x640.jpg 1024w\" sizes=\"(max-width: 1920px) 100vw, 1920px\" \/>[\/vc_column_text][\/vc_column][\/vc_row][vc_row][vc_column][vc_column_text]<i>Elokuva<\/i> on polyseeminen sana, jolla on kolme hieman erilaista merkityst\u00e4.\u00a0Yht\u00e4\u00e4lt\u00e4 elokuva on kulttuurin laji ja taidemuoto, kuten ovat musiikki, kirjallisuus ja teatteri.\u00a0Toisaalta elokuvalla tarkoitetaan yksitt\u00e4isi\u00e4 elokuvateoksia, kuten kirjallisuudessa puhutaan\u00a0kirjoista, teatterissa n\u00e4ytelmist\u00e4 ja musiikissa s\u00e4vellyksist\u00e4 tai biiseist\u00e4. Kolmanneksi elokuva tarkoittaa elokuvaa ilmaisun v\u00e4lineen\u00e4 ja elokuvateosten materiaalina. Kirjoissa vastaava aines on kieli ja s\u00e4vellyksiss\u00e4 musiikki. Elokuvassa se on siis <i>elokuva<\/i>.<\/p>\n<p>Vuonna 1895 <b>Auguste ja Louis Lumi\u00e8re<\/b> patentoivat <i>kinematografin<\/i> (\u201cliikkeenkirjoitin\u201d). Se oli ensimm\u00e4inen kone, jolla saattoi tallentaa ja esitt\u00e4\u00e4 uudelleen el\u00e4v\u00e4\u00e4 kuvaa. Suomenkielisen sanan <i>elokuva <\/i>lanseerasi kolmekymment\u00e4 vuotta my\u00f6hemmin kielitieteen professori <b>Artturi Kannisto<\/b>. Nyky\u00e4\u00e4n t\u00e4t\u00e4 keksint\u00f6\u00e4 k\u00e4ytet\u00e4\u00e4n kaikkialla.<\/p>\n<p>Uutisinsertti, kotivideo ja Youtubeen ladattu vloggaus eiv\u00e4t v\u00e4ltt\u00e4m\u00e4tt\u00e4 ole <i>elokuvateoksia<\/i>, mutta materiaaliltaan ne ovat <i>elokuvaa<\/i> ja siten osa <i>elokuvakulttuuria<\/i>. Yh\u00e4 suurempi osa meit\u00e4 ymp\u00e4r\u00f6iv\u00e4st\u00e4 viestinn\u00e4st\u00e4 onkin pohjimmiltaan elokuvaa. Kirjallisen kulttuurin rinnalla maailmaa tutkitaan, esitet\u00e4\u00e4n ja selitet\u00e4\u00e4n meille elokuvan avulla.<\/p>\n<p>My\u00f6s kamerakyn\u00e4ty\u00f6skentelyss\u00e4 ollaan tekemisess\u00e4 elokuvan ja elokuvallisen ajattelun kanssa. Siksi kamerakyn\u00e4n pedagogiikka on mit\u00e4 nykyaikaisinta elokuvakasvatusta.[\/vc_column_text][\/vc_column][\/vc_row][vc_row][vc_column]\n\t\t<div class='vc-mieti-loota' style='\n\t\t\tbackground-color: #dd3333;\n\t\t\tcolor: #ffffff;\n\t\t'>\n\t\t\t<h5 style='color: #ffffff;'><i class='fa fa-arrow-right'><\/i>Mieti<\/h5>\n\t\t\t<span style='color: #ffffff !important;'><p><span style=\"font-weight: 400;\">Mihin tarkoituksiin Lumi\u00e8ren veljesten keksint\u00f6\u00e4 nyky\u00e4\u00e4n k\u00e4ytet\u00e4\u00e4n? Yrit\u00e4 keksi\u00e4 mahdollisimman monta erilaista!<\/span><\/p>\n<\/span>\n\t\t<\/div>\n\t[\/vc_column][\/vc_row]<\/p>\n","protected":false},"excerpt":{"rendered":"<p>[vc_row][vc_column][vc_empty_space][\/vc_column][\/vc_row][vc_row][vc_column][vc_column_text] [\/vc_column_text][\/vc_column][\/vc_row][vc_row][vc_column][vc_column_text]Elokuva on polyseeminen sana, jolla on kolme hieman erilaista merkityst\u00e4.\u00a0Yht\u00e4\u00e4lt\u00e4 elokuva on kulttuurin laji ja taidemuoto, kuten ovat musiikki, kirjallisuus ja teatteri.\u00a0Toisaalta elokuvalla tarkoitetaan yksitt\u00e4isi\u00e4 elokuvateoksia, kuten kirjallisuudessa puhutaan\u00a0kirjoista, teatterissa n\u00e4ytelmist\u00e4 ja musiikissa s\u00e4vellyksist\u00e4 tai biiseist\u00e4. Kolmanneksi elokuva tarkoittaa elokuvaa ilmaisun v\u00e4lineen\u00e4 ja elokuvateosten materiaalina. Kirjoissa vastaava aines on kieli ja s\u00e4vellyksiss\u00e4 musiikki. Elokuvassa [&hellip;]<\/p>\n","protected":false},"author":1,"featured_media":0,"parent":42,"menu_order":0,"comment_status":"closed","ping_status":"closed","template":"page_polku_alasivu.php","meta":[],"_links":{"self":[{"href":"https:\/\/kaikkikuvaa.fi\/edu\/wp-json\/wp\/v2\/pages\/44"}],"collection":[{"href":"https:\/\/kaikkikuvaa.fi\/edu\/wp-json\/wp\/v2\/pages"}],"about":[{"href":"https:\/\/kaikkikuvaa.fi\/edu\/wp-json\/wp\/v2\/types\/page"}],"author":[{"embeddable":true,"href":"https:\/\/kaikkikuvaa.fi\/edu\/wp-json\/wp\/v2\/users\/1"}],"replies":[{"embeddable":true,"href":"https:\/\/kaikkikuvaa.fi\/edu\/wp-json\/wp\/v2\/comments?post=44"}],"version-history":[{"count":27,"href":"https:\/\/kaikkikuvaa.fi\/edu\/wp-json\/wp\/v2\/pages\/44\/revisions"}],"predecessor-version":[{"id":2707,"href":"https:\/\/kaikkikuvaa.fi\/edu\/wp-json\/wp\/v2\/pages\/44\/revisions\/2707"}],"up":[{"embeddable":true,"href":"https:\/\/kaikkikuvaa.fi\/edu\/wp-json\/wp\/v2\/pages\/42"}],"wp:attachment":[{"href":"https:\/\/kaikkikuvaa.fi\/edu\/wp-json\/wp\/v2\/media?parent=44"}],"curies":[{"name":"wp","href":"https:\/\/api.w.org\/{rel}","templated":true}]}}