{"id":604,"date":"2016-08-11T16:03:45","date_gmt":"2016-08-11T13:03:45","guid":{"rendered":"http:\/\/kaikkikuvaa.fi\/edu\/?page_id=604"},"modified":"2016-08-15T23:00:01","modified_gmt":"2016-08-15T20:00:01","slug":"lauseet","status":"publish","type":"page","link":"https:\/\/kaikkikuvaa.fi\/edu\/lauseet\/","title":{"rendered":"Oivalluksia elokuvasta"},"content":{"rendered":"<p>[vc_row][vc_column][vc_empty_space][vc_column_text]<\/p>\n<h3 style=\"text-align: left;\">Elokuvan perusasia nro 1: Kuva ei kerro, se n\u00e4ytt\u00e4\u00e4<\/h3>\n<section class='element element-lauseet'><ul><li><span class='lause'>Kuva n\u00e4ytt\u00e4\u00e4, ei kerro.<\/span><\/li><li><span class='lause'>Kertoja kertoo ja luo kuuntelijalle mielikuvan.<\/span><\/li><li><span class='lause'>Ilman \u00e4\u00e4nt\u00e4 tarinat ovat katsojille erilaisia.<\/span><\/li><\/ul><div class='row'><div class='small-7 medium-5 columns'>&nbsp;<\/div><div class='small-5 medium-7 columns'><span class='lisaaja'>&ndash; Opettaja<\/span><br><span class='pvm'>8.3.2019<\/span><\/div><\/div><ul><li><span class='lause'>Kuinka paljon nykytekniikalla voidaan huijata katsojia tai muuttaa todellisuus vallan toisenlaiseksi kuin esim. Lumieren elokuvassa.<\/span><\/li><li><span class='lause'>Videoinnin helppous nykylaitteilla.<\/span><\/li><li><span class='lause'>Monilukutaidon ja mielikuvituksen kehittyminen, jos kirjoja, esityksi\u00e4 ja asioita siirtyy liikaa kuvaan ja \u00e4\u00e4neen.<\/span><\/li><\/ul><div class='row'><div class='small-7 medium-5 columns'>&nbsp;<\/div><div class='small-5 medium-7 columns'><span class='lisaaja'>&ndash; Opettaja<\/span><br><span class='pvm'>8.3.2019<\/span><\/div><\/div><ul><li><span class='lause'>Elokuva on katsojan silm\u00e4ss\u00e4.<\/span><\/li><li><span class='lause'>Elokuvassa ei ollut rajoja.<\/span><\/li><li><span class='lause'>Elokuvaa voi tehd\u00e4 mist\u00e4 vain.<\/span><\/li><\/ul><div class='row'><div class='small-7 medium-5 columns'>&nbsp;<\/div><div class='small-5 medium-7 columns'><span class='lisaaja'>&ndash; Oppilas<\/span><br><span class='pvm'>8.3.2019<\/span><\/div><\/div><ul><li><span class='lause'>Ei s\u00e4\u00e4nt\u00f6j\u00e4.<\/span><\/li><li><span class='lause'>Kuvakulmaa kannattaa vaihtaa jotta elokuva pysyy kiinnostavampana.<\/span><\/li><li><span class='lause'>Editoimalla saa tehty\u00e4 kaikkea hienoa.<\/span><\/li><\/ul><div class='row'><div class='small-7 medium-5 columns'>&nbsp;<\/div><div class='small-5 medium-7 columns'><span class='lisaaja'>&ndash; Oppilas<\/span><br><span class='pvm'>8.3.2019<\/span><\/div><\/div><ul><li><span class='lause'>Elokuva on katsojan silm\u00e4ss\u00e4.<\/span><\/li><li><span class='lause'>Elokuva syntyy tekij\u00e4n ajatuksista.<\/span><\/li><li><span class='lause'>Kuvakulmaa tulee vaihtaa.<\/span><\/li><\/ul><div class='row'><div class='small-7 medium-5 columns'>&nbsp;<\/div><div class='small-5 medium-7 columns'><span class='lisaaja'>&ndash; Oppilas<\/span><br><span class='pvm'>8.3.2019<\/span><\/div><\/div><ul><li><span class='lause'>Kuva ei kerro se N\u00c4YTT\u00c4\u00c4.<\/span><\/li><li><span class='lause'>Joka ikinen ihminen voi tehd\u00e4 millaisen elokuvan tahansa.<\/span><\/li><li><span class='lause'>Elokuva n\u00e4ytt\u00e4\u00e4 kaikille ihmisille eri tavalla.<\/span><\/li><\/ul><div class='row'><div class='small-7 medium-5 columns'>&nbsp;<\/div><div class='small-5 medium-7 columns'><span class='lisaaja'>&ndash; Oppilas<\/span><br><span class='pvm'>8.3.2019<\/span><\/div><\/div><ul><li><span class='lause'>Pitk\u00e4t klipit.<\/span><\/li><li><span class='lause'>Sama kuvakulma.<\/span><\/li><li><span class='lause'>Ei kannata leikata.<\/span><\/li><\/ul><div class='row'><div class='small-7 medium-5 columns'>&nbsp;<\/div><div class='small-5 medium-7 columns'><span class='lisaaja'>&ndash; Oppilas<\/span><br><span class='pvm'>8.3.2019<\/span><\/div><\/div><ul><li><span class='lause'>Kuvaaminen voisi olla kivaa.<\/span><\/li><li><span class='lause'>Harrastuksien kuvaaminen saattaisi onnistua.<\/span><\/li><\/ul><div class='row'><div class='small-7 medium-5 columns'>&nbsp;<\/div><div class='small-5 medium-7 columns'><span class='lisaaja'>&ndash; Oppilas<\/span><br><span class='pvm'>8.3.2019<\/span><\/div><\/div><ul><li><span class='lause'>Pid\u00e4n valosta ja valaistuksen kontrastista, se on mielest\u00e4ni t\u00e4rke\u00e4\u00e4.<\/span><\/li><li><span class='lause'>En tunnistanut puhujaa \u00e4\u00e4nest\u00e4.<\/span><\/li><li><span class='lause'>Hiljaisuus lis\u00e4\u00e4 kuvaan keskittymist\u00e4.<\/span><\/li><\/ul><div class='row'><div class='small-7 medium-5 columns'>&nbsp;<\/div><div class='small-5 medium-7 columns'><span class='lisaaja'>&ndash; Oppilas<\/span><br><span class='pvm'>8.3.2019<\/span><\/div><\/div><ul><li><span class='lause'>Mietin milloin p\u00e4\u00e4see pois koulusta.<\/span><\/li><li><span class='lause'>En miettinyt mit\u00e4\u00e4n muuta.<\/span><\/li><li><span class='lause'>En miettinyt mit\u00e4\u00e4n muuta.<\/span><\/li><\/ul><div class='row'><div class='small-7 medium-5 columns'>&nbsp;<\/div><div class='small-5 medium-7 columns'><span class='lisaaja'>&ndash; Oppilas<\/span><br><span class='pvm'>8.3.2019<\/span><\/div><\/div><\/section>\n<p>[\/vc_column_text][\/vc_column][\/vc_row][vc_row][vc_column][\/vc_column][\/vc_row]<\/p>\n","protected":false},"excerpt":{"rendered":"<p>[vc_row][vc_column][vc_empty_space][vc_column_text] Elokuvan perusasia nro 1: Kuva ei kerro, se n\u00e4ytt\u00e4\u00e4 [\/vc_column_text][\/vc_column][\/vc_row][vc_row][vc_column][\/vc_column][\/vc_row]<\/p>\n","protected":false},"author":1,"featured_media":0,"parent":0,"menu_order":0,"comment_status":"closed","ping_status":"closed","template":"","meta":[],"_links":{"self":[{"href":"https:\/\/kaikkikuvaa.fi\/edu\/wp-json\/wp\/v2\/pages\/604"}],"collection":[{"href":"https:\/\/kaikkikuvaa.fi\/edu\/wp-json\/wp\/v2\/pages"}],"about":[{"href":"https:\/\/kaikkikuvaa.fi\/edu\/wp-json\/wp\/v2\/types\/page"}],"author":[{"embeddable":true,"href":"https:\/\/kaikkikuvaa.fi\/edu\/wp-json\/wp\/v2\/users\/1"}],"replies":[{"embeddable":true,"href":"https:\/\/kaikkikuvaa.fi\/edu\/wp-json\/wp\/v2\/comments?post=604"}],"version-history":[{"count":8,"href":"https:\/\/kaikkikuvaa.fi\/edu\/wp-json\/wp\/v2\/pages\/604\/revisions"}],"predecessor-version":[{"id":973,"href":"https:\/\/kaikkikuvaa.fi\/edu\/wp-json\/wp\/v2\/pages\/604\/revisions\/973"}],"wp:attachment":[{"href":"https:\/\/kaikkikuvaa.fi\/edu\/wp-json\/wp\/v2\/media?parent=604"}],"curies":[{"name":"wp","href":"https:\/\/api.w.org\/{rel}","templated":true}]}}