{"id":646,"date":"2016-08-12T10:19:03","date_gmt":"2016-08-12T07:19:03","guid":{"rendered":"http:\/\/kaikkikuvaa.fi\/edu\/?page_id=646"},"modified":"2016-08-15T22:51:04","modified_gmt":"2016-08-15T19:51:04","slug":"elokuvan-kolme-perusasiaa-polku","status":"publish","type":"page","link":"https:\/\/kaikkikuvaa.fi\/edu\/elokuvan-kolme-perusasiaa-polku\/","title":{"rendered":"Elokuvan kolme perusasiaa -polku"},"content":{"rendered":"<p>[vc_row][vc_column][vc_empty_space][vc_custom_heading text=&#8221;Johdanto&#8221; font_container=&#8221;tag:h2|text_align:center&#8221; use_theme_fonts=&#8221;yes&#8221;][vc_column_text]<strong>Mit\u00e4 elokuva on?<\/strong><\/p>\n<p>Suomen kieless\u00e4 elokuva on <em>polyseeminen<\/em> sana, jolla on kolme hieman erilaista merkityst\u00e4.\u00a0Yht\u00e4\u00e4lt\u00e4 elokuva on kulttuurin laji, taidemuoto, kuten ovat musiikki, kirjallisuus ja teatteri.\u00a0Toisaalta elokuvalla tarkoitetaan yksitt\u00e4isi\u00e4 elokuvateoksia, kuten kirjallisuudessa puhutaan\u00a0kirjoista ja musiikissa s\u00e4vellyksist\u00e4 tai biiseist\u00e4. Kolmanneksi elokuva tarkoittaa elokuvaa ilmaisun v\u00e4lineen\u00e4 ja elokuvateosten materiaalina. Kirjoissa vastaavat aines on kieli ja s\u00e4vellyksiss\u00e4 musiikki. Elokuvassa se on siis <em>elokuva<\/em>. Tosi-tv-ohjelma, uutisinsertti, kotivideo ja Youtubeen ladattu vloggaus eiv\u00e4t v\u00e4ltt\u00e4m\u00e4tt\u00e4 ole <em>elokuvateoksia<\/em>, mutta materiaaliltaan ne ovat <em>elokuvaa<\/em>.<\/p>\n<p>Elokuvaa tarkastellaan yleens\u00e4 tarinankerronnan ja draaman n\u00e4k\u00f6kulmasta. Mutta, kuten edell\u00e4 huomasimme, on tarinoiden kertominen vain yksi elokuvan k\u00e4ytt\u00f6tarkoituksista. <em>Elokuvan kolme perusasiaa<\/em> -polulla tutkimme v\u00e4lineen niit\u00e4 perusominaisuuksia, jotka yhdist\u00e4v\u00e4t kaikkia elokuvan muotoja. Ne eiv\u00e4t ole videokurssilta tuttuja s\u00e4\u00e4nt\u00f6j\u00e4 \u2013 k\u00e4\u00e4nnekohtia, suojaviivoja ja kuvakokoja. Sen sijaan j\u00e4ljet johtavat havaintojen tekemiseen ja ajatteluun. Perusasioita on kolme:<\/p>\n<ol>\n<li>Kuva ei kerro, se n\u00e4ytt\u00e4\u00e4.<\/li>\n<li>Elokuvaaminen on ajan ja tilan rajaamista.<\/li>\n<li>Leikkaus luo merkityksi\u00e4.<\/li>\n<\/ol>\n<p>Harvasta meist\u00e4 tulee elokuvaohjaajaa tai edes tv-toimittajaa, mutta jokainen p\u00e4\u00e4tyy joskus kuvaamaan videolle arkip\u00e4iv\u00e4n havaintoja kotona, koulussa, t\u00f6iss\u00e4, lomamatkoilla, bileiss\u00e4, h\u00e4iss\u00e4 ja hautajaisissa. Monet tekev\u00e4t omia lyhytelokuvia. Videobloggaajasta saattaa tulla maailmankuulu julkkis. Maailmaa n\u00e4ytet\u00e4\u00e4n ja selitet\u00e4\u00e4n meille elokuvan avulla.<\/p>\n<p>Draama, monista muista hyvist\u00e4 ominaisuuksistaan huolimatta, on k\u00f6mpel\u00f6 ty\u00f6tapa integroitavaksi eri oppiaineiden opiskeluun koulussa. Elokuvallinen ajattelu tarinoiden takana tarjoaa merkitt\u00e4v\u00e4sti enemm\u00e4n pedagogisia mahdollisuuksia. Siksi my\u00f6s opettajan on t\u00e4rke\u00e4\u00e4 tuntea ajattelun mekanismeja.<\/p>\n<p><strong>Kurssin rakenne ja ty\u00f6skentelytapa<\/strong><br \/>\nT\u00e4ll\u00e4 polulla n\u00e4et kolme 10\u201315 minuutin mittaista elokuvaa elokuvan perusasioista. Rastien pohdiskeluteht\u00e4v\u00e4t voit tehd\u00e4 itseksesi ajattelemalla tai kirjoittamalla. Viel\u00e4 enemm\u00e4n saat niist\u00e4 irti parin tai ryhm\u00e4n kanssa keskustellen. Elokuvien yhteydess\u00e4 esitell\u00e4\u00e4n my\u00f6s oppimista syvent\u00e4vi\u00e4 kuvausharjoituksia, jotka sopivat sovellettuina sek\u00e4 lapsille, nuorille ett\u00e4 aikuisille.<\/p>\n<p>Mutta nyt, ennen kuin aloitetaan, sanotaan j\u00e4\u00e4hyv\u00e4iset s\u00e4\u00e4nn\u00f6ille.[\/vc_column_text][vc_column_text]<\/p>\n<div class=\"youtubevideo-container\"><iframe loading=\"lazy\" src=\"https:\/\/www.youtube.com\/embed\/w8UbpRfTdv8?showinfo=0&amp;rel=0\" width=\"300\" height=\"150\" frameborder=\"0\" allowfullscreen=\"allowfullscreen\"><\/iframe><\/div>\n<p>[\/vc_column_text][vc_empty_space][\/vc_column][\/vc_row][vc_row][vc_column][vc_btn title=&#8221; Seuraava rasti: Perusasia nro 1: Kuva ei kerro se n\u00e4ytt\u00e4\u00e4&#8221; style=&#8221;flat&#8221; shape=&#8221;square&#8221; color=&#8221;sky&#8221; size=&#8221;lg&#8221; align=&#8221;center&#8221; i_icon_fontawesome=&#8221;fa fa-arrow-right&#8221; link=&#8221;url:%2Fedu%2Felokuvan-kolme-perusasiaa-polku%2Fperusasia-nro-1-kuva-ei-kerro-se-nayttaa%2F|||&#8221; button_block=&#8221;true&#8221; add_icon=&#8221;true&#8221; el_class=&#8221;element-seuraavarasti&#8221;][\/vc_column][\/vc_row]<\/p>\n","protected":false},"excerpt":{"rendered":"<p>[vc_row][vc_column][vc_empty_space][vc_custom_heading text=&#8221;Johdanto&#8221; font_container=&#8221;tag:h2|text_align:center&#8221; use_theme_fonts=&#8221;yes&#8221;][vc_column_text]Mit\u00e4 elokuva on? Suomen kieless\u00e4 elokuva on polyseeminen sana, jolla on kolme hieman erilaista merkityst\u00e4.\u00a0Yht\u00e4\u00e4lt\u00e4 elokuva on kulttuurin laji, taidemuoto, kuten ovat musiikki, kirjallisuus ja teatteri.\u00a0Toisaalta elokuvalla tarkoitetaan yksitt\u00e4isi\u00e4 elokuvateoksia, kuten kirjallisuudessa puhutaan\u00a0kirjoista ja musiikissa s\u00e4vellyksist\u00e4 tai biiseist\u00e4. Kolmanneksi elokuva tarkoittaa elokuvaa ilmaisun v\u00e4lineen\u00e4 ja elokuvateosten materiaalina. Kirjoissa vastaavat aines on kieli [&hellip;]<\/p>\n","protected":false},"author":2,"featured_media":0,"parent":0,"menu_order":0,"comment_status":"closed","ping_status":"closed","template":"page_polku.php","meta":[],"_links":{"self":[{"href":"https:\/\/kaikkikuvaa.fi\/edu\/wp-json\/wp\/v2\/pages\/646"}],"collection":[{"href":"https:\/\/kaikkikuvaa.fi\/edu\/wp-json\/wp\/v2\/pages"}],"about":[{"href":"https:\/\/kaikkikuvaa.fi\/edu\/wp-json\/wp\/v2\/types\/page"}],"author":[{"embeddable":true,"href":"https:\/\/kaikkikuvaa.fi\/edu\/wp-json\/wp\/v2\/users\/2"}],"replies":[{"embeddable":true,"href":"https:\/\/kaikkikuvaa.fi\/edu\/wp-json\/wp\/v2\/comments?post=646"}],"version-history":[{"count":14,"href":"https:\/\/kaikkikuvaa.fi\/edu\/wp-json\/wp\/v2\/pages\/646\/revisions"}],"predecessor-version":[{"id":965,"href":"https:\/\/kaikkikuvaa.fi\/edu\/wp-json\/wp\/v2\/pages\/646\/revisions\/965"}],"wp:attachment":[{"href":"https:\/\/kaikkikuvaa.fi\/edu\/wp-json\/wp\/v2\/media?parent=646"}],"curies":[{"name":"wp","href":"https:\/\/api.w.org\/{rel}","templated":true}]}}