{"id":654,"date":"2016-08-12T10:28:44","date_gmt":"2016-08-12T07:28:44","guid":{"rendered":"http:\/\/kaikkikuvaa.fi\/edu\/?page_id=654"},"modified":"2016-08-16T00:26:10","modified_gmt":"2016-08-15T21:26:10","slug":"perusasia-nro-2-elokuvaaminen-on-ajan-ja-tilan-rajaamista","status":"publish","type":"page","link":"https:\/\/kaikkikuvaa.fi\/edu\/elokuvan-kolme-perusasiaa-polku\/perusasia-nro-2-elokuvaaminen-on-ajan-ja-tilan-rajaamista\/","title":{"rendered":"Perusasia nro 2: Elokuvaaminen on ajan ja tilan rajaamista"},"content":{"rendered":"<p>[vc_row][vc_column][vc_column_text]<\/p>\n<div class=\"youtubevideo-container\"><iframe loading=\"lazy\" src=\"https:\/\/www.youtube.com\/embed\/c0yJK3V_A_I?showinfo=0&amp;rel=0\" width=\"300\" height=\"150\" frameborder=\"0\" allowfullscreen=\"allowfullscreen\"><\/iframe><\/div>\n<p>[\/vc_column_text][\/vc_column][\/vc_row][vc_row][vc_column][vc_empty_space][\/vc_column][\/vc_row][vc_row equal_height=&#8221;yes&#8221; css=&#8221;.vc_custom_1470830055901{padding-right: 15px !important;padding-left: 15px !important;}&#8221;][vc_column width=&#8221;1\/2&#8243; offset=&#8221;vc_col-xs-12&#8243; css=&#8221;.vc_custom_1470830039871{background-color: #1e73be !important;}&#8221;]\n\t\t<div class='vc-mieti-loota' style='\n\t\t\tbackground-color: #1e73be;\n\t\t\tcolor: #ffffff;\n\t\t'>\n\t\t\t<h5 style='color: #ffffff;'><i class='fa fa-arrow-right'><\/i>Mieti<\/h5>\n\t\t\t<span style='color: #ffffff !important;'><p><span style=\"font-weight: 400;\">Kirjaa yl\u00f6s kolme kiinnostavaa ajatusta, jotka j\u00e4iv\u00e4t elokuvasta mieleen. Ajatukset voivat olla suoraan elokuvasta tai sit\u00e4 katsoessa syntyneit\u00e4 omia oivalluksia.<\/span><\/p>\n<p>Kirjatut ajatukset ker\u00e4t\u00e4\u00e4n yhteen <a style=\"color: #fff; text-decoration: underline;\" title=\"Linkki aukeaa uuteen v\u00e4lilehteen\" href=\"\/edu\/lauseet-2\" target=\"_blank\">sivulle<\/a>, josta kaikki sivuston k\u00e4ytt\u00e4j\u00e4t voivat niihin tutustua.<\/p>\n<\/span>\n\t\t<\/div>\n\t[\/vc_column][vc_column width=&#8221;1\/2&#8243; offset=&#8221;vc_col-xs-12&#8243; css=&#8221;.vc_custom_1470830048008{background-color: #1e73be !important;}&#8221;]<div role=\"form\" class=\"wpcf7\" id=\"wpcf7-f246-o1\" lang=\"fi\" dir=\"ltr\">\n<div class=\"screen-reader-response\"><p role=\"status\" aria-live=\"polite\" aria-atomic=\"true\"><\/p> <ul><\/ul><\/div>\n<form action=\"\/edu\/wp-json\/wp\/v2\/pages\/654#wpcf7-f246-o1\" method=\"post\" class=\"wpcf7-form init\" novalidate=\"novalidate\" data-status=\"init\">\n<div style=\"display: none;\">\n<input type=\"hidden\" name=\"_wpcf7\" value=\"246\" \/>\n<input type=\"hidden\" name=\"_wpcf7_version\" value=\"5.6.3\" \/>\n<input type=\"hidden\" name=\"_wpcf7_locale\" value=\"fi\" \/>\n<input type=\"hidden\" name=\"_wpcf7_unit_tag\" value=\"wpcf7-f246-o1\" \/>\n<input type=\"hidden\" name=\"_wpcf7_container_post\" value=\"0\" \/>\n<input type=\"hidden\" name=\"_wpcf7_posted_data_hash\" value=\"\" \/>\n<\/div>\n<p><input name=\"formname\" value=\"lisaalause\" type=\"hidden\"><\/p>\n<p><span class=\"wpcf7-form-control-wrap\" data-name=\"lause1\"><input type=\"text\" name=\"lause1\" value=\"\" size=\"40\" class=\"wpcf7-form-control wpcf7-text wpcf7-validates-as-required\" aria-required=\"true\" aria-invalid=\"false\" \/><\/span><span class=\"wpcf7-form-control-wrap\" data-name=\"lause2\"><input type=\"text\" name=\"lause2\" value=\"\" size=\"40\" class=\"wpcf7-form-control wpcf7-text\" aria-invalid=\"false\" \/><\/span><span class=\"wpcf7-form-control-wrap\" data-name=\"lause3\"><input type=\"text\" name=\"lause3\" value=\"\" size=\"40\" class=\"wpcf7-form-control wpcf7-text\" aria-invalid=\"false\" \/><\/span><span class=\"wpcf7-form-control-wrap\" data-name=\"olen\"><select name=\"olen\" class=\"wpcf7-form-control wpcf7-select wpcf7-validates-as-required\" aria-required=\"true\" aria-invalid=\"false\"><option value=\"Opettaja\">Opettaja<\/option><option value=\"Oppilas\">Oppilas<\/option><option value=\"Opiskelija\">Opiskelija<\/option><option value=\"Harrastaja\">Harrastaja<\/option><option value=\"Muu\">Muu<\/option><\/select><\/span><\/p>\n<p>[recaptcha id:perusasia2 size:compact]<\/p>\n<p><input type=\"submit\" value=\"L\u00e4het\u00e4\" class=\"wpcf7-form-control has-spinner wpcf7-submit\" \/><\/p>\n<div class=\"visible-if-sent kiitos-loota\">\nKiitos ajatuksistasi! Voit lukea muiden kirjaamia ajatuksia <a href=\"http:\/\/kaikkikuvaa.fi\/edu\/lauseet-2\/\" target=\"_blank\" title=\"Linkki avautuu uuteen v\u00e4lilehteen\">t\u00e4\u00e4ll\u00e4<\/a>.\n<\/div>\n<div class=\"wpcf7-response-output\" aria-hidden=\"true\"><\/div><\/form><\/div>[\/vc_column][\/vc_row][vc_row][vc_column][vc_empty_space][\/vc_column][\/vc_row][vc_row equal_height=&#8221;yes&#8221;][vc_column width=&#8221;1\/2&#8243; offset=&#8221;vc_col-xs-12&#8243;]\n\t\t<div class='vc-mieti-loota' style='\n\t\t\tbackground-color: #1e73be;\n\t\t\tcolor: #ffffff;\n\t\t'>\n\t\t\t<h5 style='color: #ffffff;'><i class='fa fa-arrow-right'><\/i>Mieti<\/h5>\n\t\t\t<span style='color: #ffffff !important;'><p>Miten kuvanveist\u00e4j\u00e4 liittyy elokuvaamiseen?<\/p>\n<\/span>\n\t\t<\/div>\n\t[\/vc_column][vc_column width=&#8221;1\/2&#8243; offset=&#8221;vc_col-xs-12&#8243;]\n\t\t<div class='vc-mieti-loota' style='\n\t\t\tbackground-color: #1e73be;\n\t\t\tcolor: #ffffff;\n\t\t'>\n\t\t\t<h5 style='color: #ffffff;'><i class='fa fa-arrow-right'><\/i>Mieti<\/h5>\n\t\t\t<span style='color: #ffffff !important;'><p>Millaisesta tilanteesta otat valokuvan, millaisesta el\u00e4v\u00e4\u00e4 kuvaa?<\/p>\n<\/span>\n\t\t<\/div>\n\t[\/vc_column][\/vc_row][vc_row][vc_column][vc_empty_space][\/vc_column][\/vc_row][vc_row equal_height=&#8221;yes&#8221;][vc_column width=&#8221;1\/2&#8243; offset=&#8221;vc_col-xs-12&#8243;]\n\t\t<div class='vc-mieti-loota' style='\n\t\t\tbackground-color: #1e73be;\n\t\t\tcolor: #ffffff;\n\t\t'>\n\t\t\t<h5 style='color: #ffffff;'><i class='fa fa-arrow-right'><\/i>Mieti<\/h5>\n\t\t\t<span style='color: #ffffff !important;'><p>Andrei Tarkovskin mukaan elokuvan materiaali on aika. Mit\u00e4 h\u00e4n tarkoittaa?<\/p>\n<\/span>\n\t\t<\/div>\n\t[\/vc_column][vc_column width=&#8221;1\/2&#8243; offset=&#8221;vc_col-xs-12&#8243;]\n\t\t<div class='vc-mieti-loota' style='\n\t\t\tbackground-color: #1e73be;\n\t\t\tcolor: #ffffff;\n\t\t'>\n\t\t\t<h5 style='color: #ffffff;'><i class='fa fa-arrow-right'><\/i>Mieti<\/h5>\n\t\t\t<span style='color: #ffffff !important;'><p>Mit\u00e4 tarkoittaa &#8221;elliptinen kerronta&#8221; ja miten se toimii?<\/p>\n<\/span>\n\t\t<\/div>\n\t[\/vc_column][\/vc_row][vc_row][vc_column][vc_empty_space][\/vc_column][\/vc_row][vc_row equal_height=&#8221;yes&#8221;][vc_column width=&#8221;1\/2&#8243; offset=&#8221;vc_col-xs-12&#8243;]\n\t\t<div class='vc-mieti-loota' style='\n\t\t\tbackground-color: #1e73be;\n\t\t\tcolor: #ffffff;\n\t\t'>\n\t\t\t<h5 style='color: #ffffff;'><i class='fa fa-arrow-right'><\/i>Mieti<\/h5>\n\t\t\t<span style='color: #ffffff !important;'><p>Keksi esimerkkej\u00e4 siit\u00e4, miten elokuvissa hy\u00f6dynnet\u00e4\u00e4n elliptist\u00e4 kerrontaa.<\/p>\n<\/span>\n\t\t<\/div>\n\t[\/vc_column][vc_column width=&#8221;1\/2&#8243; offset=&#8221;vc_col-xs-12&#8243;]\n\t\t<div class='vc-mieti-loota' style='\n\t\t\tbackground-color: #1e73be;\n\t\t\tcolor: #ffffff;\n\t\t'>\n\t\t\t<h5 style='color: #ffffff;'><i class='fa fa-arrow-right'><\/i>Mieti<\/h5>\n\t\t\t<span style='color: #ffffff !important;'><p>Keksi kohtaus, jonka voisit kuvata elliptisesti<\/p>\n<\/span>\n\t\t<\/div>\n\t[\/vc_column][\/vc_row][vc_row][vc_column][vc_empty_space][\/vc_column][\/vc_row][vc_row][vc_column]\n\t\t<div class='vc-mieti-loota' style='\n\t\t\tbackground-color: #dd3333;\n\t\t\tcolor: #ffffff;\n\t\t'>\n\t\t\t<h5 style='color: #ffffff;'><i class='fa fa-arrow-right'><\/i>Kokeile<\/h5>\n\t\t\t<span style='color: #ffffff !important;'><div class=\"row\">\n<div class=\"small-12 medium-6 columns\"><iframe loading=\"lazy\" style=\"width: 100% !important; height: 250px !important;\" src=\"https:\/\/www.youtube.com\/embed\/2sxBkFRq3jY?showinfo=0&amp;rel=0\" width=\"300\" height=\"150\" frameborder=\"0\" allowfullscreen=\"allowfullscreen\"><\/iframe><\/div>\n<div class=\"small-12 medium-6 columns\">\n<p><strong>Lumi\u00e8re-elokuva<\/strong><\/p>\n<p>Harjoituksessa kokeillaan ajan ja tilan rajaamista tekem\u00e4ll\u00e4 yksinkertaisin mahdollinen elokuva. Esikuvana toimivat Lumi\u00e8re-veljesten varhaiset elokuvakokeilut yli sadan vuoden takaa. Teht\u00e4v\u00e4 avaa silm\u00e4t pienille havainnoille.<\/p>\n<p><a style=\"color: #fff; text-decoration: underline;\" href=\"\/edu\/materiaalit\/KKEDU-kuvausharjoitus_Lumiere-elokuva.pdf\" target=\"_blank\">Lataa harjoituksen ohjeet<\/a> [PDF]<\/p>\n<\/div>\n<\/div>\n<\/span>\n\t\t<\/div>\n\t[\/vc_column][vc_column][vc_empty_space]\n\t\t<div class='vc-mieti-loota' style='\n\t\t\tbackground-color: #dd3333;\n\t\t\tcolor: #ffffff;\n\t\t'>\n\t\t\t<h5 style='color: #ffffff;'><i class='fa fa-arrow-right'><\/i>Kokeile<\/h5>\n\t\t\t<span style='color: #ffffff !important;'><div class=\"row\">\n<div class=\"small-12 medium-6 columns\"><iframe loading=\"lazy\" style=\"width: 100% !important; height: 250px !important;\" src=\"https:\/\/www.youtube.com\/embed\/DLVJsQaUUo8?showinfo=0&amp;rel=0\" width=\"300\" height=\"150\" frameborder=\"0\" allowfullscreen=\"allowfullscreen\"><\/iframe><\/div>\n<div class=\"small-12 medium-6 columns\">\n<p><strong>Ellipsi<\/strong><\/p>\n<p>Elokuvassa voi tapahtua asioita, joita ei koskaan n\u00e4ytet\u00e4. Harjoituksessa tehd\u00e4\u00e4n yksinkertainen video, jossa kokeillaan elliptist\u00e4 kerrontaa.<\/p>\n<p><a style=\"color: #fff; text-decoration: underline;\" href=\"\/edu\/materiaalit\/KKEDU-kuvausharjoitus_Ellipsi.pdf\" target=\"_blank\">Lataa harjoituksen ohjeet<\/a> [PDF]<\/p>\n<\/div>\n<\/div>\n<\/span>\n\t\t<\/div>\n\t[\/vc_column][\/vc_row][vc_row][vc_column][vc_empty_space][\/vc_column][\/vc_row]<\/p>\n","protected":false},"excerpt":{"rendered":"<p>[vc_row][vc_column][vc_column_text] [\/vc_column_text][\/vc_column][\/vc_row][vc_row][vc_column][vc_empty_space][\/vc_column][\/vc_row][vc_row equal_height=&#8221;yes&#8221; css=&#8221;.vc_custom_1470830055901{padding-right: 15px !important;padding-left: 15px !important;}&#8221;][vc_column width=&#8221;1\/2&#8243; offset=&#8221;vc_col-xs-12&#8243; css=&#8221;.vc_custom_1470830039871{background-color: #1e73be !important;}&#8221;][\/vc_column][vc_column width=&#8221;1\/2&#8243; offset=&#8221;vc_col-xs-12&#8243; css=&#8221;.vc_custom_1470830048008{background-color: #1e73be !important;}&#8221;][\/vc_column][\/vc_row][vc_row][vc_column][vc_empty_space][\/vc_column][\/vc_row][vc_row equal_height=&#8221;yes&#8221;][vc_column width=&#8221;1\/2&#8243; offset=&#8221;vc_col-xs-12&#8243;][\/vc_column][vc_column width=&#8221;1\/2&#8243; offset=&#8221;vc_col-xs-12&#8243;][\/vc_column][\/vc_row][vc_row][vc_column][vc_empty_space][\/vc_column][\/vc_row][vc_row equal_height=&#8221;yes&#8221;][vc_column width=&#8221;1\/2&#8243; offset=&#8221;vc_col-xs-12&#8243;][\/vc_column][vc_column width=&#8221;1\/2&#8243; offset=&#8221;vc_col-xs-12&#8243;][\/vc_column][\/vc_row][vc_row][vc_column][vc_empty_space][\/vc_column][\/vc_row][vc_row equal_height=&#8221;yes&#8221;][vc_column width=&#8221;1\/2&#8243; offset=&#8221;vc_col-xs-12&#8243;][\/vc_column][vc_column width=&#8221;1\/2&#8243; offset=&#8221;vc_col-xs-12&#8243;][\/vc_column][\/vc_row][vc_row][vc_column][vc_empty_space][\/vc_column][\/vc_row][vc_row][vc_column][\/vc_column][vc_column][vc_empty_space][\/vc_column][\/vc_row][vc_row][vc_column][vc_empty_space][\/vc_column][\/vc_row]<\/p>\n","protected":false},"author":2,"featured_media":0,"parent":646,"menu_order":0,"comment_status":"closed","ping_status":"closed","template":"page_polku_alasivu.php","meta":[],"_links":{"self":[{"href":"https:\/\/kaikkikuvaa.fi\/edu\/wp-json\/wp\/v2\/pages\/654"}],"collection":[{"href":"https:\/\/kaikkikuvaa.fi\/edu\/wp-json\/wp\/v2\/pages"}],"about":[{"href":"https:\/\/kaikkikuvaa.fi\/edu\/wp-json\/wp\/v2\/types\/page"}],"author":[{"embeddable":true,"href":"https:\/\/kaikkikuvaa.fi\/edu\/wp-json\/wp\/v2\/users\/2"}],"replies":[{"embeddable":true,"href":"https:\/\/kaikkikuvaa.fi\/edu\/wp-json\/wp\/v2\/comments?post=654"}],"version-history":[{"count":14,"href":"https:\/\/kaikkikuvaa.fi\/edu\/wp-json\/wp\/v2\/pages\/654\/revisions"}],"predecessor-version":[{"id":993,"href":"https:\/\/kaikkikuvaa.fi\/edu\/wp-json\/wp\/v2\/pages\/654\/revisions\/993"}],"up":[{"embeddable":true,"href":"https:\/\/kaikkikuvaa.fi\/edu\/wp-json\/wp\/v2\/pages\/646"}],"wp:attachment":[{"href":"https:\/\/kaikkikuvaa.fi\/edu\/wp-json\/wp\/v2\/media?parent=654"}],"curies":[{"name":"wp","href":"https:\/\/api.w.org\/{rel}","templated":true}]}}