{"id":764,"date":"2016-08-13T09:52:29","date_gmt":"2016-08-13T06:52:29","guid":{"rendered":"http:\/\/kaikkikuvaa.fi\/edu\/?page_id=764"},"modified":"2016-08-14T10:57:41","modified_gmt":"2016-08-14T07:57:41","slug":"oppimista-edistavat-mekanismit-tuloste","status":"publish","type":"page","link":"https:\/\/kaikkikuvaa.fi\/edu\/oppimista-edistavat-mekanismit-tuloste\/","title":{"rendered":"Oppimista edist\u00e4v\u00e4t mekanismit (Tuloste)"},"content":{"rendered":"<h1>Oppimista edist\u00e4v\u00e4t mekanismit<\/h1>\n<p>Kamerakyn\u00e4ty\u00f6skentelyss\u00e4 oppilas on aktiivinen toimija, joka k\u00e4ytt\u00e4\u00e4 kameraa omien havaintojensa ja ajatustensa j\u00e4sent\u00e4miseen. V\u00e4lineen ominaisuuksia ja pedagogiikan oppimisk\u00e4sityst\u00e4 voi tarkastella kuuden eri mekanismin kautta.<\/p>\n<p><strong>1. Konkretisoi ja kuvallistaa.<\/strong> Kuvaamisprosessissa abstraktit k\u00e4sitteet saavat konkreettisia muotoja, joita oppilaan on helpompi k\u00e4sitell\u00e4 ja muistaa. Liikkuminen kuvan ja kielen v\u00e4lill\u00e4 tuottaa paljon ajattelua. Kun opiskeltavaa aihetta k\u00e4sitell\u00e4\u00e4n monella tavalla eri vaiheissa, siihen liittyv\u00e4 konteksti laajenee. Eri aistit ovat aktiivisia ja muistij\u00e4lki\u00e4 j\u00e4\u00e4 aivoissa moneen eri paikkaan.<br \/>\n<strong>2. J\u00e4sent\u00e4\u00e4 havaintoja ja ajatuksia.<\/strong> Kamera on v\u00e4line todellisuuden purkamiseen ja j\u00e4sent\u00e4miseen. Kuvaaminen auttaa oppilasta pys\u00e4htym\u00e4\u00e4n oman havainnon \u00e4\u00e4relle, ty\u00f6st\u00e4m\u00e4\u00e4n sit\u00e4. Mielikuvat ovat h\u00e4ilyvi\u00e4 ja ohimenevi\u00e4, mutta kuva kameran ruudulla pysyy paikallaan pidemp\u00e4\u00e4n. Kuvaamisprosessissa ajatuksesta syntyy konkreettinen kuva, jota voi ty\u00f6st\u00e4\u00e4 yksin ja yhdess\u00e4.<br \/>\n<strong>3. Ohjaa tarkkaavaisuutta.<\/strong> T\u00e4rke\u00e4 osa opettajan ty\u00f6t\u00e4 on oppilaiden tarkkaavaisuuden suuntaaminen. Kamerakyn\u00e4-ty\u00f6skentelyss\u00e4 kamera yll\u00e4pit\u00e4\u00e4 oppimisen kannalta edullisia skeemoja. Hyv\u00e4 kuvausteht\u00e4v\u00e4 haastaa lapsen leikkiin, jossa h\u00e4n itse ohjaa itse\u00e4\u00e4n tarkkaavaisuuteen. Ryhm\u00e4ty\u00f6skentelyss\u00e4 kuvaaminen edellytt\u00e4\u00e4 kaikilta osallistujilta samanaikaista keskittymist\u00e4.<br \/>\n<strong>4. Ohjaa oppimisprosessia.<\/strong> Kamerakyn\u00e4ty\u00f6skentely tuottaa itseohjautuvuutta. Kun tavoitteena on yksinkertainen yhden tai muutaman otoksen video, se on kuviteltavissa jo ennen kuvaamista. (Traditionaalinen lyhytelokuva hahmottuu vasta leikkausvaiheessa.) Oppilaat voivat yhdess\u00e4 arvioida ja neuvotella, mit\u00e4 heid\u00e4n on teht\u00e4v\u00e4, jotta tavoitteen mukainen lopputulos syntyy. Video voidaan suunnitella ja kuvata heti uudestaan, kunnes se vastaa ryhm\u00e4n ajatusta.<br \/>\n<strong>5. Lis\u00e4\u00e4 omistajuutta.<\/strong> Videoty\u00f6skentelyss\u00e4 syntyy konkreettinen objekti. Tehty ty\u00f6 ja oppiminen tulee n\u00e4kyv\u00e4ksi. Oppilas on aktiivinen toimija, jonka ajattelu ja ty\u00f6skentely j\u00e4tt\u00e4\u00e4 videoon j\u00e4ljen. Kun ty\u00f6t\u00e4 arvioidaan, oppilas itse ei ole arvioinnin kohteena vaan subjektina. Omistajuus omaan oppimiseen kasvaa.<br \/>\n<strong>6. Tuottaa oppimista edist\u00e4vi\u00e4 emootioita.<\/strong> Kuvaaminen on hauskaa, sosiaalista ja motivoivaa. Haastavat kuvausteht\u00e4v\u00e4t avaavat tilan oppilaan luovuudelle ja onnistumisen kokemuksille. Kameralle esiintyminen on vaarattomampaa kuin opettajan tai luokan arvioinnin kohteeksi asettuminen. Kamerakyn\u00e4-ty\u00f6skentelyss\u00e4 toteutuvat pedagogisen viihtymisen kolme kulmakive\u00e4: turvallisuus, uteliaisuus ja vuorovaikutus.<\/p>\n","protected":false},"excerpt":{"rendered":"<p>Oppimista edist\u00e4v\u00e4t mekanismit Kamerakyn\u00e4ty\u00f6skentelyss\u00e4 oppilas on aktiivinen toimija, joka k\u00e4ytt\u00e4\u00e4 kameraa omien havaintojensa ja ajatustensa j\u00e4sent\u00e4miseen. V\u00e4lineen ominaisuuksia ja pedagogiikan oppimisk\u00e4sityst\u00e4 voi tarkastella kuuden eri mekanismin kautta. 1. Konkretisoi ja kuvallistaa. Kuvaamisprosessissa abstraktit k\u00e4sitteet saavat konkreettisia muotoja, joita oppilaan on helpompi k\u00e4sitell\u00e4 ja muistaa. Liikkuminen kuvan ja kielen v\u00e4lill\u00e4 tuottaa paljon ajattelua. Kun opiskeltavaa aihetta [&hellip;]<\/p>\n","protected":false},"author":1,"featured_media":0,"parent":0,"menu_order":0,"comment_status":"closed","ping_status":"closed","template":"page_tulostus.php","meta":[],"_links":{"self":[{"href":"https:\/\/kaikkikuvaa.fi\/edu\/wp-json\/wp\/v2\/pages\/764"}],"collection":[{"href":"https:\/\/kaikkikuvaa.fi\/edu\/wp-json\/wp\/v2\/pages"}],"about":[{"href":"https:\/\/kaikkikuvaa.fi\/edu\/wp-json\/wp\/v2\/types\/page"}],"author":[{"embeddable":true,"href":"https:\/\/kaikkikuvaa.fi\/edu\/wp-json\/wp\/v2\/users\/1"}],"replies":[{"embeddable":true,"href":"https:\/\/kaikkikuvaa.fi\/edu\/wp-json\/wp\/v2\/comments?post=764"}],"version-history":[{"count":1,"href":"https:\/\/kaikkikuvaa.fi\/edu\/wp-json\/wp\/v2\/pages\/764\/revisions"}],"predecessor-version":[{"id":765,"href":"https:\/\/kaikkikuvaa.fi\/edu\/wp-json\/wp\/v2\/pages\/764\/revisions\/765"}],"wp:attachment":[{"href":"https:\/\/kaikkikuvaa.fi\/edu\/wp-json\/wp\/v2\/media?parent=764"}],"curies":[{"name":"wp","href":"https:\/\/api.w.org\/{rel}","templated":true}]}}