{"id":930,"date":"2016-08-15T20:13:06","date_gmt":"2016-08-15T17:13:06","guid":{"rendered":"http:\/\/kaikkikuvaa.fi\/edu\/?page_id=930"},"modified":"2016-08-15T23:00:35","modified_gmt":"2016-08-15T20:00:35","slug":"lauseet-2","status":"publish","type":"page","link":"https:\/\/kaikkikuvaa.fi\/edu\/lauseet-2\/","title":{"rendered":"Oivalluksia elokuvasta"},"content":{"rendered":"<p>[vc_row][vc_column][vc_empty_space][vc_column_text]<\/p>\n<h3>Elokuvan perusasia nro 2: Elokuvaaminen on ajan ja tilan rajaamista<\/h3>\n<section class='element element-lauseet'><ul><li><span class='lause'>Kaikki on mahdollista.<\/span><\/li><li><span class='lause'>Kuvaaminen on muokkausta.<\/span><\/li><\/ul><div class='row'><div class='small-7 medium-5 columns'>&nbsp;<\/div><div class='small-5 medium-7 columns'><span class='lisaaja'>&ndash; Muu<\/span><br><span class='pvm'>8.3.2019<\/span><\/div><\/div><ul><li><span class='lause'>Se, ett\u00e4 kuvataan aikaa.<\/span><\/li><li><span class='lause'>\"hetki\u00e4, jotka ovat olleet kerran olemassa\"<\/span><\/li><li><span class='lause'>Lapsi hukkui, vaikka sit\u00e4 ei n\u00e4ytettyk\u00e4\u00e4n.<\/span><\/li><\/ul><div class='row'><div class='small-7 medium-5 columns'>&nbsp;<\/div><div class='small-5 medium-7 columns'><span class='lisaaja'>&ndash; Oppilas<\/span><br><span class='pvm'>8.3.2019<\/span><\/div><\/div><ul><li><span class='lause'>Ajan rajausta.<\/span><\/li><\/ul><div class='row'><div class='small-7 medium-5 columns'>&nbsp;<\/div><div class='small-5 medium-7 columns'><span class='lisaaja'>&ndash; Oppilas<\/span><br><span class='pvm'>8.3.2019<\/span><\/div><\/div><ul><li><span class='lause'>Onko kaupungilla eroa maaseudusta?<\/span><\/li><li><span class='lause'>Onko?<\/span><\/li><li><span class='lause'>Ei mit\u00e4\u00e4n.<\/span><\/li><\/ul><div class='row'><div class='small-7 medium-5 columns'>&nbsp;<\/div><div class='small-5 medium-7 columns'><span class='lisaaja'>&ndash; Oppilas<\/span><br><span class='pvm'>8.3.2019<\/span><\/div><\/div><ul><li><span class='lause'>Kuvakulmat.<\/span><\/li><li><span class='lause'>\u00d6t\u00f6k\u00e4t.<\/span><\/li><li><span class='lause'>Liikennevalot.<\/span><\/li><\/ul><div class='row'><div class='small-7 medium-5 columns'>&nbsp;<\/div><div class='small-5 medium-7 columns'><span class='lisaaja'>&ndash; Oppilas<\/span><br><span class='pvm'>8.3.2019<\/span><\/div><\/div><ul><li><span class='lause'>Kaikkea ei tarvitse n\u00e4ytt\u00e4\u00e4.<\/span><\/li><li><span class='lause'>Rajaus on t\u00e4rke\u00e4\u00e4.<\/span><\/li><li><span class='lause'>Kuvaamisen pit\u00e4\u00e4 olla hauskaa.<\/span><\/li><\/ul><div class='row'><div class='small-7 medium-5 columns'>&nbsp;<\/div><div class='small-5 medium-7 columns'><span class='lisaaja'>&ndash; Muu<\/span><br><span class='pvm'>8.3.2019<\/span><\/div><\/div><ul><li><span class='lause'>Koko ajan tapahtuu vaikka mit\u00e4, sin\u00e4 p\u00e4\u00e4t\u00e4t mik\u00e4 j\u00e4\u00e4 n\u00e4kyviin.<\/span><\/li><li><span class='lause'>Todellisuus on luova taiteilija.<\/span><\/li><li><span class='lause'>Aikaa ja kuvaa kahden painalluksen v\u00e4liss\u00e4.<\/span><\/li><\/ul><div class='row'><div class='small-7 medium-5 columns'>&nbsp;<\/div><div class='small-5 medium-7 columns'><span class='lisaaja'>&ndash; Opettaja<\/span><br><span class='pvm'>8.3.2019<\/span><\/div><\/div><ul><li><span class='lause'>J\u00e4i miettim\u00e4\u00e4n kuinka paljon elokuvasta on katsojan tulkintaa.<\/span><\/li><li><span class='lause'>Juoni kulkee eteenp\u00e4in jo pienill\u00e4 asioilla, kun ne vain ovat oikeita asioita.<\/span><\/li><li><span class='lause'>Jokainen kokee, tuntee ja tulkitsee erilailla.<\/span><\/li><\/ul><div class='row'><div class='small-7 medium-5 columns'>&nbsp;<\/div><div class='small-5 medium-7 columns'><span class='lisaaja'>&ndash; Opettaja<\/span><br><span class='pvm'>23.5.2018<\/span><\/div><\/div><ul><li><span class='lause'>Oletamme paljon asioita vaikka niit\u00e4 ei n\u00e4ytet\u00e4 tapahtuvan.<\/span><\/li><li><span class='lause'>Jokainen katsoja tulkitsee kuvat omalla tavallaan pohjautuen omaan kokemusmaailmaan.<\/span><\/li><li><span class='lause'>Elokuvan saa aikaiseksi melko v\u00e4h\u00e4ll\u00e4 valmistelulla.<\/span><\/li><\/ul><div class='row'><div class='small-7 medium-5 columns'>&nbsp;<\/div><div class='small-5 medium-7 columns'><span class='lisaaja'>&ndash; Opettaja<\/span><br><span class='pvm'>23.5.2018<\/span><\/div><\/div><ul><li><span class='lause'>Kuvan tai tapahtuman n\u00e4ytt\u00e4m\u00e4tt\u00e4 j\u00e4tt\u00e4minen on usein parempi tehokeino kun kuvan n\u00e4ytt\u00e4minen.<\/span><\/li><li><span class='lause'>Jos on omakohtainen kokemus tai muisto liittyen elokuvan tapahtumiin, paikkoihin tai musiikkiin on kokemus vahvempi ja jokaiselle erilainen.<\/span><\/li><li><span class='lause'>Ihminen peilaa aina tapahtumia omaan kulttuuriin.<\/span><\/li><\/ul><div class='row'><div class='small-7 medium-5 columns'>&nbsp;<\/div><div class='small-5 medium-7 columns'><span class='lisaaja'>&ndash; Opettaja<\/span><br><span class='pvm'>23.5.2018<\/span><\/div><\/div><\/section>[\/vc_column_text][\/vc_column][\/vc_row]<\/p>\n","protected":false},"excerpt":{"rendered":"<p>[vc_row][vc_column][vc_empty_space][vc_column_text] Elokuvan perusasia nro 2: Elokuvaaminen on ajan ja tilan rajaamista [\/vc_column_text][\/vc_column][\/vc_row]<\/p>\n","protected":false},"author":1,"featured_media":0,"parent":0,"menu_order":0,"comment_status":"closed","ping_status":"closed","template":"","meta":[],"_links":{"self":[{"href":"https:\/\/kaikkikuvaa.fi\/edu\/wp-json\/wp\/v2\/pages\/930"}],"collection":[{"href":"https:\/\/kaikkikuvaa.fi\/edu\/wp-json\/wp\/v2\/pages"}],"about":[{"href":"https:\/\/kaikkikuvaa.fi\/edu\/wp-json\/wp\/v2\/types\/page"}],"author":[{"embeddable":true,"href":"https:\/\/kaikkikuvaa.fi\/edu\/wp-json\/wp\/v2\/users\/1"}],"replies":[{"embeddable":true,"href":"https:\/\/kaikkikuvaa.fi\/edu\/wp-json\/wp\/v2\/comments?post=930"}],"version-history":[{"count":4,"href":"https:\/\/kaikkikuvaa.fi\/edu\/wp-json\/wp\/v2\/pages\/930\/revisions"}],"predecessor-version":[{"id":974,"href":"https:\/\/kaikkikuvaa.fi\/edu\/wp-json\/wp\/v2\/pages\/930\/revisions\/974"}],"wp:attachment":[{"href":"https:\/\/kaikkikuvaa.fi\/edu\/wp-json\/wp\/v2\/media?parent=930"}],"curies":[{"name":"wp","href":"https:\/\/api.w.org\/{rel}","templated":true}]}}