{"id":932,"date":"2016-08-15T20:13:16","date_gmt":"2016-08-15T17:13:16","guid":{"rendered":"http:\/\/kaikkikuvaa.fi\/edu\/?page_id=932"},"modified":"2016-08-15T23:00:57","modified_gmt":"2016-08-15T20:00:57","slug":"lauseet-3","status":"publish","type":"page","link":"https:\/\/kaikkikuvaa.fi\/edu\/lauseet-3\/","title":{"rendered":"Oivalluksia elokuvasta"},"content":{"rendered":"<p>[vc_row][vc_column][vc_empty_space][vc_column_text]<\/p>\n<h3>Elokuvan perusasia nro 3: Leikkaus luo merkityksi\u00e4<\/h3>\n<section class='element element-lauseet'><ul><li><span class='lause'>Elokuva j\u00e4tt\u00e4\u00e4 n\u00e4ytt\u00e4m\u00e4tt\u00e4 ja tyhj\u00e4 tila kertoo katsojan p\u00e4\u00e4ss\u00e4 asian.<\/span><\/li><li><span class='lause'>Yhdist\u00e4\u00e4 ja erottaa leikkaamalla.<\/span><\/li><li><span class='lause'>Kuvat t\u00f6rm\u00e4\u00e4v\u00e4t toisiinsa.<\/span><\/li><\/ul><div class='row'><div class='small-7 medium-5 columns'>&nbsp;<\/div><div class='small-5 medium-7 columns'><span class='lisaaja'>&ndash; Opettaja<\/span><br><span class='pvm'>8.3.2019<\/span><\/div><\/div><ul><li><span class='lause'>Leikkaamisella voidaan muokata todellisuutta.<\/span><\/li><li><span class='lause'>Jos elokuva harhailee, ei katsoja voi ymm\u00e4rt\u00e4\u00e4 elokuvan tekij\u00e4n ajatuksenjuoksua. Leikkaamalla harhailevat p\u00e4tk\u00e4t voidaan rajata pois, jolloin ajatus pysyy ehe\u00e4mp\u00e4n\u00e4.<\/span><\/li><li><span class='lause'>Sijoittelu ja taustat vaikuttavat mielikuviin ja merkityksiin.<\/span><\/li><\/ul><div class='row'><div class='small-7 medium-5 columns'>&nbsp;<\/div><div class='small-5 medium-7 columns'><span class='lisaaja'>&ndash; Opiskelija<\/span><br><span class='pvm'>23.5.2018<\/span><\/div><\/div><ul><li><span class='lause'>Voiko todellisuutta leikata?<\/span><\/li><li><span class='lause'>L\u00e4mmin hiekka.<\/span><\/li><li><span class='lause'>Vaikuttaminen.<\/span><\/li><\/ul><div class='row'><div class='small-7 medium-5 columns'>&nbsp;<\/div><div class='small-5 medium-7 columns'><span class='lisaaja'>&ndash; Opettaja<\/span><br><span class='pvm'>23.5.2018<\/span><\/div><\/div><ul><li><span class='lause'>Leikkaaminen v\u00e4hent\u00e4\u00e4 turhaumaa tylsiss\u00e4 kohdissa.<\/span><\/li><li><span class='lause'>Konjuktioilla saa hyv\u00e4n tuntiteht\u00e4v\u00e4n.<\/span><\/li><li><span class='lause'>Leikkaaminen mahdollistaa kuvamateriaalin k\u00e4yt\u00f6n monenlaisiin tarkoituksiin.<\/span><\/li><\/ul><div class='row'><div class='small-7 medium-5 columns'>&nbsp;<\/div><div class='small-5 medium-7 columns'><span class='lisaaja'>&ndash; Opettaja<\/span><br><span class='pvm'>23.5.2018<\/span><\/div><\/div><ul><li><span class='lause'>Leikkaaminen vaikuttaa elokuvan \u201drytmiin\u201d. Esim. toimintaelokuvissa leikkaukset ovat nopeita, syntyy mielikuva ett\u00e4 kaikki tapahtuu nopeasti ja yht\u00e4 kertaa.<\/span><\/li><li><span class='lause'>Leikkaaminen on taitolaji. Taitava osaa tehd\u00e4 sen niin, ett\u00e4 katsoja tuskin huomaa sit\u00e4.<\/span><\/li><li><span class='lause'>Leikkaamalla v\u00e4ltyt\u00e4\u00e4n pitk\u00e4stytt\u00e4m\u00e4st\u00e4 katsojaa.<\/span><\/li><\/ul><div class='row'><div class='small-7 medium-5 columns'>&nbsp;<\/div><div class='small-5 medium-7 columns'><span class='lisaaja'>&ndash; Opettaja<\/span><br><span class='pvm'>23.5.2018<\/span><\/div><\/div><ul><li><span class='lause'>Sis\u00e4isess\u00e4 ajattelussa on rajauksia ja leikkauksia, jotka eiv\u00e4t v\u00e4lity katsojalle.<\/span><\/li><li><span class='lause'>Elokuvan leikkaus auttaa aikaa muuttumaan joustavaksi.<\/span><\/li><li><span class='lause'>Elokuvan leikkaus maksimoi katsojan osallisuuden.<\/span><\/li><\/ul><div class='row'><div class='small-7 medium-5 columns'>&nbsp;<\/div><div class='small-5 medium-7 columns'><span class='lisaaja'>&ndash; Opettaja<\/span><br><span class='pvm'>23.5.2018<\/span><\/div><\/div><ul><li><span class='lause'>Kaikkia ajatuksia ei voi esitt\u00e4\u00e4 suorina.<\/span><\/li><li><span class='lause'>Leikkauksella yhdistet\u00e4\u00e4n havaintoja toisiinsa.<\/span><\/li><li><span class='lause'>Odotukset siivitt\u00e4v\u00e4t kuvien kerrontaa.<\/span><\/li><\/ul><div class='row'><div class='small-7 medium-5 columns'>&nbsp;<\/div><div class='small-5 medium-7 columns'><span class='lisaaja'>&ndash; Opettaja<\/span><br><span class='pvm'>23.5.2018<\/span><\/div><\/div><ul><li><span class='lause'>Leikkaus tekee elokuvan.<\/span><\/li><li><span class='lause'>Monipuolisuus t\u00e4rke\u00e4\u00e4: l\u00e4hikuvaa ja kaukokuvaa sopivassa suhteessa<\/span><\/li><li><span class='lause'>Taitava kameran k\u00e4ytt\u00f6 her\u00e4tt\u00e4\u00e4 tunteita.<\/span><\/li><\/ul><div class='row'><div class='small-7 medium-5 columns'>&nbsp;<\/div><div class='small-5 medium-7 columns'><span class='lisaaja'>&ndash; Opettaja<\/span><br><span class='pvm'>23.5.2018<\/span><\/div><\/div><ul><li><span class='lause'>Oli mielenkiintoinen pieni yksityiskohta saada tiet\u00e4\u00e4, ett\u00e4 ennen elokuvat kirjaimellisesti leikattiin saksilla.<\/span><\/li><li><span class='lause'>Leikkaamalla saa todella luotua samanlaisesta tilanteesta hyvin erilaisia versioita ja se auttaa my\u00f6s elokuvan tekij\u00e4\u00e4 suuntamaan katsojan huomion olennaiseen.<\/span><\/li><li><span class='lause'>Montaasimenetelm\u00e4 on tehokas tapa nostaa esiin vastakohtia luomalla niist\u00e4 tunteita katsojalle.<\/span><\/li><\/ul><div class='row'><div class='small-7 medium-5 columns'>&nbsp;<\/div><div class='small-5 medium-7 columns'><span class='lisaaja'>&ndash; Opettaja<\/span><br><span class='pvm'>23.5.2018<\/span><\/div><\/div><ul><li><span class='lause'>Elokuva on erilainen v\u00e4line kuin kirja.<\/span><\/li><li><span class='lause'>Kuvaamisesta on tullut mahdollista kaikille, laadukas tuote vaatii leikkausta ja harjoittelua.<\/span><\/li><li><span class='lause'>Elokuvan avulla tunteiden esitt\u00e4minen on helpompaa kuin kertoen.<\/span><\/li><\/ul><div class='row'><div class='small-7 medium-5 columns'>&nbsp;<\/div><div class='small-5 medium-7 columns'><span class='lisaaja'>&ndash; Opettaja<\/span><br><span class='pvm'>28.9.2017<\/span><\/div><\/div><\/section>[\/vc_column_text][\/vc_column][\/vc_row]<\/p>\n","protected":false},"excerpt":{"rendered":"<p>[vc_row][vc_column][vc_empty_space][vc_column_text] Elokuvan perusasia nro 3: Leikkaus luo merkityksi\u00e4 [\/vc_column_text][\/vc_column][\/vc_row]<\/p>\n","protected":false},"author":1,"featured_media":0,"parent":0,"menu_order":0,"comment_status":"closed","ping_status":"closed","template":"","meta":[],"_links":{"self":[{"href":"https:\/\/kaikkikuvaa.fi\/edu\/wp-json\/wp\/v2\/pages\/932"}],"collection":[{"href":"https:\/\/kaikkikuvaa.fi\/edu\/wp-json\/wp\/v2\/pages"}],"about":[{"href":"https:\/\/kaikkikuvaa.fi\/edu\/wp-json\/wp\/v2\/types\/page"}],"author":[{"embeddable":true,"href":"https:\/\/kaikkikuvaa.fi\/edu\/wp-json\/wp\/v2\/users\/1"}],"replies":[{"embeddable":true,"href":"https:\/\/kaikkikuvaa.fi\/edu\/wp-json\/wp\/v2\/comments?post=932"}],"version-history":[{"count":5,"href":"https:\/\/kaikkikuvaa.fi\/edu\/wp-json\/wp\/v2\/pages\/932\/revisions"}],"predecessor-version":[{"id":975,"href":"https:\/\/kaikkikuvaa.fi\/edu\/wp-json\/wp\/v2\/pages\/932\/revisions\/975"}],"wp:attachment":[{"href":"https:\/\/kaikkikuvaa.fi\/edu\/wp-json\/wp\/v2\/media?parent=932"}],"curies":[{"name":"wp","href":"https:\/\/api.w.org\/{rel}","templated":true}]}}